{"id":1203,"date":"2025-07-14T14:56:28","date_gmt":"2025-07-14T12:56:28","guid":{"rendered":"https:\/\/life3g.de\/?page_id=1203"},"modified":"2025-08-24T14:50:39","modified_gmt":"2025-08-24T12:50:39","slug":"datenschutz_befragung","status":"publish","type":"page","link":"https:\/\/life3g.de\/en\/datenschutz_befragung\/","title":{"rendered":"Datenschutz Befragung"},"content":{"rendered":"\n<style type=\"text\/css\" data-created_by=\"avia_inline_auto\" id=\"style-css-av-mek16crs-1d02aa24b8b85a7aae5b070682cbc68f\">\n#top .hr.hr-invisible.av-mek16crs-1d02aa24b8b85a7aae5b070682cbc68f{\nheight:50px;\n}\n<\/style>\n<div  class='hr av-mek16crs-1d02aa24b8b85a7aae5b070682cbc68f hr-invisible  avia-builder-el-0  el_before_av_one_full  avia-builder-el-first '><span class='hr-inner '><span class=\"hr-inner-style\"><\/span><\/span><\/div>\n<div  class='flex_column av-av_one_full-41ee899840124b6993b57a87f996c353 av_one_full  avia-builder-el-1  el_after_av_hr  el_before_av_textblock  first flex_column_div  '     ><p><div  class='avia-button-wrap avia-button-center  avia-builder-el-2  el_before_av_hr  avia-builder-el-first '>\n<style type=\"text\/css\" data-created_by=\"avia_inline_auto\" id=\"style-css-av-av_button_big-998777911f3aa2aabcab1d9cc764e22c\">\n#top #wrap_all .avia-button.av-av_button_big-998777911f3aa2aabcab1d9cc764e22c{\nbox-shadow: 3px 3px 0 0 #a6a2e5;\ntransition:all 0.4s ease-in-out;\n}\n#top #wrap_all .avia-button.av-av_button_big-998777911f3aa2aabcab1d9cc764e22c:hover{\ncolor:white;\ntransition:all 0.4s ease-in-out;\n}\n<\/style>\n<a href='https:\/\/en.wikipedia.org\/wiki\/LifE_Study' class='avia-color-theme-color avia-font-color-theme-color avia-button avia-button-fullwidth av-av_button_big-998777911f3aa2aabcab1d9cc764e22c avia-icon_select-no avia-color-theme-color' target=\"_blank\" rel=\"noopener noreferrer\"><span class='avia_iconbox_title' >Please find further information about the LifE Study on Wikipedia in English language!<\/span><span class='avia_button_background avia-button avia-button-fullwidth avia-color-theme-color-highlight'><\/span><\/a><\/div><br \/>\n\n<style type=\"text\/css\" data-created_by=\"avia_inline_auto\" id=\"style-css-av-meporpbi-8096215b0e97dfcfb407f80a7b2d65e7\">\n#top .hr.hr-invisible.av-meporpbi-8096215b0e97dfcfb407f80a7b2d65e7{\nheight:30px;\n}\n<\/style>\n<div  class='hr av-meporpbi-8096215b0e97dfcfb407f80a7b2d65e7 hr-invisible  avia-builder-el-3  el_after_av_button_big  el_before_av_textblock  avia-builder-el-first '><span class='hr-inner '><span class=\"hr-inner-style\"><\/span><\/span><\/div><br \/>\n<section  class='av_textblock_section av-melbxx3e-cdb6030bd29b03676b098b8901f4a059 '   itemscope=\"itemscope\" itemtype=\"https:\/\/schema.org\/CreativeWork\" ><div class='avia_textblock'  itemprop=\"text\" ><h4><strong>Please find the English version of the &#8220;Information on Data Protection&#8221; below<\/strong><\/h4>\n<p>&#8212;&#8211;<\/p>\n<\/div><\/section><\/p><\/div><section  class='av_textblock_section av-mek164j2-9d39257a364405380259e441570202ff '   itemscope=\"itemscope\" itemtype=\"https:\/\/schema.org\/CreativeWork\" ><div class='avia_textblock'  itemprop=\"text\" ><h3><strong>Informationen zum Datenschutz<\/strong><\/h3>\n<p>Die vorliegende Erkl\u00e4rung beschreibt Ihnen, wie die personenbezogenen Daten, die Sie uns im Rahmen Ihrer Teilnahme bereitstellen, verarbeitet werden. Wir bitten Sie diese Erkl\u00e4rung sorgf\u00e4ltig zu lesen.<\/p>\n<p>Die Universit\u00e4t Potsdam koordiniert und erhebt die Daten im Rahmen der \u201e<strong>LifE<sup>3G<\/sup><\/strong>-Studie \u2212 Lebensverl\u00e4ufe von drei Familiengenerationen\u201c. Die Universit\u00e4ten Innsbruck und Z\u00fcrich haben bei konzeptionellen und inhaltlichen Fragen mitgewirkt. Die Universit\u00e4t Potsdam verarbeitet Ihre Daten unter Beachtung der geltenden datenschutzrechtlichen Bestimmungen, insbesondere der EU-Datenschutz-Grundverordnung (DSGVO) und des Brandenburgischen Datenschutzgesetzes (BbgDSG).<\/p>\n<h4><strong>Verantwortlich f\u00fcr die Verarbeitung Ihrer Daten ist:<\/strong><\/h4>\n<table>\n<tbody>\n<tr>\n<td width=\"604\">Universit\u00e4t Potsdam<\/p>\n<p>vertreten durch den Pr\u00e4sidenten, Herrn Prof. Oliver G\u00fcnther, Ph.D.<\/p>\n<p>Am Neuen Palais 10<\/p>\n<p>14469 Potsdam<\/p>\n<p>Telefon: +49 331 977-0<\/p>\n<p>Telefax: +49 331 97 21 63<\/p>\n<p>www.uni-potsdam.de<\/td>\n<\/tr>\n<\/tbody>\n<\/table>\n<h4><strong>Rechtsgrundlage der Datenverarbeitung<\/strong><\/h4>\n<p>Rechtsgrundlage f\u00fcr die Verarbeitung Ihrer Forschungsdaten ist die Verarbeitung besonderer Kategorien personenbezogener Daten (Art. 6 Abs. 1 S. 1 lit. a i.V.m. Art. 9 Abs. 2 lit. a DSGVO).<\/p>\n<h4><strong>Freiwilligkeit der Teilnahme und Widerrufsrecht<\/strong><\/h4>\n<p>Ihre Teilnahme an der Untersuchung ist selbstverst\u00e4ndlich freiwillig. Wenn Sie nicht daran teilnehmen m\u00f6chten, entstehen Ihnen keine Nachteile. Sie haben das Recht, keine Einwilligung zu erteilen bzw. Ihre Einwilligung jederzeit zu widerrufen. Durch den Widerruf der Einwilligung wird die Rechtm\u00e4\u00dfigkeit der aufgrund der Einwilligung bis zum Widerruf erfolgten Verarbeitung nicht ber\u00fchrt. F\u00fcr die Aus\u00fcbung des Widerrufsrechts bitte die unten angegebenen Kontaktdaten verwenden.<\/p>\n<h4><strong>Ziel der Studie<\/strong> <strong>und Zweck der Datenverarbeitung<\/strong><\/h4>\n<p>Zweck der Datenverarbeitung ist die Durchf\u00fchrung der Studie \u201e<strong>LifE<sup>3G <\/sup><\/strong>\u2212 Lebensverl\u00e4ufe von drei Familiengenerationen\u201c. Die Studie begann mit einer f\u00fcnfmaligen j\u00e4hrlichen Befragung Ihrer Eltern in der Jugend und einer dreimaligen Befragung Ihrer Eltern im Erwachsenenalter. Nachdem ein Teil Ihrer Gro\u00dfeltern in den 1980er Jahren an der Studie teilgenommen haben, soll nun auch Ihre Generation befragt werden. Die Studie wird so zu einer Drei-Generationen-Studie. Die Studie dient als unabh\u00e4ngige Sozialforschungs\u00adstudie ausschlie\u00dflich wissenschaftlichen Zwecken, um ein gutes Verst\u00e4ndnis vom Durchgang durch das Leben und von den Beziehungen zwischen famili\u00e4r miteinander verbundenen Generationen zu erzielen.<\/p>\n<h4><strong>Herkunft Ihrer Kontaktdaten<\/strong><\/h4>\n<p>Im Dezember 2024 haben wir Ihre Eltern angeschrieben und darum gebeten, Sie auf unser Vorhaben anzusprechen. Ihre Eltern haben uns Ihre Kontaktdaten \u00fcbermittelt, damit wir Ihnen eine Einladung zur Befragung schicken k\u00f6nnen.<\/p>\n<h4><strong>Umgang mit den Daten<\/strong><\/h4>\n<p>F\u00fcr den Umgang mit Ihren personenbezogenen Daten und den Angaben, die Sie beim Ausf\u00fcllen des Fragebogens machen, gelten folgende datenschutzkonforme Grunds\u00e4tze:<\/p>\n<ul>\n<li>Ihre Kontaktdaten werden an der Universit\u00e4t Potsdam gem\u00e4\u00df den Datenschutzrichtlinien unter strengem Verschluss aufbewahrt.<\/li>\n<li>Die durch das Ausf\u00fcllen des Fragebogens erhobenen Daten (Ihre Antworten) werden getrennt von Ihrem Klarnamen und Ihren Kontaktdaten unter Verwendung eines Pseudonyms (Codenummer) gespeichert. Die Codenummern werden ebenfalls unter strengem Verschluss aufbewahrt.<\/li>\n<li>Ihre pseudonymisierten Daten werden in der Folge mit den ebenfalls pseudonymisierten Daten Ihrer Eltern \u00fcber einen den Datenschutzgesetzgebungen entsprechend streng verwahrten Schl\u00fcssel (Nummer) verbunden.<\/li>\n<li>Nach der Verbindung der Daten wird ein vollst\u00e4ndig anonymisierter Datensatz erstellt, in welchem alle Codenummern bzw. Pseudonyme gel\u00f6scht werden. \u00dcber den so entstandenen vollst\u00e4ndig anonymisierten Datensatz sind jegliche R\u00fcckschl\u00fcsse auf einzelne Personen oder Familien unm\u00f6glich. Alle Auswertungen und Analysen werden nur auf der Grundlage dieses vollst\u00e4ndig anonymisierten Datensatzes vorgenommen und die gewonnenen Informationen werden ausschlie\u00dflich in anonymisierter Form berichtet.<\/li>\n<\/ul>\n<h4><strong>Empf\u00e4nger und Erfassung der Daten sowie Einwilligung<\/strong><\/h4>\n<p>Empf\u00e4nger Ihrer Daten ist die Universit\u00e4t Potsdam. Die pseudonymisierten Daten werden innerhalb des <strong>LifE<\/strong><sup><strong>3G<\/strong><\/sup>-Projektteams an die Universit\u00e4ten Innsbruck und Z\u00fcrich gegeben. Vollst\u00e4ndig anonymisierte Daten k\u00f6nnen auch an andere wissenschaftliche Einrichtungen und Personen weitergegeben werden.<\/p>\n<p>Durch Setzen eines Hakens bei der Einwilligungserkl\u00e4rung im Online-Fragebogen erkl\u00e4ren Sie sich damit einverstanden, dass Ihre personenbezogenen Daten sowie die Daten zu besonderen Kategorien (u.a. zu Schule, Beruf, Familie, Wertvorstellungen, Meinungen, Lebensstil und Gesundheit) zu rein wissenschaftlichen Zwecken in vollst\u00e4ndig anonymisierter Form ausgewertet werden. Zudem willigen Sie in die Weitergabe der Daten in v\u00f6llig anonymisierter Form zu ausschlie\u00dflich wissenschaftlichen Zwecken ein.<\/p>\n<h4><strong>Dauer der Datenspeicherung<\/strong><\/h4>\n<p>Bei Auslaufen der LifE<sup>3G<\/sup>-Studie werden Ihre Kontaktdaten unwiederbringlich gel\u00f6scht.<\/p>\n<h4><strong>Ihre Rechte gem\u00e4\u00df Art. 13 und 14 DSGVO:<\/strong><\/h4>\n<p>Sie haben das Recht, von uns Auskunft \u00fcber die Verarbeitung Sie betreffender, personenbezogener Daten zu verlangen. Dieses Auskunftsrecht umfasst neben einer Kopie der personenbezogenen Daten auch Angaben zu dem Zweck der Datenverarbeitung, Datenempf\u00e4ngern sowie der Speicherdauer.<\/p>\n<p>Sollten unrichtige personenbezogene Daten verarbeitet werden, k\u00f6nnen Sie von uns die Berichtigung dieser Daten verlangen. Liegen die gesetzlichen Voraussetzungen aus Art. 17 bzw. 18 DSGVO vor, steht Ihnen zudem grunds\u00e4tzlich das Recht auf L\u00f6schung personenbezogener Daten oder auf eine Einschr\u00e4nkung der Verarbeitung zu. Sie haben das Recht, Ihre personenbezogenen Daten in einem strukturierten, g\u00e4ngigen und maschinenlesbaren Format zu erhalten oder die \u00dcbermittlung an einen anderen Verantwortlichen zu verlangen (Art. 20 DSGVO). Soweit die Datenverarbeitung ohne Ihre Einwilligung zul\u00e4ssig ist, k\u00f6nnen Sie unter den Voraussetzungen von Art. 21 DSGVO der Verarbeitung widersprechen.<\/p>\n<p>Wenn Sie Fragen zu Ihren Rechten haben oder Ihnen etwas unklar ist, dann k\u00f6nnen Sie sich gerne an folgende Adresse wenden:<\/p>\n<p><strong>Prof. Dr. Wolfgang Lauterbach (Universit\u00e4t Potsdam, Humanwissenschaftliche Fakult\u00e4t, Karl-Liebknecht-Stra\u00dfe 24-25, 14476 Potsdam (<\/strong><a href=\"mailto:Wolfgang.Lauterbach@uni-potsdam.de\"><strong>Wolfgang.Lauterbach@uni-potsdam.de<\/strong><\/a><strong>, +49 331 977-2135).<\/strong><\/p>\n<p>Auskunft k\u00f6nnen Sie abweichend davon beim Chief Information Officer (Universit\u00e4t Potsdam, Karl-Liebknecht-Stra\u00dfe 24-25, 14476 Potsdam, https:\/\/www.uni-potsdam.de\/de\/cio\/index) beantragen.<\/p>\n<p>Falls Sie der Ansicht sind, dass die Verarbeitung Ihrer personenbezogenen Daten nicht rechtm\u00e4\u00dfig erfolgt, haben Sie das Recht, bei der zust\u00e4ndigen Aufsichtsbeh\u00f6rde f\u00fcr den Datenschutz eine Beschwerde einzureichen.<\/p>\n<p>Bei Fragen zum Datenschutz k\u00f6nnen Sie sich an den Datenschutzbeauftragten der Universit\u00e4t Potsdam wenden:<\/p>\n<p>Dr. Marek Kneis<\/p>\n<p>Am Neuen Palais 10<\/p>\n<p>14469 Potsdam<\/p>\n<p>Telefon: +49 331 977-124409<\/p>\n<p>Telefax: +49 331 977- 701821<\/p>\n<p>E-Mail: <a href=\"mailto:datenschutz@uni-potsdam.de\">datenschutz@uni-potsdam.de<\/a><\/p>\n<p><strong>\u00a0<\/strong><\/p>\n<p>Wir versichern Ihnen, dass alle Daten <strong>streng vertraulich<\/strong> behandelt werden und <strong>nur in vollst\u00e4ndig anonymisierter Form zu wissenschaftlichen Zwecken ausgewertet<\/strong> werden. Die <strong>Befragung erfolgt in voller \u00dcbereinstimmung mit der hier beschriebenen Datenschutzgesetzgebung.<\/strong> Bitte stimmen Sie durch das Setzen eines Hakens im Online-Fragebogen dieser Einwilligungserkl\u00e4rung zu. Wir hoffen sehr auf Ihre Teilnahme und danken Ihnen schon jetzt ganz herzlich daf\u00fcr.<\/p>\n<\/div><\/section><\/p>\n\n<style type=\"text\/css\" data-created_by=\"avia_inline_auto\" id=\"style-css-av-9ngn7-d260e9b3af5efb28f3383ac1aa5fbb8d\">\n#top .hr.hr-invisible.av-9ngn7-d260e9b3af5efb28f3383ac1aa5fbb8d{\nheight:30px;\n}\n<\/style>\n<div  class='hr av-9ngn7-d260e9b3af5efb28f3383ac1aa5fbb8d hr-invisible  avia-builder-el-6  el_after_av_textblock  el_before_av_textblock '><span class='hr-inner '><span class=\"hr-inner-style\"><\/span><\/span><\/div>\n<section  class='av_textblock_section av-melc1111-f3c86f2b55978ce4242d3faa3b209aa3 '   itemscope=\"itemscope\" itemtype=\"https:\/\/schema.org\/CreativeWork\" ><div class='avia_textblock'  itemprop=\"text\" ><h4>&#8212;&#8211;<\/h4>\n<h4><strong>Information on Data Protection<\/strong><\/h4>\n<p>This declaration explains how the personal data you provide in the context of your participation will be processed. Please read this declaration carefully.<\/p>\n<p>The University of Potsdam coordinates and collects the data within the framework of the study \u201c<strong>LifE<sup>3G<\/sup><\/strong> \u2013 Life Courses of Three Family Generations\u201d<em>.<\/em> The Universities of Innsbruck and Zurich have contributed to conceptual and content-related matters. The University of Potsdam processes your data in compliance with applicable data protection regulations, in particular the EU General Data Protection Regulation (DSGVO) and the Brandenburg Data Protection Act (BbgDSG).<\/p>\n<h4><strong>Responsible for processing your data is:<\/strong><\/h4>\n<table>\n<tbody>\n<tr>\n<td width=\"604\">University of Potsdam<\/p>\n<p>represented by the President, Prof. Oliver G\u00fcnther, Ph.D.<\/p>\n<p>Am Neuen Palais 10<\/p>\n<p>14469 Potsdam<\/p>\n<p>Phone: +49 331 977-0<\/p>\n<p>Fax: +49 331 97 21 63<\/p>\n<p>www.uni-potsdam.de<\/td>\n<\/tr>\n<\/tbody>\n<\/table>\n<h4><strong>Legal Basis for Data Processing<\/strong><\/h4>\n<p>The legal basis for processing your research data is the processing of special categories of personal data (Art. 6 para. 1 sentence 1 lit. a in conjunction with Art. 9 para. 2 lit. a DSGVO).<\/p>\n<h4><strong>Voluntary Participation and Right of Withdrawal<\/strong><\/h4>\n<p>Your participation in the study is, of course, voluntary. If you decide not to participate, you will not suffer any disadvantages. You have the right to withhold your consent or to withdraw your consent at any time. Withdrawal of consent does not affect the lawfulness of the processing carried out on the basis of the consent before its withdrawal. To exercise your right of withdrawal, please use the contact details provided below.<\/p>\n<h4><strong>Purpose of the Study and Data Processing<\/strong><\/h4>\n<p>The purpose of data processing is to conduct the study \u201c<strong>LifE<sup>3G<\/sup><\/strong> \u2013 Life Courses of Three Family Generations\u201d. The study began with five annual surveys of your parents during adolescence and three further surveys in adulthood. Since some of your grandparents already participated in the study in the 1980s, your generation will now also be surveyed, making this a three-generation study.<br \/>\nThis is an independent social science study conducted exclusively for scientific purposes, aiming to achieve a deeper understanding of life courses and relationships between family-linked generations.<\/p>\n<h4><strong>Source of Your Contact Details<\/strong><\/h4>\n<p>In December 2024, we contacted your parents and asked them to inform you about our project. Your parents then provided us with your contact details so that we could send you this invitation to participate.<\/p>\n<p><strong>Handling of Your Data<\/strong><\/p>\n<p>The following data protection principles apply to the handling of your personal data and the information you provide in the questionnaire:<\/p>\n<ul>\n<li>Your contact details are stored securely at the University of Potsdam in accordance with data protection regulations.<\/li>\n<li>The data collected from the questionnaire (your answers) are stored separately from your name and contact details under a pseudonym (code number). The code numbers are also kept securely.<\/li>\n<li>Your pseudonymised data will then be linked to the pseudonymised data of your parents using a strictly protected key (number) in compliance with data protection regulations.<\/li>\n<li>After linking, a fully anonymised dataset will be created in which all code numbers and pseudonyms are deleted. From this anonymised dataset, no conclusions can be drawn about individuals or families. All evaluations and analyses are based exclusively on this anonymised dataset, and results are presented only in anonymised form.<\/li>\n<\/ul>\n<p><strong>\u00a0<\/strong><\/p>\n<h4><strong>Recipients of the Data and Consent<\/strong><\/h4>\n<p>The recipient of your data is the University of Potsdam. Pseudonymised data will also be shared with the Universities of Innsbruck and Zurich within the LifE<sup>3G<\/sup> project team. Fully anonymised data may also be shared with other scientific institutions and researchers.<br \/>\nBy ticking the consent box in the online questionnaire, you agree that your personal data and special category data (e.g., related to education, work, family, values, opinions, lifestyle, and health) may be analysed exclusively for scientific purposes in a fully anonymised form. You also consent to the sharing of fully anonymised data for scientific purposes only.<\/p>\n<h4><strong>Data Retention<\/strong><\/h4>\n<p>At the conclusion of the LifE<sup>3G<\/sup> study, your contact details will be permanently deleted.<\/p>\n<h1><\/h1>\n<h4><strong>Your Rights under Articles 13 and 14 DSGVO<\/strong><\/h4>\n<p>You have the right to request information about the processing of your personal data. This includes a copy of your personal data as well as information on the purpose of processing, data recipients, and storage period.<br \/>\nIf inaccurate personal data are processed, you can request correction. Under the conditions of Articles 17 and 18 DSGVO, you may also have the right to deletion of your personal data or restriction of processing. You have the right to receive your personal data in a structured, commonly used, and machine-readable format, or to request transfer to another controller (Art. 20 DSGVO). Where data processing is permissible without your consent, you may object to processing under the conditions of Art. 21 DSGVO.<\/p>\n<p>If you have questions about your rights or if anything is unclear, please contact:<\/p>\n<p><strong>Prof. Dr. Wolfgang Lauterbach (University of Potsdam, Faculty of Human Sciences, Karl-Liebknecht-Stra\u00dfe 24-25, 14476 Potsdam (<\/strong><a href=\"mailto:Wolfgang.Lauterbach@uni-potsdam.de\"><strong>Wolfgang.Lauterbach@uni-potsdam.de<\/strong><\/a><strong>, +49 331 977-2135).<\/strong><\/p>\n<p>Alternatively, you may request information from the Chief Information Officer (University of Potsdam, Karl-Liebknecht-Stra\u00dfe 24\u201325, 14476 Potsdam, <a href=\"https:\/\/www.uni-potsdam.de\/de\/cio\/index\">https:\/\/www.uni-potsdam.de\/de\/cio\/index<\/a>).<\/p>\n<p>If you believe that your personal data is being processed unlawfully, you have the right to lodge a complaint with the competent data protection supervisory authority.<\/p>\n<p>For questions regarding data protection, you may contact the Data Protection Officer of the University of Potsdam:<\/p>\n<p>Dr. Marek Kneis<\/p>\n<p>Am Neuen Palais 10<\/p>\n<p>14469 Potsdam<\/p>\n<p>Phone: +49 331 977-124409<\/p>\n<p>Fax: +49 331 977-701821<\/p>\n<p>Email: <a href=\"mailto:datenschutz@uni-potsdam.de\">datenschutz@uni-potsdam.de<\/a><\/p>\n<p><strong>\u00a0<\/strong><\/p>\n<p>We assure you that all data will be treated <strong>strictly confidentially<\/strong> and analysed <strong>only in fully anonymised form for scientific purposes<\/strong>. The <strong>survey will be conducted in full compliance with the data protection regulations<\/strong> described above.<br \/>\nPlease indicate your agreement to this declaration of consent by ticking the checkbox in the online questionnaire. We sincerely hope for your participation and thank you warmly in advance.<\/p>\n<\/div><\/section>\n\n<style type=\"text\/css\" data-created_by=\"avia_inline_auto\" id=\"style-css-av-2h4egz-c4dc9eaafb2692844af09eaf3d517246\">\n#top .hr.hr-invisible.av-2h4egz-c4dc9eaafb2692844af09eaf3d517246{\nheight:30px;\n}\n<\/style>\n<div  class='hr av-2h4egz-c4dc9eaafb2692844af09eaf3d517246 hr-invisible  avia-builder-el-8  el_after_av_textblock  avia-builder-el-last '><span class='hr-inner '><span class=\"hr-inner-style\"><\/span><\/span><\/div>\n","protected":false},"excerpt":{"rendered":"","protected":false},"author":2,"featured_media":0,"parent":0,"menu_order":0,"comment_status":"closed","ping_status":"closed","template":"","meta":{"footnotes":""},"class_list":["post-1203","page","type-page","status-publish","hentry"],"_links":{"self":[{"href":"https:\/\/life3g.de\/en\/wp-json\/wp\/v2\/pages\/1203","targetHints":{"allow":["GET"]}}],"collection":[{"href":"https:\/\/life3g.de\/en\/wp-json\/wp\/v2\/pages"}],"about":[{"href":"https:\/\/life3g.de\/en\/wp-json\/wp\/v2\/types\/page"}],"author":[{"embeddable":true,"href":"https:\/\/life3g.de\/en\/wp-json\/wp\/v2\/users\/2"}],"replies":[{"embeddable":true,"href":"https:\/\/life3g.de\/en\/wp-json\/wp\/v2\/comments?post=1203"}],"version-history":[{"count":8,"href":"https:\/\/life3g.de\/en\/wp-json\/wp\/v2\/pages\/1203\/revisions"}],"predecessor-version":[{"id":1545,"href":"https:\/\/life3g.de\/en\/wp-json\/wp\/v2\/pages\/1203\/revisions\/1545"}],"wp:attachment":[{"href":"https:\/\/life3g.de\/en\/wp-json\/wp\/v2\/media?parent=1203"}],"curies":[{"name":"wp","href":"https:\/\/api.w.org\/{rel}","templated":true}]}}