{"id":276,"date":"2024-04-21T15:50:25","date_gmt":"2024-04-21T13:50:25","guid":{"rendered":"https:\/\/life3g.de\/?page_id=276"},"modified":"2024-12-17T14:40:14","modified_gmt":"2024-12-17T13:40:14","slug":"ergebnisse","status":"publish","type":"page","link":"https:\/\/life3g.de\/en\/die-studie\/ergebnisse\/","title":{"rendered":"Ergebnisse"},"content":{"rendered":"\n<style type=\"text\/css\" data-created_by=\"avia_inline_auto\" id=\"style-css-av-lvmhn1cc-40bf95c5ca566dd0169ea6328bd64317\">\n#top .hr.hr-invisible.av-lvmhn1cc-40bf95c5ca566dd0169ea6328bd64317{\nheight:8px;\n}\n<\/style>\n<div  class='hr av-lvmhn1cc-40bf95c5ca566dd0169ea6328bd64317 hr-invisible  avia-builder-el-0  el_before_av_heading  avia-builder-el-first '><span class='hr-inner '><span class=\"hr-inner-style\"><\/span><\/span><\/div>\n\n<style type=\"text\/css\" data-created_by=\"avia_inline_auto\" id=\"style-css-av-lv9l5he5-b52a75e904d61428144cc15c62818f20\">\n#top .av-special-heading.av-lv9l5he5-b52a75e904d61428144cc15c62818f20{\npadding-bottom:10px;\n}\nbody .av-special-heading.av-lv9l5he5-b52a75e904d61428144cc15c62818f20 .av-special-heading-tag .heading-char{\nfont-size:25px;\n}\n.av-special-heading.av-lv9l5he5-b52a75e904d61428144cc15c62818f20 .av-subheading{\nfont-size:15px;\n}\n<\/style>\n<div  class='av-special-heading av-lv9l5he5-b52a75e904d61428144cc15c62818f20 av-special-heading-h1 blockquote modern-quote  avia-builder-el-1  el_after_av_hr  el_before_av_textblock '><h1 class='av-special-heading-tag'  itemprop=\"headline\"  >Ergebnisse<\/h1><div class=\"special-heading-border\"><div class=\"special-heading-inner-border\"><\/div><\/div><\/div>\n<section  class='av_textblock_section av-lv9nz5g6-2ba190cb21882baf6eaccddbed99df51 '   itemscope=\"itemscope\" itemtype=\"https:\/\/schema.org\/CreativeWork\" ><div class='avia_textblock'  itemprop=\"text\" ><p>Durch die Untersuchung mehrerer Dom\u00e4nen und ihre lange Laufzeit hat die LifE-Studie zahlreiche und f\u00fcr den wissenschaftlichen Diskurs in den Disziplinen Psychologie, Soziologie sowie Erziehungs- und Bildungswissenschaft ma\u00dfgebliche Ergebnisse hervorgebracht:<\/p>\n<\/div><\/section>\n\n<style type=\"text\/css\" data-created_by=\"avia_inline_auto\" id=\"style-css-av-lv9nzf54-d14f37d6e958118ae509e8587bfc648d\">\n#top .av-special-heading.av-lv9nzf54-d14f37d6e958118ae509e8587bfc648d{\npadding-bottom:10px;\n}\nbody .av-special-heading.av-lv9nzf54-d14f37d6e958118ae509e8587bfc648d .av-special-heading-tag .heading-char{\nfont-size:25px;\n}\n.av-special-heading.av-lv9nzf54-d14f37d6e958118ae509e8587bfc648d .av-subheading{\nfont-size:15px;\n}\n<\/style>\n<div  class='av-special-heading av-lv9nzf54-d14f37d6e958118ae509e8587bfc648d av-special-heading-h3 blockquote modern-quote  avia-builder-el-3  el_after_av_textblock  el_before_av_textblock '><h3 class='av-special-heading-tag'  itemprop=\"headline\"  >Bildungs- und Berufsbereich<\/h3><div class=\"special-heading-border\"><div class=\"special-heading-inner-border\"><\/div><\/div><\/div>\n<section  class='av_textblock_section av-lv9nzkdr-361685ffbfad6798884f0208c054e54b '   itemscope=\"itemscope\" itemtype=\"https:\/\/schema.org\/CreativeWork\" ><div class='avia_textblock'  itemprop=\"text\" ><p>Die Studie zeigt eine fr\u00fchzeitige und hohe Vorhersagbarkeit von Bildungsabschl\u00fcssen und Berufskarrieren ab dem zw\u00f6lften Lebensjahr. Es wurde nachgewiesen, dass das Bildungssystem eine meritokratische Funktion hat, wobei schulische Leistungen den Hauptfaktor f\u00fcr Bildungsabschl\u00fcsse von hochbegabten Kindern aus unteren sozialen Schichten darstellen. Die Berufskarrieren von Kindern aus h\u00f6heren sozialen Schichten h\u00e4ngen weniger von kognitiven F\u00e4higkeiten ab, sondern sind stark von ihrer sozialen Herkunft gepr\u00e4gt. Die Studie untersuchte auch die langfristigen Auswirkungen verschiedener Schul- und Ausbildungsformen auf den Erwerbsverlauf, wobei das \u201etracking\u201c von Sch\u00fcler\/innen in unterschiedliche Schulformen betrachtet wurde. Die Hoffnung auf eine Verringerung der Bildungsungleichheit durch integrierte Schulen wurde nicht best\u00e4tigt.<\/p>\n<\/div><\/section>\n\n<style type=\"text\/css\" data-created_by=\"avia_inline_auto\" id=\"style-css-av-lv9nzth5-b819b58c70a417f85b7b6d15db65a638\">\n#top .av-special-heading.av-lv9nzth5-b819b58c70a417f85b7b6d15db65a638{\npadding-bottom:10px;\n}\nbody .av-special-heading.av-lv9nzth5-b819b58c70a417f85b7b6d15db65a638 .av-special-heading-tag .heading-char{\nfont-size:25px;\n}\n.av-special-heading.av-lv9nzth5-b819b58c70a417f85b7b6d15db65a638 .av-subheading{\nfont-size:15px;\n}\n<\/style>\n<div  class='av-special-heading av-lv9nzth5-b819b58c70a417f85b7b6d15db65a638 av-special-heading-h3 blockquote modern-quote  avia-builder-el-5  el_after_av_textblock  el_before_av_textblock '><h3 class='av-special-heading-tag'  itemprop=\"headline\"  >Soziale Beziehungen<\/h3><div class=\"special-heading-border\"><div class=\"special-heading-inner-border\"><\/div><\/div><\/div>\n<section  class='av_textblock_section av-lv9nzzct-2bc544bc265c0e7987bc8696d6cce79e '   itemscope=\"itemscope\" itemtype=\"https:\/\/schema.org\/CreativeWork\" ><div class='avia_textblock'  itemprop=\"text\" ><p>Die Studie zeigt eine Kontinuit\u00e4t und Vorhersagbarkeit in den sozialen Beziehungen vom sp\u00e4ten Kindesalter bis zum mittleren Erwachsenenalter. Fr\u00fche famili\u00e4re und freundschaftliche Beziehungserfahrungen haben langfristige Auswirkungen auf Partner- und Eltern-Kind-Beziehungen im Erwachsenenalter. Des Weiteren wurde festgestellt, dass enge und sichere Beziehungen im fr\u00fchen Familienleben entscheidende Bedingungen f\u00fcr das psychische Wohlbefinden, die emotionale Stabilit\u00e4t und die Lebenszufriedenheit im Erwachsenenalter sind. Im Geschlechterunterschied zeigte sich, dass im Vergleich Mutter-Tochter-Beziehungen langfristig die engsten und stabilsten Beziehungen sind. Dar\u00fcber hinaus war die Vorhersagekraft von famili\u00e4ren Erfahrungen f\u00fcr Frauen langfristig st\u00e4rker ausgepr\u00e4gt als f\u00fcr M\u00e4nner.<\/p>\n<\/div><\/section>\n\n<style type=\"text\/css\" data-created_by=\"avia_inline_auto\" id=\"style-css-av-lv9o06cd-90a7aa850fca50169ba384c2bfbd9bb9\">\n#top .av-special-heading.av-lv9o06cd-90a7aa850fca50169ba384c2bfbd9bb9{\npadding-bottom:10px;\n}\nbody .av-special-heading.av-lv9o06cd-90a7aa850fca50169ba384c2bfbd9bb9 .av-special-heading-tag .heading-char{\nfont-size:25px;\n}\n.av-special-heading.av-lv9o06cd-90a7aa850fca50169ba384c2bfbd9bb9 .av-subheading{\nfont-size:15px;\n}\n<\/style>\n<div  class='av-special-heading av-lv9o06cd-90a7aa850fca50169ba384c2bfbd9bb9 av-special-heading-h3 blockquote modern-quote  avia-builder-el-7  el_after_av_textblock  el_before_av_textblock '><h3 class='av-special-heading-tag'  itemprop=\"headline\"  >Intergenerationale Weitergabe von kulturellen, religi\u00f6sen und politischen Orientierungen<\/h3><div class=\"special-heading-border\"><div class=\"special-heading-inner-border\"><\/div><\/div><\/div>\n<section  class='av_textblock_section av-lv9o0fb9-faf15ed9ae6b0390ccf0bd34cbff7c53 '   itemscope=\"itemscope\" itemtype=\"https:\/\/schema.org\/CreativeWork\" ><div class='avia_textblock'  itemprop=\"text\" ><p>Bei der Weitergabe von kulturellen, religi\u00f6sen und politischen Orientierungen wurde eine bemerkenswerte Stabilit\u00e4t \u00fcber den Lebensverlauf hinweg aufgezeigt. Dabei zeigen sich das Elternhaus und die Schule als zentrale Einflussfaktoren f\u00fcr kulturelle, religi\u00f6se und politische Orientierungen im Erwachsenenalter. Die Schule spielt eine wichtige Rolle bei der Vermittlung solcher Orientierungen, die zu Hause nicht erfahren werden. Religi\u00f6se Bindungen entstehen vor allem durch elterliche Vorbilder und die Qualit\u00e4t der innerfamili\u00e4ren Kommunikation beeinflusst die Wertevermittlung ma\u00dfgeblich.<\/p>\n<\/div><\/section>\n\n<style type=\"text\/css\" data-created_by=\"avia_inline_auto\" id=\"style-css-av-lv9o0lno-d2c9d55150825bd684f3606fdb44790d\">\n#top .av-special-heading.av-lv9o0lno-d2c9d55150825bd684f3606fdb44790d{\npadding-bottom:10px;\n}\nbody .av-special-heading.av-lv9o0lno-d2c9d55150825bd684f3606fdb44790d .av-special-heading-tag .heading-char{\nfont-size:25px;\n}\n.av-special-heading.av-lv9o0lno-d2c9d55150825bd684f3606fdb44790d .av-subheading{\nfont-size:15px;\n}\n<\/style>\n<div  class='av-special-heading av-lv9o0lno-d2c9d55150825bd684f3606fdb44790d av-special-heading-h3 blockquote modern-quote  avia-builder-el-9  el_after_av_textblock  el_before_av_textblock '><h3 class='av-special-heading-tag'  itemprop=\"headline\"  >Pers\u00f6nlichkeit und Gesundheit<\/h3><div class=\"special-heading-border\"><div class=\"special-heading-inner-border\"><\/div><\/div><\/div>\n<section  class='av_textblock_section av-lv9o0zx9-c4339f6abc3c4bb7e0522ea02e656bb4 '   itemscope=\"itemscope\" itemtype=\"https:\/\/schema.org\/CreativeWork\" ><div class='avia_textblock'  itemprop=\"text\" ><p>Die Studie betrachtet Selbstwirksamkeit und Selbstwertgef\u00fchl als zentrale Prozesse der Handlungsf\u00e4higkeit und identifiziert ein niedriges Selbstwertgef\u00fchl als Vulnerabilit\u00e4tsfaktor f\u00fcr die Entwicklung von Depressionen im fr\u00fchen Erwachsenenalter. Die Beziehungsqualit\u00e4t zu Eltern, Gleichaltrigen und Partner\/innen ist eng mit dem Selbstwertgef\u00fchl verbunden. Berufliche und akademische Erfolge sind weniger voraussagekr\u00e4ftig f\u00fcr das Selbstwertgef\u00fchl und Depressionen, zeigen allerdings im Gesundheitsbereich Relevanz. Zudem beeinflussen Arbeitslosigkeit und Armutserfahrungen die psychische Gesundheit in diesem Bereich stark. Die LifE-Studie dokumentiert auch soziale Ver\u00e4nderungen im schulischen und famili\u00e4ren Umfeld \u00fcber drei Jahrzehnte hinweg, wobei eine Humanisierung der schulischen Bildung festgestellt wurde.<\/p>\n<\/div><\/section>\n\n<style type=\"text\/css\" data-created_by=\"avia_inline_auto\" id=\"style-css-av-av_hr-af89a52d51412774536fa272e468f7cd\">\n#top .hr.hr-invisible.av-av_hr-af89a52d51412774536fa272e468f7cd{\nheight:30px;\n}\n<\/style>\n<div  class='hr av-av_hr-af89a52d51412774536fa272e468f7cd hr-invisible  avia-builder-el-11  el_after_av_textblock  avia-builder-el-last '><span class='hr-inner '><span class=\"hr-inner-style\"><\/span><\/span><\/div>\n","protected":false},"excerpt":{"rendered":"","protected":false},"author":2,"featured_media":0,"parent":36,"menu_order":55,"comment_status":"closed","ping_status":"closed","template":"","meta":{"footnotes":""},"class_list":["post-276","page","type-page","status-publish","hentry"],"_links":{"self":[{"href":"https:\/\/life3g.de\/en\/wp-json\/wp\/v2\/pages\/276","targetHints":{"allow":["GET"]}}],"collection":[{"href":"https:\/\/life3g.de\/en\/wp-json\/wp\/v2\/pages"}],"about":[{"href":"https:\/\/life3g.de\/en\/wp-json\/wp\/v2\/types\/page"}],"author":[{"embeddable":true,"href":"https:\/\/life3g.de\/en\/wp-json\/wp\/v2\/users\/2"}],"replies":[{"embeddable":true,"href":"https:\/\/life3g.de\/en\/wp-json\/wp\/v2\/comments?post=276"}],"version-history":[{"count":7,"href":"https:\/\/life3g.de\/en\/wp-json\/wp\/v2\/pages\/276\/revisions"}],"predecessor-version":[{"id":1074,"href":"https:\/\/life3g.de\/en\/wp-json\/wp\/v2\/pages\/276\/revisions\/1074"}],"up":[{"embeddable":true,"href":"https:\/\/life3g.de\/en\/wp-json\/wp\/v2\/pages\/36"}],"wp:attachment":[{"href":"https:\/\/life3g.de\/en\/wp-json\/wp\/v2\/media?parent=276"}],"curies":[{"name":"wp","href":"https:\/\/api.w.org\/{rel}","templated":true}]}}