{"id":3,"date":"2024-03-13T11:01:00","date_gmt":"2024-03-13T10:01:00","guid":{"rendered":"https:\/\/life3g.de\/?page_id=3"},"modified":"2026-01-10T13:29:49","modified_gmt":"2026-01-10T12:29:49","slug":"datenschutzerklaerung","status":"publish","type":"page","link":"https:\/\/life3g.de\/en\/datenschutzerklaerung\/","title":{"rendered":"Datenschutzerkl\u00e4rung"},"content":{"rendered":"\r\n<p><strong><span style=\"font-family: 'Calibri',sans-serif;\">Datenschutzerkl\u00e4rung\u00a0<\/span><\/strong><\/p>\r\n<p>&nbsp;<\/p>\r\n<p><strong><span style=\"font-family: 'Calibri',sans-serif;\">1. Datenschutz auf einen Blick<\/span><\/strong><\/p>\r\n<p><strong><span style=\"font-family: 'Calibri',sans-serif;\">Allgemeine Hinweise:<\/span><\/strong><\/p>\r\n<p>Die folgenden Hinweise geben einen einfachen \u00dcberblick dar\u00fcber, was mit Ihren personenbezogenen Daten passiert, wenn Sie unsere Website besuchen. Personenbezogene Daten sind alle Daten, mit denen Sie pers\u00f6nlich identifiziert werden k\u00f6nnen. Ausf\u00fchrliche Informationen zum Thema Datenschutz entnehmen Sie unserer unter diesem Text aufgef\u00fchrten Datenschutzerkl\u00e4rung.<\/p>\r\n<p>&nbsp;<\/p>\r\n<p><strong><span style=\"font-family: 'Calibri',sans-serif;\">Datenerfassung auf unserer Website:<\/span><\/strong><\/p>\r\n<p><strong><span style=\"font-family: 'Calibri',sans-serif;\">Wer ist verantwortlich f\u00fcr die Datenerfassung auf dieser Website?<\/span><\/strong><\/p>\r\n<p>Die Datenverarbeitung auf dieser Website erfolgt durch den Websitebetreiber. Dessen Kontaktdaten k\u00f6nnen Sie dem Impressum dieser Website entnehmen:<\/p>\r\n<p>Prof. Wolfgang Lauterbach<br \/>Humanwissenschaftliche Fakult\u00e4t<br \/>Lehrstuhl f\u00fcr Sozialwissenschaftliche Bildungsforschung<br \/>Karl-Liebknecht-Str. 24-25<br \/>D-14476 Potsdam<br \/>0049 (0)331 977 2135<\/p>\r\n<p>Website: <a href=\"http:\/\/www.life3g.de\">www.life3g.de<\/a><\/p>\r\n<p>&nbsp;<\/p>\r\n<p><strong><span style=\"font-family: 'Calibri',sans-serif;\">Wie erfassen wir Ihre Daten?<\/span><\/strong><\/p>\r\n<p>Ihre Daten werden zum einen dadurch erhoben, dass Sie uns diese mitteilen. Hierbei kann es sich z.B. um Daten handeln, die Sie in ein Kontaktformular eingeben.<\/p>\r\n<p>Andere Daten werden automatisch beim Besuch der Website durch unsere IT-Systeme erfasst. Das sind vor allem technische Daten (z.B. Internetbrowser, Betriebssystem oder Uhrzeit des Seitenaufrufs). Die Erfassung dieser Daten erfolgt automatisch, sobald Sie unsere Website betreten.<\/p>\r\n<p>&nbsp;<\/p>\r\n<p><strong><span style=\"font-family: 'Calibri',sans-serif;\">Cookies:<\/span><\/strong><\/p>\r\n<p>Beim Besuch unserer Webseite werden sogenannte \u201eSession-Cookies\u201c auf Ihrem Rechner abgelegt und gespeichert. Cookies sind kleine Textdateien, die dazu dienen, unser Internetangebot nutzerfreundlicher, effektiver und sicherer zu machen. Sie richten auf Ihrem Rechner keinen Schaden an und enthalten keine Viren. In der Regel werden Session-Cookies nach Ende Ihres Besuches automatisch gel\u00f6scht. Sie haben die M\u00f6glichkeit, durch entsprechende Einstellungen in Ihrem Browser das Speichern von Cookies zu deaktivieren. Bitte beachten Sie, dass Sie durch die Deaktivierung gegebenenfalls nicht alle Funktionen unserer Webseite vollumf\u00e4nglich nutzen k\u00f6nnen.<\/p>\r\n<p>&nbsp;<\/p>\r\n<p><strong><span style=\"font-family: 'Calibri',sans-serif;\">Wof\u00fcr nutzen wir Ihre Daten? <\/span><\/strong><\/p>\r\n<p>Ihre Daten werden erhoben, um eine fehlerfreie Bereitstellung der Website zu gew\u00e4hrleisten.\u00a0<\/p>\r\n<p>&nbsp;<\/p>\r\n<p><strong><span style=\"font-family: 'Calibri',sans-serif;\">Welche Rechte haben Sie bez\u00fcglich Ihrer Daten?<\/span><\/strong><\/p>\r\n<p>Sie haben jederzeit das Recht unentgeltlich Auskunft \u00fcber Herkunft, Empf\u00e4nger und Zweck Ihrer gespeicherten personenbezogenen Daten zu erhalten. Sie haben au\u00dferdem ein Recht, die Berichtigung, Sperrung oder L\u00f6schung dieser Daten zu verlangen. Hierzu sowie zu weiteren Fragen zum Thema Datenschutz k\u00f6nnen Sie sich jederzeit unter der im Impressum angegebenen Adresse an uns wenden. Des Weiteren steht Ihnen ein Beschwerderecht bei der zust\u00e4ndigen Aufsichtsbeh\u00f6rde zu.<\/p>\r\n<p>&nbsp;<\/p>\r\n<p><strong><span style=\"font-family: 'Calibri',sans-serif;\">2. Allgemeine Hinweise und Pflichtinformationen<\/span><\/strong><\/p>\r\n<p><strong><span style=\"font-family: 'Calibri',sans-serif;\">Datenschutz:<\/span><\/strong><\/p>\r\n<p>Die Betreiber dieser Seiten nehmen den Schutz Ihrer pers\u00f6nlichen Daten sehr ernst. Wir behandeln Ihre personenbezogenen Daten vertraulich und entsprechend der gesetzlichen Datenschutzvorschriften sowie dieser Datenschutzerkl\u00e4rung.<\/p>\r\n<p>Wenn Sie diese Website benutzen, werden verschiedene personenbezogene Daten erhoben. Personenbezogene Daten sind Daten, mit denen Sie pers\u00f6nlich identifiziert werden k\u00f6nnen. Die vorliegende Datenschutzerkl\u00e4rung erl\u00e4utert, welche Daten wir erheben und wof\u00fcr wir sie nutzen. Sie erl\u00e4utert auch, wie und zu welchem Zweck das geschieht.<\/p>\r\n<p>&nbsp;<\/p>\r\n<p><strong><span style=\"font-family: 'Calibri',sans-serif;\">Hinweis zur verantwortlichen Stelle:<\/span><\/strong><\/p>\r\n<p>Die verantwortliche Stelle f\u00fcr die Datenverarbeitung auf dieser Website ist:<\/p>\r\n<p>Universit\u00e4t Potsdam, Campus Golm<br \/>Karl-Liebknecht-Str. 24-25<br \/>14476 Potsdam Golm<br \/>Deutschland<br \/>Haus 24 Raum 1.68<\/p>\r\n<p>&nbsp;<\/p>\r\n<p><strong><span style=\"font-family: 'Calibri',sans-serif;\">Widerruf Ihrer Einwilligung zur Datenverarbeitung:<\/span><\/strong><\/p>\r\n<p>Viele Datenverarbeitungsvorg\u00e4nge sind nur mit Ihrer ausdr\u00fccklichen Einwilligung m\u00f6glich. Sie k\u00f6nnen eine bereits erteilte Einwilligung jederzeit widerrufen. Dazu reicht eine formlose Mitteilung per E-Mail an uns. Die Rechtm\u00e4\u00dfigkeit der bis zum Widerruf erfolgten Datenverarbeitung bleibt vom Widerruf unber\u00fchrt.<\/p>\r\n<p>&nbsp;<\/p>\r\n<p><strong><span style=\"font-family: 'Calibri',sans-serif;\">Beschwerderecht bei der zust\u00e4ndigen Aufsichtsbeh\u00f6rde:<\/span><\/strong><\/p>\r\n<p>Im Falle datenschutzrechtlicher Verst\u00f6\u00dfe steht dem Betroffenen ein Beschwerderecht bei der zust\u00e4ndigen Aufsichtsbeh\u00f6rde zu. Zust\u00e4ndige Aufsichtsbeh\u00f6rde in datenschutzrechtlichen Fragen ist der Landesdatenschutzbeauftragte des Bundeslandes, in dem unser Unternehmen seinen Sitz hat. Ein direkter Link und Kontaktdaten k\u00f6nnen \u00fcber die offizielle Website der Landesdatenschutzbeauftragten abgerufen werden.<\/p>\r\n","protected":false},"excerpt":{"rendered":"<p>Datenschutzerkl\u00e4rung\u00a0 &nbsp; 1. Datenschutz auf einen Blick Allgemeine Hinweise: Die folgenden Hinweise geben einen einfachen \u00dcberblick dar\u00fcber, was mit Ihren personenbezogenen Daten passiert, wenn Sie unsere Website besuchen. Personenbezogene Daten sind alle Daten, mit denen Sie pers\u00f6nlich identifiziert werden k\u00f6nnen. Ausf\u00fchrliche Informationen zum Thema Datenschutz entnehmen Sie unserer unter diesem Text aufgef\u00fchrten Datenschutzerkl\u00e4rung. &nbsp; Datenerfassung [&hellip;]<\/p>\n","protected":false},"author":1,"featured_media":0,"parent":0,"menu_order":0,"comment_status":"closed","ping_status":"open","template":"","meta":{"footnotes":""},"class_list":["post-3","page","type-page","status-publish","hentry"],"_links":{"self":[{"href":"https:\/\/life3g.de\/en\/wp-json\/wp\/v2\/pages\/3","targetHints":{"allow":["GET"]}}],"collection":[{"href":"https:\/\/life3g.de\/en\/wp-json\/wp\/v2\/pages"}],"about":[{"href":"https:\/\/life3g.de\/en\/wp-json\/wp\/v2\/types\/page"}],"author":[{"embeddable":true,"href":"https:\/\/life3g.de\/en\/wp-json\/wp\/v2\/users\/1"}],"replies":[{"embeddable":true,"href":"https:\/\/life3g.de\/en\/wp-json\/wp\/v2\/comments?post=3"}],"version-history":[{"count":6,"href":"https:\/\/life3g.de\/en\/wp-json\/wp\/v2\/pages\/3\/revisions"}],"predecessor-version":[{"id":1541,"href":"https:\/\/life3g.de\/en\/wp-json\/wp\/v2\/pages\/3\/revisions\/1541"}],"wp:attachment":[{"href":"https:\/\/life3g.de\/en\/wp-json\/wp\/v2\/media?parent=3"}],"curies":[{"name":"wp","href":"https:\/\/api.w.org\/{rel}","templated":true}]}}