{"id":39,"date":"2024-03-13T15:02:56","date_gmt":"2024-03-13T14:02:56","guid":{"rendered":"https:\/\/life3g.de\/?page_id=39"},"modified":"2024-11-28T17:00:31","modified_gmt":"2024-11-28T16:00:31","slug":"beschreibung","status":"publish","type":"page","link":"https:\/\/life3g.de\/en\/die-studie\/beschreibung\/","title":{"rendered":"Beschreibung"},"content":{"rendered":"<div  class='flex_column av-3zgjb-68f07dc86c450000d50715e8386537ee av_one_full  avia-builder-el-0  el_before_av_hr  avia-builder-el-first  first flex_column_div  '     ><p>\n<style type=\"text\/css\" data-created_by=\"avia_inline_auto\" id=\"style-css-av-lvmhdvgt-9bf4092f8fb11794aa41a3f64359d720\">\n#top .hr.hr-invisible.av-lvmhdvgt-9bf4092f8fb11794aa41a3f64359d720{\nheight:8px;\n}\n<\/style>\n<div  class='hr av-lvmhdvgt-9bf4092f8fb11794aa41a3f64359d720 hr-invisible  avia-builder-el-1  el_before_av_heading  avia-builder-el-first '><span class='hr-inner '><span class=\"hr-inner-style\"><\/span><\/span><\/div><br \/>\n\n<style type=\"text\/css\" data-created_by=\"avia_inline_auto\" id=\"style-css-av-ltpxuobs-e6919d1525c31fa7705346e1dba8a94c\">\n#top .av-special-heading.av-ltpxuobs-e6919d1525c31fa7705346e1dba8a94c{\npadding-bottom:10px;\n}\nbody .av-special-heading.av-ltpxuobs-e6919d1525c31fa7705346e1dba8a94c .av-special-heading-tag .heading-char{\nfont-size:25px;\n}\n.av-special-heading.av-ltpxuobs-e6919d1525c31fa7705346e1dba8a94c .av-subheading{\nfont-size:15px;\n}\n<\/style>\n<div  class='av-special-heading av-ltpxuobs-e6919d1525c31fa7705346e1dba8a94c av-special-heading-h1 blockquote modern-quote  avia-builder-el-2  el_after_av_hr  el_before_av_textblock '><h1 class='av-special-heading-tag'  itemprop=\"headline\"  >Die LifE-Studie<\/h1><div class=\"special-heading-border\"><div class=\"special-heading-inner-border\"><\/div><\/div><\/div><br \/>\n<section  class='av_textblock_section av-lvpaycdo-e8f8325ab2ad5519988d27e0453c3931 '   itemscope=\"itemscope\" itemtype=\"https:\/\/schema.org\/CreativeWork\" ><div class='avia_textblock'  itemprop=\"text\" ><p>LifE ist die l\u00e4ngste Langzeitstudie zu Lebensverl\u00e4ufen und Generationenbeziehungen im deutschsprachigen Raum; weltweit geh\u00f6rt sie zu den wenigen Studien dieser Art, die seit \u00fcber vier Jahrzehnten laufen.<\/p>\n<p>In der LifE-Studie werden die gleichen rund 2.000 Frauen und M\u00e4nner immer wieder befragt \u2013 1979 im Alter von ca. 12 Jahren zum ersten Mal, und 2024 im Alter von ca. 57 Jahren zum achten Mal. Anhand der gewonnenen Daten kann die individuelle Entwicklung von Menschen nachvollzogen werden; entsprechend steht der fr\u00fchere Studienname \u201eLifE\u201c f\u00fcr \u201eLebensverl\u00e4ufe ins fr\u00fche bzw. fortgeschrittene Erwachsenenalter\u201c. Mit der Befragung 2024 wurde der Titel zu \u201eLifE<sup>3G<\/sup> \u2013 Lebensverl\u00e4ufe von drei Familiengenerationen\u201c ge\u00e4ndert, da mit der Befragung der LifE-Generation und ihrer Kinder \u2013 2025 werden erstmals m\u00f6glichst alle Kinder befragt \u2013 Daten zu drei Generationen der jeweils gleichen Familien vorliegen; die Eltern der LifE-Generation waren parallel zu deren zweiten und dritten Befragung ebenfalls befragt worden (Multi-Akteur\/Multi-Akteurinnen-Ansatz). Die Daten erlauben die Erforschung von famili\u00e4ren Einfl\u00fcssen auf die j\u00fcngere Generation, z.B. auf ihre Einstellungen oder ihre berufliche Entwicklung. Stets werden dabei auch kulturelle Einfl\u00fcsse und der gesellschaftliche Wandel ber\u00fccksichtigt.<\/p>\n<p>Ein weiteres Alleinstellungsmerkmal der LifE-Studie ist ihr Multi-Dom\u00e4nen-Ansatz, demzufolge Erkenntnisse zu verschiedenen Lebensbereichen, z.B. Bildung und Beruf, Familienbeziehungen, Partnerschaft, kulturelle, religi\u00f6se und politische Orientierungen sowie Pers\u00f6nlichkeit und Gesundheit, gewonnen werden.<\/p>\n<p>Die Herangehensweise in der LifE-Studie ist interdisziplin\u00e4r mit Fragestellungen aus der Bildungswissenschaft, Erziehungswissenschaft, Soziologie und Psychologie.<\/p>\n<p>In der wissenschaftlichen Diskussion nehmen die Ergebnisse der LifE-Studie eine ma\u00dfgebliche Rolle ein und haben eine wichtige Bedeutung f\u00fcr p\u00e4dagogisches Handeln und politische Entscheidungen, u.a. in Bezug auf Bildungschancen und -gerechtigkeit und Teilhabem\u00f6glichkeiten.<\/p>\n<\/div><\/section><\/p><\/div>\n\n<style type=\"text\/css\" data-created_by=\"avia_inline_auto\" id=\"style-css-av-lvpb022k-b8e647c39b5b6058345f752d4008ca39\">\n#top .hr.hr-invisible.av-lvpb022k-b8e647c39b5b6058345f752d4008ca39{\nheight:30px;\n}\n<\/style>\n<div  class='hr av-lvpb022k-b8e647c39b5b6058345f752d4008ca39 hr-invisible  avia-builder-el-4  el_after_av_one_full  avia-builder-el-last '><span class='hr-inner '><span class=\"hr-inner-style\"><\/span><\/span><\/div>\n","protected":false},"excerpt":{"rendered":"","protected":false},"author":1,"featured_media":0,"parent":36,"menu_order":10,"comment_status":"closed","ping_status":"closed","template":"","meta":{"footnotes":""},"class_list":["post-39","page","type-page","status-publish","hentry"],"_links":{"self":[{"href":"https:\/\/life3g.de\/en\/wp-json\/wp\/v2\/pages\/39","targetHints":{"allow":["GET"]}}],"collection":[{"href":"https:\/\/life3g.de\/en\/wp-json\/wp\/v2\/pages"}],"about":[{"href":"https:\/\/life3g.de\/en\/wp-json\/wp\/v2\/types\/page"}],"author":[{"embeddable":true,"href":"https:\/\/life3g.de\/en\/wp-json\/wp\/v2\/users\/1"}],"replies":[{"embeddable":true,"href":"https:\/\/life3g.de\/en\/wp-json\/wp\/v2\/comments?post=39"}],"version-history":[{"count":26,"href":"https:\/\/life3g.de\/en\/wp-json\/wp\/v2\/pages\/39\/revisions"}],"predecessor-version":[{"id":1124,"href":"https:\/\/life3g.de\/en\/wp-json\/wp\/v2\/pages\/39\/revisions\/1124"}],"up":[{"embeddable":true,"href":"https:\/\/life3g.de\/en\/wp-json\/wp\/v2\/pages\/36"}],"wp:attachment":[{"href":"https:\/\/life3g.de\/en\/wp-json\/wp\/v2\/media?parent=39"}],"curies":[{"name":"wp","href":"https:\/\/api.w.org\/{rel}","templated":true}]}}