{"id":41,"date":"2024-03-13T15:04:16","date_gmt":"2024-03-13T14:04:16","guid":{"rendered":"https:\/\/life3g.de\/?page_id=41"},"modified":"2025-08-11T13:58:05","modified_gmt":"2025-08-11T11:58:05","slug":"geschichte-von-life","status":"publish","type":"page","link":"https:\/\/life3g.de\/en\/die-studie\/geschichte-von-life\/","title":{"rendered":"Geschichte"},"content":{"rendered":"\n<style type=\"text\/css\" data-created_by=\"avia_inline_auto\" id=\"style-css-av-lvmhgjp1-0c17500f9f8b3e1a531bba26dc232812\">\n#top .hr.hr-invisible.av-lvmhgjp1-0c17500f9f8b3e1a531bba26dc232812{\nheight:8px;\n}\n<\/style>\n<div  class='hr av-lvmhgjp1-0c17500f9f8b3e1a531bba26dc232812 hr-invisible  avia-builder-el-0  el_before_av_heading  avia-builder-el-first '><span class='hr-inner '><span class=\"hr-inner-style\"><\/span><\/span><\/div>\n\n<style type=\"text\/css\" data-created_by=\"avia_inline_auto\" id=\"style-css-av-ltpvglsr-902ccefc26a19eb6ecdcccbf4b4318da\">\n#top .av-special-heading.av-ltpvglsr-902ccefc26a19eb6ecdcccbf4b4318da{\npadding-bottom:10px;\n}\nbody .av-special-heading.av-ltpvglsr-902ccefc26a19eb6ecdcccbf4b4318da .av-special-heading-tag .heading-char{\nfont-size:25px;\n}\n.av-special-heading.av-ltpvglsr-902ccefc26a19eb6ecdcccbf4b4318da .av-subheading{\nfont-size:15px;\n}\n<\/style>\n<div  class='av-special-heading av-ltpvglsr-902ccefc26a19eb6ecdcccbf4b4318da av-special-heading-h1 blockquote modern-quote  avia-builder-el-1  el_after_av_hr  el_before_av_one_half '><h1 class='av-special-heading-tag'  itemprop=\"headline\"  >Die Geschichte von LifE<\/h1><div class=\"special-heading-border\"><div class=\"special-heading-inner-border\"><\/div><\/div><\/div>\n<div  class='flex_column av-7q5ax-48fadfd0583ff568a6f28ea34688ea7d av_one_half  avia-builder-el-2  el_after_av_heading  el_before_av_one_half  first flex_column_div  '     ><p>\n<style type=\"text\/css\" data-created_by=\"avia_inline_auto\" id=\"style-css-av-lvmhhcyd-c7e98d3e09ec3e11f17155b61a36c497\">\n#top .hr.hr-invisible.av-lvmhhcyd-c7e98d3e09ec3e11f17155b61a36c497{\nheight:20px;\n}\n<\/style>\n<div  class='hr av-lvmhhcyd-c7e98d3e09ec3e11f17155b61a36c497 hr-invisible  avia-builder-el-3  el_before_av_heading  avia-builder-el-first '><span class='hr-inner '><span class=\"hr-inner-style\"><\/span><\/span><\/div><br \/>\n\n<style type=\"text\/css\" data-created_by=\"avia_inline_auto\" id=\"style-css-av-lu2yc2sd-84f16bdf3b44a226df6423e6d73452e2\">\n#top .av-special-heading.av-lu2yc2sd-84f16bdf3b44a226df6423e6d73452e2{\nmargin:35px 0 0 0;\npadding-bottom:10px;\n}\nbody .av-special-heading.av-lu2yc2sd-84f16bdf3b44a226df6423e6d73452e2 .av-special-heading-tag .heading-char{\nfont-size:25px;\n}\n.av-special-heading.av-lu2yc2sd-84f16bdf3b44a226df6423e6d73452e2 .av-subheading{\nfont-size:15px;\n}\n<\/style>\n<div  class='av-special-heading av-lu2yc2sd-84f16bdf3b44a226df6423e6d73452e2 av-special-heading-h3 blockquote modern-quote  avia-builder-el-4  el_after_av_hr  el_before_av_textblock '><h3 class='av-special-heading-tag'  itemprop=\"headline\"  >Konstanzer Jugendstudie<\/h3><div class=\"special-heading-border\"><div class=\"special-heading-inner-border\"><\/div><\/div><\/div><br \/>\n<section  class='av_textblock_section av-6xiqx-ee75f206110373f65234834effcc74f3 '   itemscope=\"itemscope\" itemtype=\"https:\/\/schema.org\/CreativeWork\" ><div class='avia_textblock'  itemprop=\"text\" ><p>Im Jahr 1979 f\u00fchrte der Bildungswissenschaftler und damalige Professor an der Universit\u00e4t Konstanz, Helmut Fend, eine Befragung von rund 2.000 Sch\u00fclerinnen und Sch\u00fclern der 6. Klasse in Frankfurt am Main sowie in den Landkreisen Odenwald und Bergstra\u00dfe durch. Sie wurden gebeten, eine Reihe von schriftlichen Fragen zu beantworten, v.a. zu den Erfolgen und Schwierigkeiten in der Schule, zur Situation in der Familie und im Freundeskreis w\u00e4hrend der Pubert\u00e4t. Auch in den folgenden vier Jahren f\u00fcllten die gleichen Heranwachsenden den gleichen Fragebogen aus; zwei Mal wurden auch ihre Eltern befragt. Im Mittelpunkt dieser \u201eKonstanzer Jugendstudie\u201c, einer Langzeitstudie, standen die Fragen, wie Jugendliche die psychischen und sozialen Entwicklungsaufgaben dieser Lebensphase bew\u00e4ltigen, und ob Voraussetzungen f\u00fcr eine mehr oder weniger gelingende Bew\u00e4ltigung erkannt werden k\u00f6nnen.<\/p>\n<\/div><\/section><\/p><\/div><div  class='flex_column av-3tyb9-e7b065c767b225b93d9975c57dbcc914 av_one_half  avia-builder-el-6  el_after_av_one_half  el_before_av_one_full  flex_column_div  '     ><p>\n<style type=\"text\/css\" data-created_by=\"avia_inline_auto\" id=\"style-css-av-lu2yqw0l-2a3d24df1d1d369ca58df29080ecd6be\">\n#top .hr.hr-invisible.av-lu2yqw0l-2a3d24df1d1d369ca58df29080ecd6be{\nheight:58px;\n}\n<\/style>\n<div  class='hr av-lu2yqw0l-2a3d24df1d1d369ca58df29080ecd6be hr-invisible  avia-builder-el-7  el_before_av_timeline  avia-builder-el-first '><span class='hr-inner '><span class=\"hr-inner-style\"><\/span><\/span><\/div><br \/>\n<div  id=\"avia-timeline-1\"  class='avia-timeline-container av-37wy5-796fd981caec8f4b70e249bc548e1252 av-slideshow-ui  avia-builder-el-8  el_after_av_hr  avia-builder-el-last  av-small-hide av-mini-hide' ><ul class='avia-timeline avia-timeline-vertical av-milestone-placement-right avia-timeline- avia_animate_when_almost_visible avia-timeline-animate'>\n<li  class='av-milestone av-2ry0x-23ff953ba1c2ddd81ae9dd90d3b645e9 av-animated-generic fade-in av-milestone-valign-baseline av-milestone-odd'><h2 class='av-milestone-date ' id='milestone-1979-1983'><strong>1979-1983<span class='av-milestone-indicator'><\/span><\/strong><\/h2><article class='av-milestone-content-wrap'><div class='av-milestone-contentbox'><header class=\"entry-content-header\"><h4 class='av-milestone-title '>Konstanzer Jugendstudie<\/h4><\/header><div class='av-milestone-content'><\/div><\/div><footer class='av-milestone-article-footer entry-footer'><\/footer><\/article><div class=\"av-milestone-icon-wrap\"><span class='av-milestone-icon milestone_icon avia-font-entypo-fontello'><span class='av-milestone-icon-inner milestone_inner'><i class='milestone-char' aria-hidden='true' data-av_icon='\ue811' data-av_iconfont='entypo-fontello'><\/i><\/span><\/span><\/div><h2 class='av-milestone-date ' id='milestone-1979-1983'><strong>1979-1983<span class='av-milestone-indicator'><\/span><\/strong><\/h2><\/li>\n<li  class='av-milestone av-1w00x-fbe355142c5fcea6c7b439589845ec3b av-animated-generic fade-in av-milestone-valign-baseline av-milestone-even'><h2 class='av-milestone-date ' id='milestone-2002'><strong>2002<span class='av-milestone-indicator'><\/span><\/strong><\/h2><article class='av-milestone-content-wrap'><div class='av-milestone-contentbox'><header class=\"entry-content-header\"><h4 class='av-milestone-title '>Lebensverl\u00e4ufe<br \/>\nins fr\u00fche<br \/>\nErwachsenenalter<\/h4><\/header><div class='av-milestone-content'><\/div><\/div><footer class='av-milestone-article-footer entry-footer'><\/footer><\/article><div class=\"av-milestone-icon-wrap\"><span class='av-milestone-icon milestone_icon avia-font-entypo-fontello'><span class='av-milestone-icon-inner milestone_inner'><i class='milestone-char' aria-hidden='true' data-av_icon='\ue811' data-av_iconfont='entypo-fontello'><\/i><\/span><\/span><\/div><h2 class='av-milestone-date ' id='milestone-2002'><strong>2002<span class='av-milestone-indicator'><\/span><\/strong><\/h2><\/li>\n<li  class='av-milestone av-1qrit-a78e14835fc7858b35d9298fc9b42232 av-animated-generic fade-in av-milestone-valign-baseline av-milestone-odd'><h2 class='av-milestone-date ' id='milestone-2012'><strong>2012<span class='av-milestone-indicator'><\/span><\/strong><\/h2><article class='av-milestone-content-wrap'><div class='av-milestone-contentbox'><header class=\"entry-content-header\"><h4 class='av-milestone-title '>Lebensverl\u00e4ufe ins fortgeschrittene Erwachsenenalter<\/h4><\/header><div class='av-milestone-content'><\/div><\/div><footer class='av-milestone-article-footer entry-footer'><\/footer><\/article><div class=\"av-milestone-icon-wrap\"><span class='av-milestone-icon milestone_icon avia-font-entypo-fontello'><span class='av-milestone-icon-inner milestone_inner'><i class='milestone-char' aria-hidden='true' data-av_icon='\ue811' data-av_iconfont='entypo-fontello'><\/i><\/span><\/span><\/div><h2 class='av-milestone-date ' id='milestone-2012'><strong>2012<span class='av-milestone-indicator'><\/span><\/strong><\/h2><\/li>\n<li  class='av-milestone av-lu2yfae8-9f6092262cc7ded9086bd9253b986e9c av-animated-generic fade-in av-milestone-valign-baseline av-milestone-even'><h2 class='av-milestone-date ' id='milestone-2024-2025'><strong>2024-2025<span class='av-milestone-indicator'><\/span><\/strong><\/h2><article class='av-milestone-content-wrap'><div class='av-milestone-contentbox'><header class=\"entry-content-header\"><h4 class='av-milestone-title '>Lebensverl\u00e4ufe<br \/>\nvon drei<br \/>\nFamiliengenerationen<\/h4><\/header><div class='av-milestone-content'><\/div><\/div><footer class='av-milestone-article-footer entry-footer'><\/footer><\/article><div class=\"av-milestone-icon-wrap\"><span class='av-milestone-icon milestone_icon avia-font-entypo-fontello'><span class='av-milestone-icon-inner milestone_inner'><i class='milestone-char' aria-hidden='true' data-av_icon='\ue811' data-av_iconfont='entypo-fontello'><\/i><\/span><\/span><\/div><h2 class='av-milestone-date ' id='milestone-2024-2025'><strong>2024-2025<span class='av-milestone-indicator'><\/span><\/strong><\/h2><\/li>\n<\/ul><\/div><\/p><\/div><div  class='flex_column av-146y1-9d3715936d93ea041f977999ee3e33bf av_one_full  avia-builder-el-9  el_after_av_one_half  el_before_av_hr  first flex_column_div  column-top-margin'     ><p>\n<style type=\"text\/css\" data-created_by=\"avia_inline_auto\" id=\"style-css-av-lu2yswdc-119da7a5104ad32c8f00629b21690c65\">\n#top .av-special-heading.av-lu2yswdc-119da7a5104ad32c8f00629b21690c65{\npadding-bottom:10px;\n}\nbody .av-special-heading.av-lu2yswdc-119da7a5104ad32c8f00629b21690c65 .av-special-heading-tag .heading-char{\nfont-size:25px;\n}\n.av-special-heading.av-lu2yswdc-119da7a5104ad32c8f00629b21690c65 .av-subheading{\nfont-size:15px;\n}\n<\/style>\n<div  class='av-special-heading av-lu2yswdc-119da7a5104ad32c8f00629b21690c65 av-special-heading-h3 blockquote modern-quote  avia-builder-el-10  el_before_av_textblock  avia-builder-el-first '><h3 class='av-special-heading-tag'  itemprop=\"headline\"  >LifE \u2013 Lebensverl\u00e4ufe ins fr\u00fche Erwachsenenalter<\/h3><div class=\"special-heading-border\"><div class=\"special-heading-inner-border\"><\/div><\/div><\/div><br \/>\n<section  class='av_textblock_section av-lu2ytcue-b91b64f0d7a2b18d69d5040ccb2c2003 '   itemscope=\"itemscope\" itemtype=\"https:\/\/schema.org\/CreativeWork\" ><div class='avia_textblock'  itemprop=\"text\" ><p>Professor Fends Anspruch gr\u00f6\u00dftm\u00f6glicher wissenschaftlicher G\u00fcltigkeit der Ergebnisse und ihrer Interpretationen war der Ausl\u00f6ser, dass aus der Konstanzer Jugendstudie im Jahr 2002 die LifE-Studie wurde:<\/p>\n<blockquote>\n<p>\u201eIch hatte nach der Jugendstudie immer den Eindruck, dass man vieles, was im Jugendalter geschieht, nicht wirklich beurteilen kann, wenn man nicht wei\u00df, wie es weitergeht. Was ist von dem, was in dieser Lebensphase als Problem oder auch als positiv erscheint, etwas, was sich im weiteren Leben auswirkt oder durch das gesamte Leben tr\u00e4gt?\u201c<\/p>\n<\/blockquote>\n<p>So kam es, dass die ehemaligen Sch\u00fclerinnen und Sch\u00fcler 19 Jahre nach ihrer letzten Befragung wieder befragt wurden. Trotz der langen Unterbrechung konnten rund 85 Prozent der Befragten wiedergefunden werden; davon f\u00fcllten wiederum rund 83 Prozent, 1.657 Personen, den Fragebogen aus. Die mittlerweile ca. 35-J\u00e4hrigen wurden zu sozialen, beruflichen und kulturellen Aspekten ihres Lebens sowie zu ihrer psychischen und physischen Gesundheit befragt. Weitere Schwerpunkte bildeten au\u00dferdem die r\u00fcckblickend erhobenen Daten zum beruflichen Werdegang, zur Partnerschaftsbiographie und zur Familiengr\u00fcndung.<\/p>\n<p>Diese Basis erm\u00f6glichte die Untersuchung, inwieweit in der Jugendzeit verankerte Merkmale sowie kontinuierlich oder diskontinuierlich verlaufende Entwicklungen Vorhersagen auf den weiteren Lebensverlauf zulassen.<\/p>\n<\/div><\/section><br \/>\n\n<style type=\"text\/css\" data-created_by=\"avia_inline_auto\" id=\"style-css-av-lu2ytmkr-05cb40f210640d95ad11cec4997b8eab\">\n#top .av-special-heading.av-lu2ytmkr-05cb40f210640d95ad11cec4997b8eab{\npadding-bottom:10px;\n}\nbody .av-special-heading.av-lu2ytmkr-05cb40f210640d95ad11cec4997b8eab .av-special-heading-tag .heading-char{\nfont-size:25px;\n}\n.av-special-heading.av-lu2ytmkr-05cb40f210640d95ad11cec4997b8eab .av-subheading{\nfont-size:15px;\n}\n<\/style>\n<div  class='av-special-heading av-lu2ytmkr-05cb40f210640d95ad11cec4997b8eab av-special-heading-h3 blockquote modern-quote  avia-builder-el-12  el_after_av_textblock  el_before_av_textblock '><h3 class='av-special-heading-tag'  itemprop=\"headline\"  >LifE \u2013 Lebensverl\u00e4ufe ins fortgeschrittene Erwachsenenalter<\/h3><div class=\"special-heading-border\"><div class=\"special-heading-inner-border\"><\/div><\/div><\/div><br \/>\n<section  class='av_textblock_section av-lu2ytu4s-2b01d28a4b1ad2b01a9fc538293db08f '   itemscope=\"itemscope\" itemtype=\"https:\/\/schema.org\/CreativeWork\" ><div class='avia_textblock'  itemprop=\"text\" ><p>An der siebten Befragung im Jahr 2012 nahm wiederum der sehr hohe Anteil von 85% der wieder kontaktierten ehemaligen Sch\u00fclerinnen und Sch\u00fcler aus Hessen teil; die 1.359 Personen waren zu diesem Zeitpunkt ca. 45 Jahre alt. Erstmals wurde auch jeweils ein Kind der LifE-Generation in die Studie einbezogen. Da auch die Eltern der LifE-Generation schon befragt worden waren, wurde die Langzeitstudie LifE zus\u00e4tzlich zu einer Drei-Familiengenerationen-Studie. Somit war es m\u00f6glich, intergenerationale Zusammenh\u00e4nge zwischen drei Generationen zu betrachten, z.B. in Bezug auf Wertvorstellungen, Bildungsaspirationen und Verhaltensweisen. Auch der theoretische Bezugsrahmen wurde in der langen Laufzeit der Studie mehrfach angepasst.<\/p>\n<\/div><\/section><br \/>\n\n<style type=\"text\/css\" data-created_by=\"avia_inline_auto\" id=\"style-css-av-lu2yuc87-997631744d643c54434b868f20f9c35f\">\n#top .av-special-heading.av-lu2yuc87-997631744d643c54434b868f20f9c35f{\npadding-bottom:10px;\n}\nbody .av-special-heading.av-lu2yuc87-997631744d643c54434b868f20f9c35f .av-special-heading-tag .heading-char{\nfont-size:25px;\n}\n.av-special-heading.av-lu2yuc87-997631744d643c54434b868f20f9c35f .av-subheading{\nfont-size:15px;\n}\n<\/style>\n<div  class='av-special-heading av-lu2yuc87-997631744d643c54434b868f20f9c35f av-special-heading-h3 blockquote modern-quote  avia-builder-el-14  el_after_av_textblock  el_before_av_textblock '><h3 class='av-special-heading-tag'  itemprop=\"headline\"  >LifE<sup>3G<\/sup> &#8211; Lebensverl\u00e4ufe von drei Familiengenerationen<\/h3><div class=\"special-heading-border\"><div class=\"special-heading-inner-border\"><\/div><\/div><\/div><br \/>\n<section  class='av_textblock_section av-lu2yuhv6-59a60f64ccd5b1c476a0f7f84aad44a1 '   itemscope=\"itemscope\" itemtype=\"https:\/\/schema.org\/CreativeWork\" ><div class='avia_textblock'  itemprop=\"text\" ><p>Die Befragungen 2024 und 2025 tragen den Titel \u201eLifE<sup>3G<\/sup> &#8211; Lebensverl\u00e4ufe von drei Familiengenerationen\u201c, da mit der Befragung der LifE-Generation und ihrer Kinder &#8211; 2025 werden erstmals m\u00f6glichst alle Kinder befragt \u2013 Daten zu drei Generationen der jeweils gleichen Familien vorliegen; die Eltern der LifE-Generation waren im Rahmen der Konstanzer Jugendstudie interviewt worden. Durch die Befragung der Kindergeneration wird eine umfassendere Datenbasis geschaffen, die die Untersuchung neuer Fragestellungen erm\u00f6glicht. So werden sowohl die Kinder als auch die Eltern nach dem Verhalten der Eltern und den elterlichen Investitionen befragt. F\u00fcr jedes einzelne Kind kann auf dieser Grundlage eine detaillierte Darstellung des famili\u00e4ren Kontextes im Jugendalter entwickelt werden; des Weiteren k\u00f6nnen unterschiedliche Auswirkungen auf Geschwister und Geschwisterbeziehungen sowie \u00dcbertragungs- und Interaktionsprozesse zwischen Generationen untersucht werden.<\/p>\n<p>Mit der dritten Befragung der LifE-Generation im Erwachsenenalter \u2013 mit ca. 35, ca.\u00a0 45 und nun mit ca. 57 Jahren \u2013 wird die Untersuchung von Entwicklungen und \u00dcberg\u00e4ngen von der sp\u00e4ten Kindheit zum sp\u00e4ten Erwachsenenalter gest\u00e4rkt werden. Insgesamt werden durch das Vorhandensein von drei Messzeitpunkten neue methodische Ans\u00e4tze erleichtert.<\/p>\n<p>Die dritte Befragung im Erwachsenenalter war entsprechend dem 10-j\u00e4hrigen Befragungsrhythmus f\u00fcr 2022 geplant gewesen (zuvor 2002 und 2012), musste aber aufgrund der Coronapandemie auf 2024 verschoben werden.<\/p>\n<\/div><\/section><\/p><\/div>\n<style type=\"text\/css\" data-created_by=\"avia_inline_auto\" id=\"style-css-av-lvp9rr99-396255347fd7213c6dedd70c0cf265c5\">\n#top .hr.hr-invisible.av-lvp9rr99-396255347fd7213c6dedd70c0cf265c5{\nheight:50px;\n}\n<\/style>\n<div  class='hr av-lvp9rr99-396255347fd7213c6dedd70c0cf265c5 hr-invisible  avia-builder-el-16  el_after_av_one_full  avia-builder-el-last '><span class='hr-inner '><span class=\"hr-inner-style\"><\/span><\/span><\/div><\/p>\n","protected":false},"excerpt":{"rendered":"","protected":false},"author":1,"featured_media":0,"parent":36,"menu_order":20,"comment_status":"closed","ping_status":"closed","template":"","meta":{"footnotes":""},"class_list":["post-41","page","type-page","status-publish","hentry"],"_links":{"self":[{"href":"https:\/\/life3g.de\/en\/wp-json\/wp\/v2\/pages\/41","targetHints":{"allow":["GET"]}}],"collection":[{"href":"https:\/\/life3g.de\/en\/wp-json\/wp\/v2\/pages"}],"about":[{"href":"https:\/\/life3g.de\/en\/wp-json\/wp\/v2\/types\/page"}],"author":[{"embeddable":true,"href":"https:\/\/life3g.de\/en\/wp-json\/wp\/v2\/users\/1"}],"replies":[{"embeddable":true,"href":"https:\/\/life3g.de\/en\/wp-json\/wp\/v2\/comments?post=41"}],"version-history":[{"count":55,"href":"https:\/\/life3g.de\/en\/wp-json\/wp\/v2\/pages\/41\/revisions"}],"predecessor-version":[{"id":1358,"href":"https:\/\/life3g.de\/en\/wp-json\/wp\/v2\/pages\/41\/revisions\/1358"}],"up":[{"embeddable":true,"href":"https:\/\/life3g.de\/en\/wp-json\/wp\/v2\/pages\/36"}],"wp:attachment":[{"href":"https:\/\/life3g.de\/en\/wp-json\/wp\/v2\/media?parent=41"}],"curies":[{"name":"wp","href":"https:\/\/api.w.org\/{rel}","templated":true}]}}