{"id":446,"date":"2024-04-30T16:40:17","date_gmt":"2024-04-30T14:40:17","guid":{"rendered":"https:\/\/life3g.de\/?page_id=446"},"modified":"2025-08-20T16:15:41","modified_gmt":"2025-08-20T14:15:41","slug":"leitungsteam","status":"publish","type":"page","link":"https:\/\/life3g.de\/en\/die-studie\/life3g-team\/leitungsteam\/","title":{"rendered":"Leitungsteam"},"content":{"rendered":"\n<style type=\"text\/css\" data-created_by=\"avia_inline_auto\" id=\"style-css-av-lvmhumdq-5363eef5fcf8511e4add816a263b217a\">\n#top .hr.hr-invisible.av-lvmhumdq-5363eef5fcf8511e4add816a263b217a{\nheight:8px;\n}\n<\/style>\n<div  class='hr av-lvmhumdq-5363eef5fcf8511e4add816a263b217a hr-invisible  avia-builder-el-0  el_before_av_heading  avia-builder-el-first '><span class='hr-inner '><span class=\"hr-inner-style\"><\/span><\/span><\/div>\n\n<style type=\"text\/css\" data-created_by=\"avia_inline_auto\" id=\"style-css-av-lvmhw1x4-8b03f361f9b656e8a7759b266c349bb9\">\n#top .av-special-heading.av-lvmhw1x4-8b03f361f9b656e8a7759b266c349bb9{\npadding-bottom:10px;\n}\nbody .av-special-heading.av-lvmhw1x4-8b03f361f9b656e8a7759b266c349bb9 .av-special-heading-tag .heading-char{\nfont-size:25px;\n}\n.av-special-heading.av-lvmhw1x4-8b03f361f9b656e8a7759b266c349bb9 .av-subheading{\nfont-size:15px;\n}\n<\/style>\n<div  class='av-special-heading av-lvmhw1x4-8b03f361f9b656e8a7759b266c349bb9 av-special-heading-h1 blockquote modern-quote  avia-builder-el-1  el_after_av_hr  el_before_av_hr '><h1 class='av-special-heading-tag'  itemprop=\"headline\"  >Leitungsteam<\/h1><div class=\"special-heading-border\"><div class=\"special-heading-inner-border\"><\/div><\/div><\/div>\n<div  class='hr av-1ex8hi-2faa67586cf3043934c23d4fa468080e hr-default  avia-builder-el-2  el_after_av_heading  el_before_av_one_half '><span class='hr-inner '><span class=\"hr-inner-style\"><\/span><\/span><\/div>\n<div  class='flex_column av-1be6eu-70aa1593067851af8fec03c7d53617a3 av_one_half  avia-builder-el-3  el_after_av_hr  el_before_av_one_half  first flex_column_div  '     ><style type=\"text\/css\" data-created_by=\"avia_inline_auto\" id=\"style-css-av-lvpdqi9x-dc32e252055a2693f602bab4943dfeb4\">\n.avia-image-container.av-lvpdqi9x-dc32e252055a2693f602bab4943dfeb4 img.avia_image{\nbox-shadow:none;\n}\n.avia-image-container.av-lvpdqi9x-dc32e252055a2693f602bab4943dfeb4 .av-image-caption-overlay-center{\ncolor:#ffffff;\n}\n<\/style>\n<div  class='avia-image-container av-lvpdqi9x-dc32e252055a2693f602bab4943dfeb4 av-styling- avia-align-center  avia-builder-el-4  avia-builder-el-no-sibling '   itemprop=\"image\" itemscope=\"itemscope\" itemtype=\"https:\/\/schema.org\/ImageObject\" ><div class=\"avia-image-container-inner\"><div class=\"avia-image-overlay-wrap\"><img decoding=\"async\" fetchpriority=\"high\" class='wp-image-1428 avia-img-lazy-loading-not-1428 avia_image ' src=\"https:\/\/life3g.de\/wp-content\/uploads\/Helmut-Fend-2-297x300.png\" alt='' title='Helmut Fend'  height=\"300\" width=\"297\"  itemprop=\"thumbnailUrl\" srcset=\"https:\/\/life3g.de\/wp-content\/uploads\/Helmut-Fend-2-297x300.png 297w, https:\/\/life3g.de\/wp-content\/uploads\/Helmut-Fend-2-1021x1030.png 1021w, https:\/\/life3g.de\/wp-content\/uploads\/Helmut-Fend-2-80x80.png 80w, https:\/\/life3g.de\/wp-content\/uploads\/Helmut-Fend-2-768x775.png 768w, https:\/\/life3g.de\/wp-content\/uploads\/Helmut-Fend-2-1523x1536.png 1523w, https:\/\/life3g.de\/wp-content\/uploads\/Helmut-Fend-2-36x36.png 36w, https:\/\/life3g.de\/wp-content\/uploads\/Helmut-Fend-2-1487x1500.png 1487w, https:\/\/life3g.de\/wp-content\/uploads\/Helmut-Fend-2-699x705.png 699w, https:\/\/life3g.de\/wp-content\/uploads\/Helmut-Fend-2.png 1599w\" sizes=\"(max-width: 297px) 100vw, 297px\" \/><\/div><\/div><\/div><\/div>\n<div  class='flex_column av-12fo2m-b46f034a1dfb26c74d1c926b12065814 av_one_half  avia-builder-el-5  el_after_av_one_half  el_before_av_hr  flex_column_div  '     ><p>\n<style type=\"text\/css\" data-created_by=\"avia_inline_auto\" id=\"style-css-av-xh98e-62b062a1c6b37dcf7ff56b44ba60561c\">\n#top .hr.hr-invisible.av-xh98e-62b062a1c6b37dcf7ff56b44ba60561c{\nheight:110px;\n}\n<\/style>\n<div  class='hr av-xh98e-62b062a1c6b37dcf7ff56b44ba60561c hr-invisible  avia-builder-el-6  el_before_av_textblock  avia-builder-el-first '><span class='hr-inner '><span class=\"hr-inner-style\"><\/span><\/span><\/div><br \/>\n<section  class='av_textblock_section av-lvmlrmw9-e7870595346f10c826263d8b9a3971e7 '   itemscope=\"itemscope\" itemtype=\"https:\/\/schema.org\/CreativeWork\" ><div class='avia_textblock'  itemprop=\"text\" ><h3><\/h3>\n<h3><\/h3>\n<h3><a href=\"https:\/\/www.ife.uzh.ch\/de\/institut\/emeritiundemeritae\/fendhelmut.html\" target=\"_blank\" rel=\"noopener\">Prof. Dr. Dr. h.c. mult. Helmut Fend<\/a><\/h3>\n<p>Universit\u00e4t Konstanz und Universit\u00e4t Z\u00fcrich<\/p>\n<\/div><\/section><\/p><\/div><div  class='hr av-lvmiwau6-1a7e8a5a758ca7d0f544200599d46d31 hr-default  avia-builder-el-8  el_after_av_one_half  el_before_av_one_half '><span class='hr-inner '><span class=\"hr-inner-style\"><\/span><\/span><\/div><\/p>\n<div  class='flex_column av-ejo72-d4a19badb7189a46d5351210503c7b2c av_one_half  avia-builder-el-9  el_after_av_hr  el_before_av_one_half  first flex_column_div  '     ><style type=\"text\/css\" data-created_by=\"avia_inline_auto\" id=\"style-css-av-lvpdr3x5-b0b6dba1211fc7b5609923927bf16ff2\">\n.avia-image-container.av-lvpdr3x5-b0b6dba1211fc7b5609923927bf16ff2 img.avia_image{\nbox-shadow:none;\n}\n.avia-image-container.av-lvpdr3x5-b0b6dba1211fc7b5609923927bf16ff2 .av-image-caption-overlay-center{\ncolor:#ffffff;\n}\n<\/style>\n<div  class='avia-image-container av-lvpdr3x5-b0b6dba1211fc7b5609923927bf16ff2 av-styling- avia-align-center  avia-builder-el-10  avia-builder-el-no-sibling '   itemprop=\"image\" itemscope=\"itemscope\" itemtype=\"https:\/\/schema.org\/ImageObject\" ><div class=\"avia-image-container-inner\"><div class=\"avia-image-overlay-wrap\"><img decoding=\"async\" fetchpriority=\"high\" class='wp-image-1425 avia-img-lazy-loading-not-1425 avia_image ' src=\"https:\/\/life3g.de\/wp-content\/uploads\/Wolfgang-Lauterbach-1-298x300.png\" alt='' title='Wolfgang Lauterbach'  height=\"300\" width=\"298\"  itemprop=\"thumbnailUrl\" srcset=\"https:\/\/life3g.de\/wp-content\/uploads\/Wolfgang-Lauterbach-1-298x300.png 298w, https:\/\/life3g.de\/wp-content\/uploads\/Wolfgang-Lauterbach-1-1024x1030.png 1024w, https:\/\/life3g.de\/wp-content\/uploads\/Wolfgang-Lauterbach-1-80x80.png 80w, https:\/\/life3g.de\/wp-content\/uploads\/Wolfgang-Lauterbach-1-768x773.png 768w, https:\/\/life3g.de\/wp-content\/uploads\/Wolfgang-Lauterbach-1-1526x1536.png 1526w, https:\/\/life3g.de\/wp-content\/uploads\/Wolfgang-Lauterbach-1-36x36.png 36w, https:\/\/life3g.de\/wp-content\/uploads\/Wolfgang-Lauterbach-1-180x180.png 180w, https:\/\/life3g.de\/wp-content\/uploads\/Wolfgang-Lauterbach-1-1491x1500.png 1491w, https:\/\/life3g.de\/wp-content\/uploads\/Wolfgang-Lauterbach-1-701x705.png 701w, https:\/\/life3g.de\/wp-content\/uploads\/Wolfgang-Lauterbach-1.png 1595w\" sizes=\"(max-width: 298px) 100vw, 298px\" \/><\/div><\/div><\/div><\/div>\n<div  class='flex_column av-apgvy-e1bbbad9af04085702ec80e5041e9ec8 av_one_half  avia-builder-el-11  el_after_av_one_half  el_before_av_hr  flex_column_div  '     ><p>\n<style type=\"text\/css\" data-created_by=\"avia_inline_auto\" id=\"style-css-av-lvmj7jmz-fc24091cd2ab236c66f78fafe1b45748\">\n#top .hr.hr-invisible.av-lvmj7jmz-fc24091cd2ab236c66f78fafe1b45748{\nheight:130px;\n}\n<\/style>\n<div  class='hr av-lvmj7jmz-fc24091cd2ab236c66f78fafe1b45748 hr-invisible  avia-builder-el-12  el_before_av_textblock  avia-builder-el-first '><span class='hr-inner '><span class=\"hr-inner-style\"><\/span><\/span><\/div><br \/>\n<section  class='av_textblock_section av-lvmizpmz-ee9a624952034473bd538291dd8f4389 '   itemscope=\"itemscope\" itemtype=\"https:\/\/schema.org\/CreativeWork\" ><div class='avia_textblock'  itemprop=\"text\" ><h3><\/h3>\n<h3><\/h3>\n<h3><a href=\"https:\/\/www.uni-potsdam.de\/de\/sozbildung\/team\/wolfgang-lauterbach\" target=\"_blank\" rel=\"noopener\">Prof. Dr. Wolfgang Lauterbach<\/a><\/h3>\n<p>Universit\u00e4t Potsdam<\/p>\n<\/div><\/section><\/p><\/div><div  class='hr av-nyzy-ed5f710878264936d69d33206eb7b9c4 hr-default  avia-builder-el-14  el_after_av_one_half  el_before_av_one_half '><span class='hr-inner '><span class=\"hr-inner-style\"><\/span><\/span><\/div><\/p>\n<div  class='flex_column av-mk6rq-806d4981018bd01c36591190994ecdb5 av_one_half  avia-builder-el-15  el_after_av_hr  el_before_av_one_half  first flex_column_div  '     ><style type=\"text\/css\" data-created_by=\"avia_inline_auto\" id=\"style-css-av-lvpdrd2a-7f981fec19f0a43a323b5e1c51ead229\">\n.avia-image-container.av-lvpdrd2a-7f981fec19f0a43a323b5e1c51ead229 img.avia_image{\nbox-shadow:none;\n}\n.avia-image-container.av-lvpdrd2a-7f981fec19f0a43a323b5e1c51ead229 .av-image-caption-overlay-center{\ncolor:#ffffff;\n}\n<\/style>\n<div  class='avia-image-container av-lvpdrd2a-7f981fec19f0a43a323b5e1c51ead229 av-styling- avia-align-center  avia-builder-el-16  avia-builder-el-no-sibling '   itemprop=\"image\" itemscope=\"itemscope\" itemtype=\"https:\/\/schema.org\/ImageObject\" ><div class=\"avia-image-container-inner\"><div class=\"avia-image-overlay-wrap\"><img decoding=\"async\" fetchpriority=\"high\" class='wp-image-1426 avia-img-lazy-loading-not-1426 avia_image ' src=\"https:\/\/life3g.de\/wp-content\/uploads\/Fred-Berger-1-298x300.png\" alt='' title='Fred Berger'  height=\"300\" width=\"298\"  itemprop=\"thumbnailUrl\" srcset=\"https:\/\/life3g.de\/wp-content\/uploads\/Fred-Berger-1-298x300.png 298w, https:\/\/life3g.de\/wp-content\/uploads\/Fred-Berger-1-1024x1030.png 1024w, https:\/\/life3g.de\/wp-content\/uploads\/Fred-Berger-1-80x80.png 80w, https:\/\/life3g.de\/wp-content\/uploads\/Fred-Berger-1-768x773.png 768w, https:\/\/life3g.de\/wp-content\/uploads\/Fred-Berger-1-1526x1536.png 1526w, https:\/\/life3g.de\/wp-content\/uploads\/Fred-Berger-1-36x36.png 36w, https:\/\/life3g.de\/wp-content\/uploads\/Fred-Berger-1-180x180.png 180w, https:\/\/life3g.de\/wp-content\/uploads\/Fred-Berger-1-1491x1500.png 1491w, https:\/\/life3g.de\/wp-content\/uploads\/Fred-Berger-1-701x705.png 701w, https:\/\/life3g.de\/wp-content\/uploads\/Fred-Berger-1.png 1598w\" sizes=\"(max-width: 298px) 100vw, 298px\" \/><\/div><\/div><\/div><\/div>\n<div  class='flex_column av-giyjy-b4f6a6263618e8fc324a4b58ba4c9903 av_one_half  avia-builder-el-17  el_after_av_one_half  el_before_av_hr  flex_column_div  '     ><p>\n<style type=\"text\/css\" data-created_by=\"avia_inline_auto\" id=\"style-css-av-88sra-aebb64a65560f460594890b7be05be48\">\n#top .hr.hr-invisible.av-88sra-aebb64a65560f460594890b7be05be48{\nheight:130px;\n}\n<\/style>\n<div  class='hr av-88sra-aebb64a65560f460594890b7be05be48 hr-invisible  avia-builder-el-18  el_before_av_textblock  avia-builder-el-first '><span class='hr-inner '><span class=\"hr-inner-style\"><\/span><\/span><\/div><br \/>\n<section  class='av_textblock_section av-lvmlpjf4-83d6a2e7fea07a907bfb7430fc964c0d '   itemscope=\"itemscope\" itemtype=\"https:\/\/schema.org\/CreativeWork\" ><div class='avia_textblock'  itemprop=\"text\" ><h3><\/h3>\n<h3><\/h3>\n<h3><a href=\"https:\/\/www.uibk.ac.at\/iezw\/mitarbeiterinnen\/persoenliche-seiten-mitarbeiterinnen\/berger\/info\/berger.html\" target=\"_blank\" rel=\"noopener\">Prof. Dr. Fred Berger<\/a><\/h3>\n<p>Universit\u00e4t Innsbruck<\/p>\n<\/div><\/section><\/p><\/div><div  class='hr av-pyzam-6c1bfecbe06fa6e89dd32a230afe332d hr-default  avia-builder-el-20  el_after_av_one_half  el_before_av_one_half '><span class='hr-inner '><span class=\"hr-inner-style\"><\/span><\/span><\/div><\/p>\n<div  class='flex_column av-kemby-648577a40e476e631486b21afb948d85 av_one_half  avia-builder-el-21  el_after_av_hr  el_before_av_one_half  first flex_column_div  '     ><p>\n<style type=\"text\/css\" data-created_by=\"avia_inline_auto\" id=\"style-css-av-lvpdrifn-7d4875349862544fa9a3728fb1b774be\">\n.avia-image-container.av-lvpdrifn-7d4875349862544fa9a3728fb1b774be img.avia_image{\nbox-shadow:none;\n}\n.avia-image-container.av-lvpdrifn-7d4875349862544fa9a3728fb1b774be .av-image-caption-overlay-center{\ncolor:#ffffff;\n}\n<\/style>\n<div  class='avia-image-container av-lvpdrifn-7d4875349862544fa9a3728fb1b774be av-styling- avia-align-center  avia-builder-el-22  el_before_av_image  avia-builder-el-first '   itemprop=\"image\" itemscope=\"itemscope\" itemtype=\"https:\/\/schema.org\/ImageObject\" ><div class=\"avia-image-container-inner\"><div class=\"avia-image-overlay-wrap\"><img decoding=\"async\" fetchpriority=\"high\" class='wp-image-1427 avia-img-lazy-loading-not-1427 avia_image ' src=\"https:\/\/life3g.de\/wp-content\/uploads\/Urs-Grob-1-298x300.png\" alt='' title='Urs Grob'  height=\"300\" width=\"298\"  itemprop=\"thumbnailUrl\" srcset=\"https:\/\/life3g.de\/wp-content\/uploads\/Urs-Grob-1-298x300.png 298w, https:\/\/life3g.de\/wp-content\/uploads\/Urs-Grob-1-1024x1030.png 1024w, https:\/\/life3g.de\/wp-content\/uploads\/Urs-Grob-1-80x80.png 80w, https:\/\/life3g.de\/wp-content\/uploads\/Urs-Grob-1-768x772.png 768w, https:\/\/life3g.de\/wp-content\/uploads\/Urs-Grob-1-1527x1536.png 1527w, https:\/\/life3g.de\/wp-content\/uploads\/Urs-Grob-1-36x36.png 36w, https:\/\/life3g.de\/wp-content\/uploads\/Urs-Grob-1-180x180.png 180w, https:\/\/life3g.de\/wp-content\/uploads\/Urs-Grob-1-1492x1500.png 1492w, https:\/\/life3g.de\/wp-content\/uploads\/Urs-Grob-1-701x705.png 701w, https:\/\/life3g.de\/wp-content\/uploads\/Urs-Grob-1.png 1598w\" sizes=\"(max-width: 298px) 100vw, 298px\" \/><\/div><\/div><\/div><br \/>\n\n<style type=\"text\/css\" data-created_by=\"avia_inline_auto\" id=\"style-css-av-lvmlt1lk-2db93285539a8975db645651f5d9ee26\">\n@keyframes av_boxShadowEffect_av-lvmlt1lk-2db93285539a8975db645651f5d9ee26 {\n0%   { box-shadow:  0 0 0 0 ; opacity: 1; }\n100% { box-shadow:  0 0 10px 0 ; opacity: 1; }\n}\n.avia-image-container.av-lvmlt1lk-2db93285539a8975db645651f5d9ee26 img.avia_image{\nbox-shadow: 0 0 10px 0 ;\n}\n.avia-image-container.av-lvmlt1lk-2db93285539a8975db645651f5d9ee26 .av-image-caption-overlay-center{\ncolor:#ffffff;\n}\n<\/style>\n<div  class='avia-image-container av-lvmlt1lk-2db93285539a8975db645651f5d9ee26 av-styling- avia-align-center  avia-builder-el-23  el_after_av_image  avia-builder-el-last  av-img-box-shadow av-box-shadow-not-animated'   itemprop=\"image\" itemscope=\"itemscope\" itemtype=\"https:\/\/schema.org\/ImageObject\" ><div class=\"avia-image-container-inner\"><div class=\"avia-image-overlay-wrap\"><img decoding=\"async\" fetchpriority=\"high\" class='wp-image- avia-img-lazy-loading-not- avia_image shadow-not-animated' src=\"https:\/\/life3g.de\/wp-content\/uploads\/AW5A3461-Urs-Grob-200x300.jpg\" alt='' title=''   itemprop=\"thumbnailUrl\"  \/><\/div><\/div><\/div><\/p><\/div>\n<div  class='flex_column av-gxqym-60a0b4cd6712471404f1978be0cf7b6d av_one_half  avia-builder-el-24  el_after_av_one_half  el_before_av_hr  flex_column_div  '     ><p>\n<style type=\"text\/css\" data-created_by=\"avia_inline_auto\" id=\"style-css-av-tjm6-517868b1975d4afc936871d3d0b99687\">\n#top .hr.hr-invisible.av-tjm6-517868b1975d4afc936871d3d0b99687{\nheight:110px;\n}\n<\/style>\n<div  class='hr av-tjm6-517868b1975d4afc936871d3d0b99687 hr-invisible  avia-builder-el-25  el_before_av_textblock  avia-builder-el-first '><span class='hr-inner '><span class=\"hr-inner-style\"><\/span><\/span><\/div><br \/>\n<section  class='av_textblock_section av-lvmltapg-239e3d75707856fce038eaf582fac463 '   itemscope=\"itemscope\" itemtype=\"https:\/\/schema.org\/CreativeWork\" ><div class='avia_textblock'  itemprop=\"text\" ><h3><\/h3>\n<h3><\/h3>\n<h3><a href=\"https:\/\/www.ife.uzh.ch\/de\/research\/fachstellemethoden\/mitarbeitende2\/groburs.html\" target=\"_blank\" rel=\"noopener\">Dr. Urs Grob<\/a><\/h3>\n<p>Universit\u00e4t Z\u00fcrich<\/p>\n<\/div><\/section><\/p><\/div>\n<style type=\"text\/css\" data-created_by=\"avia_inline_auto\" id=\"style-css-av-lvmiy6hr-11e402dbaf4d2d313303b4093e4a5252\">\n#top .hr.hr-invisible.av-lvmiy6hr-11e402dbaf4d2d313303b4093e4a5252{\nheight:50px;\n}\n<\/style>\n<div  class='hr av-lvmiy6hr-11e402dbaf4d2d313303b4093e4a5252 hr-invisible  avia-builder-el-27  el_after_av_one_half  avia-builder-el-last '><span class='hr-inner '><span class=\"hr-inner-style\"><\/span><\/span><\/div><\/p>\n","protected":false},"excerpt":{"rendered":"","protected":false},"author":2,"featured_media":0,"parent":58,"menu_order":13,"comment_status":"closed","ping_status":"closed","template":"","meta":{"footnotes":""},"class_list":["post-446","page","type-page","status-publish","hentry"],"_links":{"self":[{"href":"https:\/\/life3g.de\/en\/wp-json\/wp\/v2\/pages\/446","targetHints":{"allow":["GET"]}}],"collection":[{"href":"https:\/\/life3g.de\/en\/wp-json\/wp\/v2\/pages"}],"about":[{"href":"https:\/\/life3g.de\/en\/wp-json\/wp\/v2\/types\/page"}],"author":[{"embeddable":true,"href":"https:\/\/life3g.de\/en\/wp-json\/wp\/v2\/users\/2"}],"replies":[{"embeddable":true,"href":"https:\/\/life3g.de\/en\/wp-json\/wp\/v2\/comments?post=446"}],"version-history":[{"count":35,"href":"https:\/\/life3g.de\/en\/wp-json\/wp\/v2\/pages\/446\/revisions"}],"predecessor-version":[{"id":1546,"href":"https:\/\/life3g.de\/en\/wp-json\/wp\/v2\/pages\/446\/revisions\/1546"}],"up":[{"embeddable":true,"href":"https:\/\/life3g.de\/en\/wp-json\/wp\/v2\/pages\/58"}],"wp:attachment":[{"href":"https:\/\/life3g.de\/en\/wp-json\/wp\/v2\/media?parent=446"}],"curies":[{"name":"wp","href":"https:\/\/api.w.org\/{rel}","templated":true}]}}