{"id":61,"date":"2024-03-14T10:58:22","date_gmt":"2024-03-14T09:58:22","guid":{"rendered":"https:\/\/life3g.de\/?page_id=61"},"modified":"2025-08-11T14:16:02","modified_gmt":"2025-08-11T12:16:02","slug":"design-forschungsfragen","status":"publish","type":"page","link":"https:\/\/life3g.de\/en\/die-studie\/design-forschungsfragen\/","title":{"rendered":"Design und Forschungsfragen"},"content":{"rendered":"\n<style type=\"text\/css\" data-created_by=\"avia_inline_auto\" id=\"style-css-av-lvmhmogk-7ee65dae3d043d81a1247d5ffc6d0680\">\n#top .hr.hr-invisible.av-lvmhmogk-7ee65dae3d043d81a1247d5ffc6d0680{\nheight:8px;\n}\n<\/style>\n<div  class='hr av-lvmhmogk-7ee65dae3d043d81a1247d5ffc6d0680 hr-invisible  avia-builder-el-0  el_before_av_heading  avia-builder-el-first '><span class='hr-inner '><span class=\"hr-inner-style\"><\/span><\/span><\/div>\n\n<style type=\"text\/css\" data-created_by=\"avia_inline_auto\" id=\"style-css-av-ltr24h6t-400c6ceff0e3ea6f550061812ce3890c\">\n#top .av-special-heading.av-ltr24h6t-400c6ceff0e3ea6f550061812ce3890c{\npadding-bottom:10px;\n}\nbody .av-special-heading.av-ltr24h6t-400c6ceff0e3ea6f550061812ce3890c .av-special-heading-tag .heading-char{\nfont-size:25px;\n}\n.av-special-heading.av-ltr24h6t-400c6ceff0e3ea6f550061812ce3890c .av-subheading{\nfont-size:15px;\n}\n<\/style>\n<div  class='av-special-heading av-ltr24h6t-400c6ceff0e3ea6f550061812ce3890c av-special-heading-h1 blockquote modern-quote  avia-builder-el-1  el_after_av_hr  el_before_av_one_half '><h1 class='av-special-heading-tag'  itemprop=\"headline\"  >Design und Forschungsfragen<\/h1><div class=\"special-heading-border\"><div class=\"special-heading-inner-border\"><\/div><\/div><\/div>\n<div  class='flex_column av-1e7zt-f9cdae52044402f5b064fd221e902270 av_one_half  avia-builder-el-2  el_after_av_heading  el_before_av_one_half  first flex_column_div  '     ><section  class='av_textblock_section av-lv2jdrr8-6efc2396a66fafccc3fe30fbb256442e '   itemscope=\"itemscope\" itemtype=\"https:\/\/schema.org\/CreativeWork\" ><div class='avia_textblock'  itemprop=\"text\" ><p>Bei der LifE-Studie handelt es sich um eine Langzeitstudie, bei der die gleichen Personen (LifE-Generation) immer wieder befragt werden: im Alter von ca. 12 Jahren im Jahr 1979 zum ersten und im Alter von 55 bis 58 Jahren im Jahr 2024 zum achten Mal. Sie ist au\u00dferdem eine Drei-Familiengenerationen-Studie, da zwei Mal die Eltern der LifE-Generation und auch ihre Kinder befragt wurden und werden: 2012 ein Teil der Kinder und 2025 erstmals m\u00f6glichst alle Kinder der LifE-Generation. Des Weiteren kann von einer Multi-Dom\u00e4nen-Studie gesprochen werden, da verschiedene Bereiche, z.B. Bildung und Beruf, Familienbeziehungen, Partnerschaft, kulturelle, religi\u00f6se und politische Orientierungen, Pers\u00f6nlichkeit und Gesundheit, untersucht werden.<\/p>\n<\/div><\/section><\/div>\n<div  class='flex_column av-16pxl-a89d2222efd7dce4256befcccadc632e av_one_half  avia-builder-el-4  el_after_av_one_half  el_before_av_textblock  flex_column_div  '     ><p>\n<style type=\"text\/css\" data-created_by=\"avia_inline_auto\" id=\"style-css-av-lvpbi2i5-642e069c86b3297989a38c23fcae80f7\">\n#top .hr.hr-invisible.av-lvpbi2i5-642e069c86b3297989a38c23fcae80f7{\nheight:90px;\n}\n<\/style>\n<div  class='hr av-lvpbi2i5-642e069c86b3297989a38c23fcae80f7 hr-invisible  avia-builder-el-5  el_before_av_image  avia-builder-el-first  av-mini-hide'><span class='hr-inner '><span class=\"hr-inner-style\"><\/span><\/span><\/div><br \/>\n\n<style type=\"text\/css\" data-created_by=\"avia_inline_auto\" id=\"style-css-av-lvpbgdxa-d1c6db3e95fab05b385b5e6fa67b7ece\">\n@keyframes av_boxShadowEffect_av-lvpbgdxa-d1c6db3e95fab05b385b5e6fa67b7ece {\n0%   { box-shadow:  0 0 0 0 ; opacity: 1; }\n100% { box-shadow:  0 0 10px 0 ; opacity: 1; }\n}\n.avia-image-container.av-lvpbgdxa-d1c6db3e95fab05b385b5e6fa67b7ece img.avia_image{\nbox-shadow: 0 0 10px 0 ;\n}\n.avia-image-container.av-lvpbgdxa-d1c6db3e95fab05b385b5e6fa67b7ece .av-image-caption-overlay-center{\ncolor:#ffffff;\n}\n<\/style>\n<div  class='avia-image-container av-lvpbgdxa-d1c6db3e95fab05b385b5e6fa67b7ece av-styling- avia-align-center  avia-builder-el-6  el_after_av_hr  avia-builder-el-last  av-img-box-shadow av-box-shadow-not-animated'   itemprop=\"image\" itemscope=\"itemscope\" itemtype=\"https:\/\/schema.org\/ImageObject\" ><div class=\"avia-image-container-inner\"><div class=\"avia-image-overlay-wrap\"><a href=\"https:\/\/life3g.de\/wp-content\/uploads\/Studiendesign_LifE-Studie-1030x594.png\" data-srcset=\"https:\/\/life3g.de\/wp-content\/uploads\/Studiendesign_LifE-Studie-1030x594.png 1030w, https:\/\/life3g.de\/wp-content\/uploads\/Studiendesign_LifE-Studie-300x173.png 300w, https:\/\/life3g.de\/wp-content\/uploads\/Studiendesign_LifE-Studie-768x443.png 768w, https:\/\/life3g.de\/wp-content\/uploads\/Studiendesign_LifE-Studie-1536x886.png 1536w, https:\/\/life3g.de\/wp-content\/uploads\/Studiendesign_LifE-Studie-2048x1181.png 2048w, https:\/\/life3g.de\/wp-content\/uploads\/Studiendesign_LifE-Studie-1500x865.png 1500w, https:\/\/life3g.de\/wp-content\/uploads\/Studiendesign_LifE-Studie-705x407.png 705w\" data-sizes=\"(max-width: 1030px) 100vw, 1030px\" class='avia_image'  aria-label='Studiendesign_LifE-Studie'><img decoding=\"async\" fetchpriority=\"high\" class='wp-image-563 avia-img-lazy-loading-not-563 avia_image shadow-not-animated' src=\"https:\/\/life3g.de\/wp-content\/uploads\/Studiendesign_LifE-Studie-scaled.png\" alt='' title='Studiendesign_LifE-Studie'  height=\"1476\" width=\"2560\"  itemprop=\"thumbnailUrl\" srcset=\"https:\/\/life3g.de\/wp-content\/uploads\/Studiendesign_LifE-Studie-scaled.png 2560w, https:\/\/life3g.de\/wp-content\/uploads\/Studiendesign_LifE-Studie-300x173.png 300w, https:\/\/life3g.de\/wp-content\/uploads\/Studiendesign_LifE-Studie-1030x594.png 1030w, https:\/\/life3g.de\/wp-content\/uploads\/Studiendesign_LifE-Studie-768x443.png 768w, https:\/\/life3g.de\/wp-content\/uploads\/Studiendesign_LifE-Studie-1536x886.png 1536w, https:\/\/life3g.de\/wp-content\/uploads\/Studiendesign_LifE-Studie-2048x1181.png 2048w, https:\/\/life3g.de\/wp-content\/uploads\/Studiendesign_LifE-Studie-1500x865.png 1500w, https:\/\/life3g.de\/wp-content\/uploads\/Studiendesign_LifE-Studie-705x407.png 705w\" sizes=\"(max-width: 2560px) 100vw, 2560px\" \/><\/a><\/div><\/div><\/div><\/p><\/div>\n<section  class='av_textblock_section av-lvpber1e-abf422e17beecb3858c63aeb7641420d '   itemscope=\"itemscope\" itemtype=\"https:\/\/schema.org\/CreativeWork\" ><div class='avia_textblock'  itemprop=\"text\" ><p>Mit der achten Befragung der LifE-Generation 2024 werden dom\u00e4nenspezifische Entwicklungsprozesse, Investitionen und Ereignisse im sp\u00e4ten Erwachsenenalter erforscht: der Erwerbsverlauf und berufliche Erfolg von M\u00e4nnern und Frauen; Paarbeziehungen und famili\u00e4re Austausch- und Solidarit\u00e4tsbeziehungen, die h\u00e4ufig vom Ende des gemeinsamen Familienlebens innerhalb eines Haushalts durch den Auszug der Kinder sowie neuen Verantwortlichkeiten gegen\u00fcber den zunehmend hilfs- und pflegebed\u00fcrftigen Eltern gepr\u00e4gt sind; politische Orientierungen sowie Pers\u00f6nlichkeit, Entscheidungsfreiheit und Wohlbefinden.<\/p>\n<\/div><\/section>\n<section  class='av_textblock_section av-lvpbeumj-45a5a32ea60b3003a94c092d2663093a '   itemscope=\"itemscope\" itemtype=\"https:\/\/schema.org\/CreativeWork\" ><div class='avia_textblock'  itemprop=\"text\" ><p>Das Erkenntnisinteresse bezieht sich auch auf die Familie als Kontext unterschiedlicher Entwicklung unter Geschwistern und intergenerationaler \u00dcbertragungsprozesse; dazu liefert die erstmalige Befragung m\u00f6glichst aller Kinder der LifE-Generation 2025 Daten. In den Blick genommen werden der Bildungsbereich und die Frage nach der Chancengleichheit, Partnerschaftsqualit\u00e4t, Elternschaft und Erziehungs\u00fcberzeugungen, politische Orientierungen, kulturelle Praktiken, religi\u00f6se Zugeh\u00f6rigkeit und famili\u00e4re Werte.<\/p>\n<\/div><\/section>\n\n<style type=\"text\/css\" data-created_by=\"avia_inline_auto\" id=\"style-css-av-lvpbmytb-87f1d3d64f014a9d96d160fc5ba53ab9\">\n#top .hr.hr-invisible.av-lvpbmytb-87f1d3d64f014a9d96d160fc5ba53ab9{\nheight:50px;\n}\n<\/style>\n<div  class='hr av-lvpbmytb-87f1d3d64f014a9d96d160fc5ba53ab9 hr-invisible  avia-builder-el-9  el_after_av_textblock  avia-builder-el-last '><span class='hr-inner '><span class=\"hr-inner-style\"><\/span><\/span><\/div>\n","protected":false},"excerpt":{"rendered":"","protected":false},"author":1,"featured_media":0,"parent":36,"menu_order":40,"comment_status":"closed","ping_status":"closed","template":"","meta":{"footnotes":""},"class_list":["post-61","page","type-page","status-publish","hentry"],"_links":{"self":[{"href":"https:\/\/life3g.de\/en\/wp-json\/wp\/v2\/pages\/61","targetHints":{"allow":["GET"]}}],"collection":[{"href":"https:\/\/life3g.de\/en\/wp-json\/wp\/v2\/pages"}],"about":[{"href":"https:\/\/life3g.de\/en\/wp-json\/wp\/v2\/types\/page"}],"author":[{"embeddable":true,"href":"https:\/\/life3g.de\/en\/wp-json\/wp\/v2\/users\/1"}],"replies":[{"embeddable":true,"href":"https:\/\/life3g.de\/en\/wp-json\/wp\/v2\/comments?post=61"}],"version-history":[{"count":27,"href":"https:\/\/life3g.de\/en\/wp-json\/wp\/v2\/pages\/61\/revisions"}],"predecessor-version":[{"id":1360,"href":"https:\/\/life3g.de\/en\/wp-json\/wp\/v2\/pages\/61\/revisions\/1360"}],"up":[{"embeddable":true,"href":"https:\/\/life3g.de\/en\/wp-json\/wp\/v2\/pages\/36"}],"wp:attachment":[{"href":"https:\/\/life3g.de\/en\/wp-json\/wp\/v2\/media?parent=61"}],"curies":[{"name":"wp","href":"https:\/\/api.w.org\/{rel}","templated":true}]}}