{"id":669,"date":"2024-05-08T13:02:17","date_gmt":"2024-05-08T11:02:17","guid":{"rendered":"https:\/\/life3g.de\/?page_id=669"},"modified":"2024-12-16T16:01:09","modified_gmt":"2024-12-16T15:01:09","slug":"impressum","status":"publish","type":"page","link":"https:\/\/life3g.de\/en\/impressum\/","title":{"rendered":"Impressum"},"content":{"rendered":"\n<style type=\"text\/css\" data-created_by=\"avia_inline_auto\" id=\"style-css-av-lvxpoqem-7bd2ba5be91f46de782444edec3fb32a\">\n#top .hr.hr-invisible.av-lvxpoqem-7bd2ba5be91f46de782444edec3fb32a{\nheight:50px;\n}\n<\/style>\n<div  class='hr av-lvxpoqem-7bd2ba5be91f46de782444edec3fb32a hr-invisible  avia-builder-el-0  el_before_av_textblock  avia-builder-el-first '><span class='hr-inner '><span class=\"hr-inner-style\"><\/span><\/span><\/div>\n<section  class='av_textblock_section av-a8pnx-f87fbc3e0f2b720b15893547cdfa6344 '   itemscope=\"itemscope\" itemtype=\"https:\/\/schema.org\/CreativeWork\" ><div class='avia_textblock'  itemprop=\"text\" ><h2>Impressum<\/h2>\n<p>Seitenbetreiber im Sinne des Paragraphen 5 des Telemediengesetztes, Vertretungsberechtigter und inhaltliche Verantwortlicher gem\u00e4\u00df Paragraph 55, Absatz 2 des Rundfunkstaatsvertrags:<\/p>\n<p>Prof. Wolfgang Lauterbach<br \/>\nHumanwissenschaftliche Fakult\u00e4t<br \/>\nLehrstuhl f\u00fcr Sozialwissenschaftliche Bildungsforschung<br \/>\nKarl-Liebknecht-Str. 24-25<br \/>\nD-14476 Potsdam<br \/>\n0049 (0)331\/977-2135<\/p>\n<p>LifE<sup>3G<\/sup> ist ein Projekt der Universit\u00e4t Potsdam (UID-Nummer gem\u00e4\u00df Paragraph 27a des Umsatzsteuergesetzes: DE138408327)<\/p>\n<p>Haftung f\u00fcr Links<br \/>\nUnser Angebot enth\u00e4lt Links zu externen Webseiten Dritter, auf deren Inhalte wir keinen Einfluss haben. Deshalb k\u00f6nnen wir f\u00fcr diese fremden Inhalte auch keine Gew\u00e4hr \u00fcbernehmen. F\u00fcr die Inhalte der verlinkten Seiten ist stets der jeweilige Anbieter oder Betreiber der Seiten verantwortlich. Die verlinkten Seiten wurden zum Zeitpunkt der Verlinkung auf m\u00f6gliche Rechtsverst\u00f6\u00dfe \u00fcberpr\u00fcft. Rechtswidrige Inhalte waren zum Zeitpunkt der Verlinkung nicht erkennbar. Eine permanente inhaltliche Kontrolle der verlinkten Seiten ist jedoch ohne konkrete Anhaltspunkte einer Rechtsverletzung nicht zumutbar. Bei Bekanntwerden von Rechtsverletzungen werden wir derartige Links umgehend entfernen.<\/p>\n<p>Urheberrecht<br \/>\nDie durch die Seitenbetreiber erstellten Inhalte und Werke auf diesen Seiten unterliegen dem deutschen Urheberrecht. Die Vervielf\u00e4ltigung, Bearbeitung, Verbreitung und jede Art der Verwertung au\u00dferhalb der Grenzen des Urheberrechtes bed\u00fcrfen der schriftlichen Zustimmung des jeweiligen Autors bzw. Erstellers. Downloads und Kopien dieser Seite sind nur f\u00fcr den privaten, nicht kommerziellen Gebrauch gestattet. Soweit die Inhalte auf dieser Seite nicht vom Betreiber erstellt wurden, werden die Urheberrechte Dritter beachtet. Insbesondere werden Inhalte Dritter als solche gekennzeichnet. Sollten Sie trotzdem auf eine Urheberrechtsverletzung aufmerksam werden, bitten wir um einen entsprechenden Hinweis. Bei Bekanntwerden von Rechtsverletzungen werden wir derartige Inhalte umgehend entfernen.<\/p>\n<\/div><\/section>\n","protected":false},"excerpt":{"rendered":"","protected":false},"author":2,"featured_media":0,"parent":0,"menu_order":0,"comment_status":"closed","ping_status":"closed","template":"","meta":{"footnotes":""},"class_list":["post-669","page","type-page","status-publish","hentry"],"_links":{"self":[{"href":"https:\/\/life3g.de\/en\/wp-json\/wp\/v2\/pages\/669","targetHints":{"allow":["GET"]}}],"collection":[{"href":"https:\/\/life3g.de\/en\/wp-json\/wp\/v2\/pages"}],"about":[{"href":"https:\/\/life3g.de\/en\/wp-json\/wp\/v2\/types\/page"}],"author":[{"embeddable":true,"href":"https:\/\/life3g.de\/en\/wp-json\/wp\/v2\/users\/2"}],"replies":[{"embeddable":true,"href":"https:\/\/life3g.de\/en\/wp-json\/wp\/v2\/comments?post=669"}],"version-history":[{"count":7,"href":"https:\/\/life3g.de\/en\/wp-json\/wp\/v2\/pages\/669\/revisions"}],"predecessor-version":[{"id":1061,"href":"https:\/\/life3g.de\/en\/wp-json\/wp\/v2\/pages\/669\/revisions\/1061"}],"wp:attachment":[{"href":"https:\/\/life3g.de\/en\/wp-json\/wp\/v2\/media?parent=669"}],"curies":[{"name":"wp","href":"https:\/\/api.w.org\/{rel}","templated":true}]}}