{"id":67,"date":"2024-03-14T11:01:04","date_gmt":"2024-03-14T10:01:04","guid":{"rendered":"https:\/\/life3g.de\/?page_id=67"},"modified":"2024-05-02T16:12:26","modified_gmt":"2024-05-02T14:12:26","slug":"fuer-teilnehmende","status":"publish","type":"page","link":"https:\/\/life3g.de\/en\/fuer-teilnehmende\/","title":{"rendered":"F\u00fcr Teilnehmende"},"content":{"rendered":"\n<style type=\"text\/css\" data-created_by=\"avia_inline_auto\" id=\"style-css-av-lvmhbweb-a7df8835153419a3b5ec7a259979faca\">\n#top .hr.hr-invisible.av-lvmhbweb-a7df8835153419a3b5ec7a259979faca{\nheight:8px;\n}\n<\/style>\n<div  class='hr av-lvmhbweb-a7df8835153419a3b5ec7a259979faca hr-invisible  avia-builder-el-0  el_before_av_heading  avia-builder-el-first '><span class='hr-inner '><span class=\"hr-inner-style\"><\/span><\/span><\/div>\n\n<style type=\"text\/css\" data-created_by=\"avia_inline_auto\" id=\"style-css-av-ltr281jh-26f63e72bbf8628c32b31b3d70932d30\">\n#top .av-special-heading.av-ltr281jh-26f63e72bbf8628c32b31b3d70932d30{\npadding-bottom:10px;\n}\nbody .av-special-heading.av-ltr281jh-26f63e72bbf8628c32b31b3d70932d30 .av-special-heading-tag .heading-char{\nfont-size:25px;\n}\n.av-special-heading.av-ltr281jh-26f63e72bbf8628c32b31b3d70932d30 .av-subheading{\nfont-size:15px;\n}\n<\/style>\n<div  class='av-special-heading av-ltr281jh-26f63e72bbf8628c32b31b3d70932d30 av-special-heading-h1 blockquote modern-quote  avia-builder-el-1  el_after_av_hr  el_before_av_textblock '><h1 class='av-special-heading-tag'  itemprop=\"headline\"  >F\u00fcr Teilnehmende<\/h1><div class=\"special-heading-border\"><div class=\"special-heading-inner-border\"><\/div><\/div><\/div>\n<section  class='av_textblock_section av-lvmh08l2-266f453f1302c00938e64ca14fb93c6f '   itemscope=\"itemscope\" itemtype=\"https:\/\/schema.org\/CreativeWork\" ><div class='avia_textblock'  itemprop=\"text\" ><p><strong>Eine herzliche Bitte um Teilnahme und ein gro\u00dfer Dank schon im Voraus \u2026<\/strong><\/p>\n<p>Liebe ehemalige Teilnehmerinnen und Teilnehmer der LifE-Studie,<\/p>\n<p>wir w\u00fcrden uns sehr freuen, wenn Sie sich dieses Jahr wieder an der LifE-Studie beteiligen. Sie haben seit Ihrer Jugendzeit bereits bis zu sieben Mal an der Studie teilgenommen. Dadurch haben Sie dazu beigetragen, dass wir mehr dar\u00fcber wissen, wie sich Lebensverl\u00e4ufe und Familienbeziehungen ver\u00e4ndern und wie Menschen in verschiedenen Lebensphasen und Lebenslagen unterst\u00fctzt werden k\u00f6nnen.<\/p>\n<p>Mit der achten Erhebung in diesem Jahr wollen wir die Entwicklung von der Jugend bis in die Lebensphase zwischen 50 und 60 untersuchen. Es geht um Fragen des Berufs und des Erwerbs, um die Freizeit und das Wohlbefinden sowie um einen Ausblick auf die n\u00e4chsten Lebensjahre. Ein besonderes Augenmerk m\u00f6chten wir auf Ihre Beziehung zu den eigenen Eltern und zu Ihren Kindern legen, sofern Sie Kinder haben. Die Studie tr\u00e4gt deshalb neu den Titel LifE<sup>3G<\/sup>, was als Abk\u00fcrzung f\u00fcr Lebensverl\u00e4ufe von drei Familiengenerationen steht. Wir werden f\u00fcr Sie gerne wieder einen Bericht \u00fcber die Ergebnisse der Studie schreiben.<\/p>\n<p>Die LifE<sup>3G<\/sup>-Studie ist weltweit eine der wenigen und in Deutschland die einzige Untersuchung, die \u00fcber 40 Jahre hinweg die Lebensverl\u00e4ufe von drei miteinander verbundenen Generationen untersucht (<a href=\"https:\/\/de.wikipedia.org\/wiki\/LifE-Studie\">https:\/\/de.wikipedia.org\/wiki\/LifE-Studie<\/a>). Sie ist von gro\u00dfem gesellschaftlichem Interesse. Dies wird auch daraus ersichtlich, dass sie seit Jahrzehnten aus Mitteln der Bundesrepublik Deutschland sowie aus Mitteln der Republik \u00d6sterreich und der Schweizerischen Eidgenossenschaft finanziert wird. Entsprechend wichtig und wertvoll ist Ihre erneute Teilnahme.<\/p>\n<p>Auf dieser Website finden Sie viele Informationen zur Studie und zu unserem Forschungsteam. Wir versichern Ihnen, dass die Studie nach den h\u00f6chsten wissenschaftlichen und ethischen Standards durchgef\u00fchrt wird. Die Antworten werden nur zu wissenschaftlichen Zwecken, in vollst\u00e4ndig anonymisierter Form und in voller \u00dcbereinstimmung mit den Datenschutzgesetzgebungen ausgewertet.<\/p>\n<p>Wenn Sie Fragen haben, k\u00f6nnen Sie sich gerne an uns wenden. Wir freuen uns, Ihnen pers\u00f6nlich Auskunft zu geben. Unsere Telefonnummer und Adresse finden Sie auf dieser Website in der Rubrik \u201e<a href=\"https:\/\/life3g.de\/kontakt\/\">Kontakt<\/a>\u201c.<\/p>\n<p>Haben Sie schon im Voraus herzlichen Dank f\u00fcr Ihre Unterst\u00fctzung.<\/p>\n<p>Das LifE<sup>3G<\/sup>-Team<\/p>\n<\/div><\/section>\n\n<style type=\"text\/css\" data-created_by=\"avia_inline_auto\" id=\"style-css-av-lvmha30t-76bad82f28aed08f6e9731e231ec980e\">\n.avia-image-container.av-lvmha30t-76bad82f28aed08f6e9731e231ec980e img.avia_image{\nbox-shadow:none;\n}\n.avia-image-container.av-lvmha30t-76bad82f28aed08f6e9731e231ec980e .av-image-caption-overlay-center{\ncolor:#ffffff;\n}\n<\/style>\n<div  class='avia-image-container av-lvmha30t-76bad82f28aed08f6e9731e231ec980e av-styling- avia-align-center  avia-builder-el-3  el_after_av_textblock  avia-builder-el-last '   itemprop=\"image\" itemscope=\"itemscope\" itemtype=\"https:\/\/schema.org\/ImageObject\" ><div class=\"avia-image-container-inner\"><div class=\"avia-image-overlay-wrap\"><img decoding=\"async\" fetchpriority=\"high\" class='wp-image-364 avia-img-lazy-loading-not-364 avia_image ' src=\"https:\/\/life3g.de\/wp-content\/uploads\/Forschungsteam.svg\" alt='' title='Forschungsteam'   itemprop=\"thumbnailUrl\"  \/><\/div><\/div><\/div>\n","protected":false},"excerpt":{"rendered":"","protected":false},"author":1,"featured_media":0,"parent":0,"menu_order":0,"comment_status":"closed","ping_status":"closed","template":"","meta":{"footnotes":""},"class_list":["post-67","page","type-page","status-publish","hentry"],"_links":{"self":[{"href":"https:\/\/life3g.de\/en\/wp-json\/wp\/v2\/pages\/67","targetHints":{"allow":["GET"]}}],"collection":[{"href":"https:\/\/life3g.de\/en\/wp-json\/wp\/v2\/pages"}],"about":[{"href":"https:\/\/life3g.de\/en\/wp-json\/wp\/v2\/types\/page"}],"author":[{"embeddable":true,"href":"https:\/\/life3g.de\/en\/wp-json\/wp\/v2\/users\/1"}],"replies":[{"embeddable":true,"href":"https:\/\/life3g.de\/en\/wp-json\/wp\/v2\/comments?post=67"}],"version-history":[{"count":7,"href":"https:\/\/life3g.de\/en\/wp-json\/wp\/v2\/pages\/67\/revisions"}],"predecessor-version":[{"id":801,"href":"https:\/\/life3g.de\/en\/wp-json\/wp\/v2\/pages\/67\/revisions\/801"}],"wp:attachment":[{"href":"https:\/\/life3g.de\/en\/wp-json\/wp\/v2\/media?parent=67"}],"curies":[{"name":"wp","href":"https:\/\/api.w.org\/{rel}","templated":true}]}}