{"id":722,"date":"2024-09-12T13:39:25","date_gmt":"2024-09-12T11:39:25","guid":{"rendered":"https:\/\/life3g.de\/?page_id=722"},"modified":"2024-12-18T13:31:18","modified_gmt":"2024-12-18T12:31:18","slug":"intro3g","status":"publish","type":"page","link":"https:\/\/life3g.de\/en\/intro3g\/","title":{"rendered":"Intro3g"},"content":{"rendered":"\n<style type=\"text\/css\" data-created_by=\"avia_inline_auto\" id=\"style-css-av-1m55e-0ec266b16639bbe22dc38409f3d8eb8b\">\n#top .hr.hr-invisible.av-1m55e-0ec266b16639bbe22dc38409f3d8eb8b{\nheight:30px;\n}\n<\/style>\n<div  class='hr av-1m55e-0ec266b16639bbe22dc38409f3d8eb8b hr-invisible  avia-builder-el-0  el_before_av_heading  avia-builder-el-first '><span class='hr-inner '><span class=\"hr-inner-style\"><\/span><\/span><\/div>\n\n<style type=\"text\/css\" data-created_by=\"avia_inline_auto\" id=\"style-css-av-m4tvbw7l-9b29b495e9e291c8e343bb7057d3f1f5\">\n#top .av-special-heading.av-m4tvbw7l-9b29b495e9e291c8e343bb7057d3f1f5{\npadding-bottom:10px;\n}\nbody .av-special-heading.av-m4tvbw7l-9b29b495e9e291c8e343bb7057d3f1f5 .av-special-heading-tag .heading-char{\nfont-size:25px;\n}\n.av-special-heading.av-m4tvbw7l-9b29b495e9e291c8e343bb7057d3f1f5 .av-subheading{\nfont-size:15px;\n}\n<\/style>\n<div  class='av-special-heading av-m4tvbw7l-9b29b495e9e291c8e343bb7057d3f1f5 av-special-heading-h3 blockquote modern-quote  avia-builder-el-1  el_after_av_hr  el_before_av_textblock '><h3 class='av-special-heading-tag'  itemprop=\"headline\"  >Ihre Eltern sind Teil der gr\u00f6\u00dften deutschen Lebensverlaufsstudie LifE<\/h3><div class=\"special-heading-border\"><div class=\"special-heading-inner-border\"><\/div><\/div><\/div>\n<section  class='av_textblock_section av-m4tvg0vn-92838482df894e55982d3e9bc8cbc687 '   itemscope=\"itemscope\" itemtype=\"https:\/\/schema.org\/CreativeWork\" ><div class='avia_textblock'  itemprop=\"text\" ><p>Die LifE Studie begann im Jahre 1979. Im Mai 2024 haben Ihre Eltern zum wiederholten Mal an der Studie teilgenommen. Sie sind seit 45 Jahren dabei. Manche von Ihnen waren im Jahre 2012 selbst bereits beteiligt.<\/p>\n<\/div><\/section>\n\n<style type=\"text\/css\" data-created_by=\"avia_inline_auto\" id=\"style-css-av-m4tvclb4-69239ddc4ea3dd019a55f4432aaf63e9\">\n#top .av-special-heading.av-m4tvclb4-69239ddc4ea3dd019a55f4432aaf63e9{\npadding-bottom:10px;\n}\nbody .av-special-heading.av-m4tvclb4-69239ddc4ea3dd019a55f4432aaf63e9 .av-special-heading-tag .heading-char{\nfont-size:25px;\n}\n.av-special-heading.av-m4tvclb4-69239ddc4ea3dd019a55f4432aaf63e9 .av-subheading{\nfont-size:15px;\n}\n<\/style>\n<div  class='av-special-heading av-m4tvclb4-69239ddc4ea3dd019a55f4432aaf63e9 av-special-heading-h3 blockquote modern-quote  avia-builder-el-3  el_after_av_textblock  el_before_av_textblock '><h3 class='av-special-heading-tag'  itemprop=\"headline\"  >Wir laden Sie ein, ebenfalls Teil der Studie zu werden<\/h3><div class=\"special-heading-border\"><div class=\"special-heading-inner-border\"><\/div><\/div><\/div>\n<section  class='av_textblock_section av-m4tvcrqe-62312318e49980aa3274823fd9a14c2e '   itemscope=\"itemscope\" itemtype=\"https:\/\/schema.org\/CreativeWork\" ><div class='avia_textblock'  itemprop=\"text\" ><section class=\"av_textblock_section av-m3yhz59o-9c6d8875c2f28bc6cc11a4d778a0e437 \">\n<div class=\"avia_textblock\">\n<p>Die LifE-Studie soll zu einer Familienstudie werden. Die Lebensverl\u00e4ufe von Gro\u00dfeltern, Eltern und Kindern h\u00e4ngen eng zusammen. Wo grenzen sich Kinder von Ihren Eltern und ggf. Ihren Gro\u00dfeltern ab und gehen eigene Wege und was \u00fcbernehmen sie? Um diese Fragen beantworten zu k\u00f6nnen, ist Ihre Sicht der Dinge zentral. Bitte nehmen auch Sie an der Studie teil.<\/p>\n<p>Weitere Informationen zur Studie haben wir f\u00fcr Sie auf\u00a0<a href=\"https:\/\/de.wikipedia.org\/wiki\/LifE-Studie\" target=\"_blank\" rel=\"noopener\">Wikipedia<\/a>\u00a0zusammengestellt.<\/p>\n<p>Nach Abschluss der Befragung lassen wir Sie auch gerne an den ersten Ergebnissen teilhaben wie dies auch bei Ihren Eltern der Fall war. Sollten Sie an den ersten Ergebnissen Ihrer Eltern interessiert sein finden Sie einen Auszug der Ergebnisse auf der Seite <a href=\"https:\/\/life3g.de\/life-generation\/ergebnisbroschuere\/\">Ergebnisbrosch\u00fcre<\/a> sowie auch die vollst\u00e4ndige Ergebnisbrosch\u00fcre am Ende der Seite. Wir freuen uns Sie als neue Teilnehmenden der Studie begr\u00fc\u00dfen zu d\u00fcrfen und bedanken uns, dass Sie LifE neues Leben einhauchen.<\/p>\n<\/div>\n<\/section>\n<\/div><\/section>\n\n<style type=\"text\/css\" data-created_by=\"avia_inline_auto\" id=\"style-css-av-9nk4q-5731070862b97fe81480a091409d3515\">\n#top .hr.hr-invisible.av-9nk4q-5731070862b97fe81480a091409d3515{\nheight:30px;\n}\n<\/style>\n<div  class='hr av-9nk4q-5731070862b97fe81480a091409d3515 hr-invisible  avia-builder-el-5  el_after_av_textblock  el_before_av_codeblock '><span class='hr-inner '><span class=\"hr-inner-style\"><\/span><\/span><\/div>\n\n\n<style type=\"text\/css\" data-created_by=\"avia_inline_auto\" id=\"style-css-av-11wr6-008d5221fbf8f1f0c803812fa3f82f1c\">\n#top .hr.hr-invisible.av-11wr6-008d5221fbf8f1f0c803812fa3f82f1c{\nheight:30px;\n}\n<\/style>\n<div  class='hr av-11wr6-008d5221fbf8f1f0c803812fa3f82f1c hr-invisible  avia-builder-el-7  el_after_av_codeblock  avia-builder-el-last '><span class='hr-inner '><span class=\"hr-inner-style\"><\/span><\/span><\/div>\n","protected":false},"excerpt":{"rendered":"","protected":false},"author":2,"featured_media":0,"parent":0,"menu_order":0,"comment_status":"closed","ping_status":"closed","template":"","meta":{"footnotes":""},"class_list":["post-722","page","type-page","status-publish","hentry"],"_links":{"self":[{"href":"https:\/\/life3g.de\/en\/wp-json\/wp\/v2\/pages\/722","targetHints":{"allow":["GET"]}}],"collection":[{"href":"https:\/\/life3g.de\/en\/wp-json\/wp\/v2\/pages"}],"about":[{"href":"https:\/\/life3g.de\/en\/wp-json\/wp\/v2\/types\/page"}],"author":[{"embeddable":true,"href":"https:\/\/life3g.de\/en\/wp-json\/wp\/v2\/users\/2"}],"replies":[{"embeddable":true,"href":"https:\/\/life3g.de\/en\/wp-json\/wp\/v2\/comments?post=722"}],"version-history":[{"count":10,"href":"https:\/\/life3g.de\/en\/wp-json\/wp\/v2\/pages\/722\/revisions"}],"predecessor-version":[{"id":1158,"href":"https:\/\/life3g.de\/en\/wp-json\/wp\/v2\/pages\/722\/revisions\/1158"}],"wp:attachment":[{"href":"https:\/\/life3g.de\/en\/wp-json\/wp\/v2\/media?parent=722"}],"curies":[{"name":"wp","href":"https:\/\/api.w.org\/{rel}","templated":true}]}}