{"id":794,"date":"2024-11-26T14:09:43","date_gmt":"2024-11-26T13:09:43","guid":{"rendered":"https:\/\/life3g.de\/?page_id=794"},"modified":"2025-08-11T16:30:22","modified_gmt":"2025-08-11T14:30:22","slug":"life-generation-2","status":"publish","type":"page","link":"https:\/\/life3g.de\/en\/life-generation-2\/","title":{"rendered":"LifE-Generation"},"content":{"rendered":"\n<style type=\"text\/css\" data-created_by=\"avia_inline_auto\" id=\"style-css-av-me75dgck-0c3251ac99eef1084d2dddb8eac7bfa1\">\n#top .hr.hr-invisible.av-me75dgck-0c3251ac99eef1084d2dddb8eac7bfa1{\nheight:60px;\n}\n<\/style>\n<div  class='hr av-me75dgck-0c3251ac99eef1084d2dddb8eac7bfa1 hr-invisible  avia-builder-el-0  el_before_av_one_full  avia-builder-el-first '><span class='hr-inner '><span class=\"hr-inner-style\"><\/span><\/span><\/div>\n<div  class='flex_column av-5qofe-da23ee45cda4ecc392a4cb63b01a085c av_one_full  avia-builder-el-1  el_after_av_hr  el_before_av_two_third  first flex_column_div  '     ><section  class='av_textblock_section av-mdn24nx6-0fec2c50e34b1c138d03b84cabab73bd '   itemscope=\"itemscope\" itemtype=\"https:\/\/schema.org\/CreativeWork\" ><div class='avia_textblock'  itemprop=\"text\" ><h2><strong>Danke an die LifE-Generation<\/strong><\/h2>\n<\/div><\/section><\/div>\n<div  class='flex_column av-n2yyq-cb66cfac7ff2c0114baf36bf9dab39a4 av_two_third  avia-builder-el-3  el_after_av_one_full  el_before_av_one_third  first flex_column_div  column-top-margin'     ><section  class='av_textblock_section av-m3yh9j4i-ae9dbc66bc9e7fd9e6c6a3b68c96e952 '   itemscope=\"itemscope\" itemtype=\"https:\/\/schema.org\/CreativeWork\" ><div class='avia_textblock'  itemprop=\"text\" ><h4><strong>Ihre Unterst\u00fctzung macht die Forschung \u00fcber Generationen m\u00f6glich<\/strong><\/h4>\n<p>Anfang des Jahres haben wir Sie \u2013 die LifE-Generation \u2013 gebeten, uns zu helfen, Kontakt zu Ihren Kindern aufzunehmen. Viele von Ihnen haben uns dabei unterst\u00fctzt und die n\u00e4chste Generation auf unsere Studie aufmerksam gemacht. Daf\u00fcr m\u00f6chten wir Ihnen herzlich danken.<\/p>\n<p>Ihre langj\u00e4hrige Teilnahme an der LifE-Studie ist etwas Besonderes. Seit 1979 begleiten Sie uns \u2013 in vielen F\u00e4llen \u00fcber Jahrzehnte hinweg. Sie haben Einblicke in Ihre Lebensverl\u00e4ufe gew\u00e4hrt, Entscheidungen und Umwege geteilt, Entwicklungen aufgezeigt und Ver\u00e4nderungen sichtbar gemacht. Ihre Offenheit bildet das Fundament unserer Forschung.<\/p>\n<\/div><\/section><\/div>\n<div  class='flex_column av-1em2qy-a9402455359cdde7b10629fb9a2fea7c av_one_third  avia-builder-el-5  el_after_av_two_third  el_before_av_hr  flex_column_div  column-top-margin'     ><style type=\"text\/css\" data-created_by=\"avia_inline_auto\" id=\"style-css-av-me75b7is-3b80bee6f0cd73ea44b024f66aa3f7a0\">\n.avia-image-container.av-me75b7is-3b80bee6f0cd73ea44b024f66aa3f7a0 img.avia_image{\nbox-shadow:none;\n}\n.avia-image-container.av-me75b7is-3b80bee6f0cd73ea44b024f66aa3f7a0 .av-image-caption-overlay-center{\ncolor:#ffffff;\n}\n<\/style>\n<div  class='avia-image-container av-me75b7is-3b80bee6f0cd73ea44b024f66aa3f7a0 av-styling- avia-align-center  avia-builder-el-6  avia-builder-el-no-sibling  av-small-hide av-mini-hide'   itemprop=\"image\" itemscope=\"itemscope\" itemtype=\"https:\/\/schema.org\/ImageObject\" ><div class=\"avia-image-container-inner\"><div class=\"avia-image-overlay-wrap\"><img decoding=\"async\" fetchpriority=\"high\" class='wp-image-1375 avia-img-lazy-loading-not-1375 avia_image ' src=\"https:\/\/life3g.de\/wp-content\/uploads\/G2-Ehepaar-mit-Hund-137x300.png\" alt='' title='G2 Ehepaar mit Hund'  height=\"300\" width=\"137\"  itemprop=\"thumbnailUrl\" srcset=\"https:\/\/life3g.de\/wp-content\/uploads\/G2-Ehepaar-mit-Hund-137x300.png 137w, https:\/\/life3g.de\/wp-content\/uploads\/G2-Ehepaar-mit-Hund-322x705.png 322w, https:\/\/life3g.de\/wp-content\/uploads\/G2-Ehepaar-mit-Hund.png 418w\" sizes=\"(max-width: 137px) 100vw, 137px\" \/><\/div><\/div><\/div><\/div>\n\n<style type=\"text\/css\" data-created_by=\"avia_inline_auto\" id=\"style-css-av-me75kuue-e273131dce976291bc7104969b547926\">\n#top .hr.hr-invisible.av-me75kuue-e273131dce976291bc7104969b547926{\nheight:80px;\n}\n<\/style>\n<div  class='hr av-me75kuue-e273131dce976291bc7104969b547926 hr-invisible  avia-builder-el-7  el_after_av_one_third  el_before_av_one_third  av-small-hide av-mini-hide'><span class='hr-inner '><span class=\"hr-inner-style\"><\/span><\/span><\/div>\n<div  class='flex_column av-me75k2pp-602ed0b4b53cd29c2de57774594c17bd av_one_third  avia-builder-el-8  el_after_av_hr  el_before_av_two_third  first flex_column_div av-hide-on-mobile  '     ><p>\n<style type=\"text\/css\" data-created_by=\"avia_inline_auto\" id=\"style-css-av-me75i4n8-cd1f7a392b037fbd21df4d6772c09766\">\n#top .hr.hr-invisible.av-me75i4n8-cd1f7a392b037fbd21df4d6772c09766{\nheight:50px;\n}\n<\/style>\n<div  class='hr av-me75i4n8-cd1f7a392b037fbd21df4d6772c09766 hr-invisible  avia-builder-el-9  el_before_av_image  avia-builder-el-first '><span class='hr-inner '><span class=\"hr-inner-style\"><\/span><\/span><\/div><br \/>\n\n<style type=\"text\/css\" data-created_by=\"avia_inline_auto\" id=\"style-css-av-me75gkix-04928b6eec76d5a57c781089eccfd127\">\n.avia-image-container.av-me75gkix-04928b6eec76d5a57c781089eccfd127 img.avia_image{\nbox-shadow:none;\n}\n.avia-image-container.av-me75gkix-04928b6eec76d5a57c781089eccfd127 .av-image-caption-overlay-center{\ncolor:#ffffff;\n}\n<\/style>\n<div  class='avia-image-container av-me75gkix-04928b6eec76d5a57c781089eccfd127 av-styling- avia-align-center  avia-builder-el-10  el_after_av_hr  avia-builder-el-last  av-small-hide av-mini-hide'   itemprop=\"image\" itemscope=\"itemscope\" itemtype=\"https:\/\/schema.org\/ImageObject\" ><div class=\"avia-image-container-inner\"><div class=\"avia-image-overlay-wrap\"><img decoding=\"async\" fetchpriority=\"high\" class='wp-image-1017 avia-img-lazy-loading-not-1017 avia_image ' src=\"https:\/\/life3g.de\/wp-content\/uploads\/Eltern-mit-Kind-290x300.png\" alt='' title='Eltern mit Kind'  height=\"300\" width=\"290\"  itemprop=\"thumbnailUrl\" srcset=\"https:\/\/life3g.de\/wp-content\/uploads\/Eltern-mit-Kind-290x300.png 290w, https:\/\/life3g.de\/wp-content\/uploads\/Eltern-mit-Kind-996x1030.png 996w, https:\/\/life3g.de\/wp-content\/uploads\/Eltern-mit-Kind-768x794.png 768w, https:\/\/life3g.de\/wp-content\/uploads\/Eltern-mit-Kind-1485x1536.png 1485w, https:\/\/life3g.de\/wp-content\/uploads\/Eltern-mit-Kind-1980x2048.png 1980w, https:\/\/life3g.de\/wp-content\/uploads\/Eltern-mit-Kind-36x36.png 36w, https:\/\/life3g.de\/wp-content\/uploads\/Eltern-mit-Kind-1450x1500.png 1450w, https:\/\/life3g.de\/wp-content\/uploads\/Eltern-mit-Kind-682x705.png 682w\" sizes=\"(max-width: 290px) 100vw, 290px\" \/><\/div><\/div><\/div><\/p><\/div>\n<div  class='flex_column av-18wxpu-c694c67236ceec91614aa65b663f1d99 av_two_third  avia-builder-el-11  el_after_av_one_third  el_before_av_one_full  flex_column_div  '     ><section  class='av_textblock_section av-11tg6q-2ad825883e41c298e88789f11329c3ed '   itemscope=\"itemscope\" itemtype=\"https:\/\/schema.org\/CreativeWork\" ><div class='avia_textblock'  itemprop=\"text\" ><h4><strong>Warum wir jetzt Ihre Kinder befragen<\/strong><\/h4>\n<p>Die Lebensgeschichten einer Generation sind wertvoll \u2013 doch ihr volles Potenzial entfaltet sich erst im Zusammenspiel mit anderen Generationen. Schon in den 1980er Jahren haben wir Ihre Eltern \u2013 die erste Generation \u2013 in die Studie einbezogen. Heute ist es an der Zeit, auch Ihre Kinder in den Blick zu nehmen.<\/p>\n<\/div><\/section><br \/>\n\n<style type=\"text\/css\" data-created_by=\"avia_inline_auto\" id=\"style-css-av-vqw4q-0e9a0baf2ffa49d3e252b7421109c5d5\">\n#top .hr.hr-invisible.av-vqw4q-0e9a0baf2ffa49d3e252b7421109c5d5{\nheight:30px;\n}\n<\/style>\n<div  class='hr av-vqw4q-0e9a0baf2ffa49d3e252b7421109c5d5 hr-invisible  avia-builder-el-13  el_after_av_textblock  el_before_av_textblock '><span class='hr-inner '><span class=\"hr-inner-style\"><\/span><\/span><\/div><br \/>\n<section  class='av_textblock_section av-ptabe-06146ccf9aead56feb053f9b2cbc914a '   itemscope=\"itemscope\" itemtype=\"https:\/\/schema.org\/CreativeWork\" ><div class='avia_textblock'  itemprop=\"text\" ><h4><strong>Ihr Beitrag geht weiter<\/strong><\/h4>\n<p>Indem Sie Ihren Kindern von der Studie erz\u00e4hlt und ihre Teilnahme unterst\u00fctzt haben, tragen Sie dazu bei, ein noch umfassenderes Bild gesellschaftlichen Wandels zu zeichnen. Sie haben den Weg bereitet, damit wir nun erforschen k\u00f6nnen, wie sich famili\u00e4re Pr\u00e4gungen \u00fcber Generationen hinweg entfalten \u2013 oder bewusst durchbrochen werden.<\/p>\n<\/div><\/section><br \/>\n\n<style type=\"text\/css\" data-created_by=\"avia_inline_auto\" id=\"style-css-av-ivz0a-b3ffdb78a44efde7899a75a3c5cad5ad\">\n#top .hr.hr-invisible.av-ivz0a-b3ffdb78a44efde7899a75a3c5cad5ad{\nheight:30px;\n}\n<\/style>\n<div  class='hr av-ivz0a-b3ffdb78a44efde7899a75a3c5cad5ad hr-invisible  avia-builder-el-15  el_after_av_textblock  avia-builder-el-last '><span class='hr-inner '><span class=\"hr-inner-style\"><\/span><\/span><\/div><\/p><\/div>\n<div  class='flex_column av-d0sdu-5d7f492bcfda08ae161ee2ddae672c02 av_one_full  avia-builder-el-16  el_after_av_two_third  el_before_av_hr  first flex_column_div  column-top-margin'     ><section  class='av_textblock_section av-6qfgq-d4ed83c68e5b339c05ae57d4b5ef48b3 '   itemscope=\"itemscope\" itemtype=\"https:\/\/schema.org\/CreativeWork\" ><div class='avia_textblock'  itemprop=\"text\" ><h4 style=\"text-align: center;\"><strong>Vielen Dank f\u00fcr Ihre zahlreichen tollen R\u00fcckmeldungen auf der letzten Fragebogenseite!<\/strong><\/h4>\n<p style=\"text-align: center;\"><em>\u201eLiebes LifE-Team, ich finde die Studie und Ihre Arbeit super und freue mich jedes Mal, ein Teil davon zu sein. Au\u00dferdem wurde mir heute beim Beantworten der Fragen wieder klar, wie zufrieden ich mit meinem Leben sein darf \ud83d\ude42 Besten Dank und herzliche Gr\u00fc\u00dfe\u201c<\/em><\/p>\n<p style=\"text-align: center;\"><em>\u201eIch unterst\u00fctze diese Studie gerne, gerade weil es auf eine so lange Zeit ausgelegt ist. Ich habe noch ganz leicht die Erinnerung, wie ich in der Anfangszeit des Gymnasiums den Fragebogen ausgef\u00fcllt habe. Meine G\u00fcte wo ist die Zeit hin? Alles Gute weiterhin\u201c<\/em><\/p>\n<p style=\"text-align: center;\"><em>\u201eIch bin jedes Mal gl\u00fccklich, Teil dieses gro\u00dfartigen Forschungsprojektes sein zu d\u00fcrfen. Danke an alle und Gr\u00fc\u00dfe an Herrn Fend.\u201c<\/em><\/p>\n<p style=\"text-align: center;\"><em>\u201eGuten Tag, ich freue mich auf die n\u00e4chste Befragung. Danke f\u00fcr: Ein kurzes Innehalten. Ein kurzes Nachdenken \u00fcber mich. Ein kurzes Reflektieren. -&gt;Ich hoffe die Studie\/die Daten sind auswertbar und tragen bei zu wertvollen Erkenntnissen \u00fcber unsere Gesellschaft. Viel Erfolg! Viele Gr\u00fc\u00dfe\u201c<\/em><\/p>\n<p style=\"text-align: center;\"><em>\u201eIch danke f\u00fcr Ihre Beharrlichkeit bei der Durchf\u00fchrung dieser (nun mein 3\/4 Leben begleitenden) Studie.\u201c<\/em><\/p>\n<p style=\"text-align: center;\"><em>\u201eDiese Langzeitstudie k\u00f6nnte hoffentlich die Politik dazu bewegen, soziale Zusammenh\u00e4nge zugunsten der Bev\u00f6lkerung neu zu \u00fcberdenken. Bitte, informieren Sie mich \u00fcber die Resultate dieser Studie. Sch\u00f6ne Gr\u00fc\u00dfe und weiterhin viel Erfolg\u201c<\/em><\/p>\n<\/div><\/section><\/div>\n\n<style type=\"text\/css\" data-created_by=\"avia_inline_auto\" id=\"style-css-av-av_hr-af89a52d51412774536fa272e468f7cd\">\n#top .hr.hr-invisible.av-av_hr-af89a52d51412774536fa272e468f7cd{\nheight:30px;\n}\n<\/style>\n<div  class='hr av-av_hr-af89a52d51412774536fa272e468f7cd hr-invisible  avia-builder-el-18  el_after_av_one_full  el_before_av_textblock '><span class='hr-inner '><span class=\"hr-inner-style\"><\/span><\/span><\/div>\n<section  class='av_textblock_section av-m3yh9say-333ad74841e98abc5c8a3e69b37359f2 '   itemscope=\"itemscope\" itemtype=\"https:\/\/schema.org\/CreativeWork\" ><div class='avia_textblock'  itemprop=\"text\" ><p>Wir danken Ihnen f\u00fcr Ihr Vertrauen, Ihre Geduld und Ihre Bereitschaft, Teil dieser langfristigen Forschung zu sein.<\/p>\n<p>Ihr Life<sup>3G<\/sup> Team<\/p>\n<\/div><\/section>\n\n<style type=\"text\/css\" data-created_by=\"avia_inline_auto\" id=\"style-css-av-av_hr-af89a52d51412774536fa272e468f7cd\">\n#top .hr.hr-invisible.av-av_hr-af89a52d51412774536fa272e468f7cd{\nheight:30px;\n}\n<\/style>\n<div  class='hr av-av_hr-af89a52d51412774536fa272e468f7cd hr-invisible  avia-builder-el-20  el_after_av_textblock  avia-builder-el-last '><span class='hr-inner '><span class=\"hr-inner-style\"><\/span><\/span><\/div>\n","protected":false},"excerpt":{"rendered":"","protected":false},"author":2,"featured_media":0,"parent":0,"menu_order":0,"comment_status":"closed","ping_status":"closed","template":"","meta":{"footnotes":""},"class_list":["post-794","page","type-page","status-publish","hentry"],"_links":{"self":[{"href":"https:\/\/life3g.de\/en\/wp-json\/wp\/v2\/pages\/794","targetHints":{"allow":["GET"]}}],"collection":[{"href":"https:\/\/life3g.de\/en\/wp-json\/wp\/v2\/pages"}],"about":[{"href":"https:\/\/life3g.de\/en\/wp-json\/wp\/v2\/types\/page"}],"author":[{"embeddable":true,"href":"https:\/\/life3g.de\/en\/wp-json\/wp\/v2\/users\/2"}],"replies":[{"embeddable":true,"href":"https:\/\/life3g.de\/en\/wp-json\/wp\/v2\/comments?post=794"}],"version-history":[{"count":48,"href":"https:\/\/life3g.de\/en\/wp-json\/wp\/v2\/pages\/794\/revisions"}],"predecessor-version":[{"id":1392,"href":"https:\/\/life3g.de\/en\/wp-json\/wp\/v2\/pages\/794\/revisions\/1392"}],"wp:attachment":[{"href":"https:\/\/life3g.de\/en\/wp-json\/wp\/v2\/media?parent=794"}],"curies":[{"name":"wp","href":"https:\/\/api.w.org\/{rel}","templated":true}]}}