{"id":815,"date":"2024-11-26T14:33:51","date_gmt":"2024-11-26T13:33:51","guid":{"rendered":"https:\/\/life3g.de\/?page_id=815"},"modified":"2026-01-22T16:47:02","modified_gmt":"2026-01-22T15:47:02","slug":"kinder-der-life-generation","status":"publish","type":"page","link":"https:\/\/life3g.de\/en\/kinder-der-life-generation\/","title":{"rendered":"Kinder der LifE-Generation"},"content":{"rendered":"\n<style type=\"text\/css\" data-created_by=\"avia_inline_auto\" id=\"style-css-av-9609b-4867e71c9ff41e574ece6aa5f58a7fdc\">\n#top .hr.hr-invisible.av-9609b-4867e71c9ff41e574ece6aa5f58a7fdc{\nheight:60px;\n}\n<\/style>\n<div  class='hr av-9609b-4867e71c9ff41e574ece6aa5f58a7fdc hr-invisible  avia-builder-el-0  el_before_av_one_full  avia-builder-el-first '><span class='hr-inner '><span class=\"hr-inner-style\"><\/span><\/span><\/div>\n\n<style type=\"text\/css\" data-created_by=\"avia_inline_auto\" id=\"style-css-av-dxpl3-0087e1e018911e1b719ea70ae31da646\">\n#top .flex_column.av-dxpl3-0087e1e018911e1b719ea70ae31da646{\nmargin-top:0px;\nmargin-bottom:0px;\n}\n.responsive #top #wrap_all .flex_column.av-dxpl3-0087e1e018911e1b719ea70ae31da646{\nmargin-top:0px;\nmargin-bottom:0px;\n}\n<\/style>\n<div  class='flex_column av-dxpl3-0087e1e018911e1b719ea70ae31da646 av_one_full  avia-builder-el-1  el_after_av_hr  el_before_av_one_third  first flex_column_div  '     ><section  class='av_textblock_section av-m3yk0931-f2dbb4a1d5c72e7a2cd85b2bea56dfe6 '   itemscope=\"itemscope\" itemtype=\"https:\/\/schema.org\/CreativeWork\" ><div class='avia_textblock'  itemprop=\"text\" ><h2><strong>Liebe Kinder der LifE-Generation,<\/strong><\/h2>\n<\/div><\/section><\/div>\n<div  class='flex_column av-me765fjt-990dbc932f0822c282c11dfbf22d6e0e av_one_third  avia-builder-el-3  el_after_av_one_full  el_before_av_two_third  first flex_column_div  column-top-margin'     ><p>\n<style type=\"text\/css\" data-created_by=\"avia_inline_auto\" id=\"style-css-av-me764mio-41adea3c5fe280f0efa51552ccb0e8ea\">\n#top .hr.hr-invisible.av-me764mio-41adea3c5fe280f0efa51552ccb0e8ea{\nheight:25px;\n}\n<\/style>\n<div  class='hr av-me764mio-41adea3c5fe280f0efa51552ccb0e8ea hr-invisible  avia-builder-el-4  el_before_av_image  avia-builder-el-first '><span class='hr-inner '><span class=\"hr-inner-style\"><\/span><\/span><\/div><br \/>\n\n<style type=\"text\/css\" data-created_by=\"avia_inline_auto\" id=\"style-css-av-me76487e-428a5101c861768bccc50860ae0ae191\">\n.avia-image-container.av-me76487e-428a5101c861768bccc50860ae0ae191 img.avia_image{\nbox-shadow:none;\n}\n.avia-image-container.av-me76487e-428a5101c861768bccc50860ae0ae191 .av-image-caption-overlay-center{\ncolor:#ffffff;\n}\n<\/style>\n<div  class='avia-image-container av-me76487e-428a5101c861768bccc50860ae0ae191 av-styling- avia-align-center  avia-builder-el-5  el_after_av_hr  avia-builder-el-last '   itemprop=\"image\" itemscope=\"itemscope\" itemtype=\"https:\/\/schema.org\/ImageObject\" ><div class=\"avia-image-container-inner\"><div class=\"avia-image-overlay-wrap\"><img decoding=\"async\" fetchpriority=\"high\" class='wp-image-1383 avia-img-lazy-loading-not-1383 avia_image ' src=\"https:\/\/life3g.de\/wp-content\/uploads\/junges-Paar-mit-Hund-neu-173x300.png\" alt='' title='junges Paar mit Hund neu'  height=\"300\" width=\"173\"  itemprop=\"thumbnailUrl\" srcset=\"https:\/\/life3g.de\/wp-content\/uploads\/junges-Paar-mit-Hund-neu-173x300.png 173w, https:\/\/life3g.de\/wp-content\/uploads\/junges-Paar-mit-Hund-neu-405x705.png 405w, https:\/\/life3g.de\/wp-content\/uploads\/junges-Paar-mit-Hund-neu.png 570w\" sizes=\"(max-width: 173px) 100vw, 173px\" \/><\/div><\/div><\/div><\/p><\/div>\n<div  class='flex_column av-8c99r-967dd04cf0d2d19c589ed298943757e9 av_two_third  avia-builder-el-6  el_after_av_one_third  el_before_av_hr  flex_column_div  column-top-margin'     ><section  class='av_textblock_section av-me75stfh-1262a5cf198cf274b47204242c749ba9 '   itemscope=\"itemscope\" itemtype=\"https:\/\/schema.org\/CreativeWork\" ><div class='avia_textblock'  itemprop=\"text\" ><p>am 26. August wurden die Einladungen zu Ihrer Befragung verschickt. Anfang des Jahres 2025 haben wir bereits Kontakt mit Ihren Eltern aufgenommen und sie gebeten, unser Anliegen an Sie weiterzuleiten. Viele von Ihnen haben uns daraufhin \u00fcber Ihre Eltern Ihre Kontaktdaten \u00fcbermittelt. Allerdings haben wir nicht alle LifE-Familien erreicht. Wenn Sie also noch nicht dar\u00fcber informiert waren, dass die Befragung der Kindergeneration stattfindet, Sie aber gerne daran teilnehmen m\u00f6chten, freuen wir uns sehr, wenn Sie mit uns Kontakt aufnehmen. Wir schicken Ihnen dann umgehend den Link zur Befragung sowie Ihren pers\u00f6nlichen Zugangscode zu. \u2013 Sie erreichen uns auf verschiedenen Kan\u00e4len, \u00fcber das <a href=\"https:\/\/life3g.de\/kontakt\/\">Kontaktformular<\/a>, per E-Mail, Telefon oder \u00fcber eine Nachricht auf unserem <a href=\"https:\/\/www.instagram.com\/life.studie\/\" target=\"_blank\" rel=\"noopener\">Instagramkanal<\/a>.<\/p>\n<\/div><\/section><\/div>\n\n<style type=\"text\/css\" data-created_by=\"avia_inline_auto\" id=\"style-css-av-me75r7p3-69ecf2410a961c81bc6c7d5e675cb690\">\n#top .hr.hr-invisible.av-me75r7p3-69ecf2410a961c81bc6c7d5e675cb690{\nheight:40px;\n}\n<\/style>\n<div  class='hr av-me75r7p3-69ecf2410a961c81bc6c7d5e675cb690 hr-invisible  avia-builder-el-8  el_after_av_two_third  el_before_av_one_fifth '><span class='hr-inner '><span class=\"hr-inner-style\"><\/span><\/span><\/div>\n<div  class='flex_column av-28iohb-7f83fac6645272caf09da325cf172c46 av_one_fifth  avia-builder-el-9  el_after_av_hr  el_before_av_one_fifth  first flex_column_div av-hide-on-mobile  '     ><style type=\"text\/css\" data-created_by=\"avia_inline_auto\" id=\"style-css-av-mddhg7v4-b4be14cea5b921ae6b3eb94aa69a3953\">\n.av_font_icon.av-mddhg7v4-b4be14cea5b921ae6b3eb94aa69a3953 .av-icon-char{\nfont-size:50px;\nline-height:50px;\n}\n<\/style>\n<span  class='av_font_icon av-mddhg7v4-b4be14cea5b921ae6b3eb94aa69a3953 avia_animate_when_visible av-icon-style- avia-icon-pos-left av-no-color avia-icon-animate'><a href='https:\/\/www.instagram.com\/life.studie\/' target=\"_blank\" rel=\"noopener noreferrer\" class='av-icon-char' aria-hidden='true' data-av_icon='\uf16d' data-av_iconfont='entypo-fontello'><\/a><\/span><\/div>\n<div  class='flex_column av-22j92v-4ccc800576c560dcf674f939ff8810e4 av_one_fifth  avia-builder-el-11  el_after_av_one_fifth  el_before_av_one_fifth  flex_column_div av-hide-on-mobile  '     ><style type=\"text\/css\" data-created_by=\"avia_inline_auto\" id=\"style-css-av-1wrthj-ae0c463c5071800f6d2ba6b02ab51fad\">\n.av_font_icon.av-1wrthj-ae0c463c5071800f6d2ba6b02ab51fad .av-icon-char{\nfont-size:50px;\nline-height:50px;\n}\n<\/style>\n<span  class='av_font_icon av-1wrthj-ae0c463c5071800f6d2ba6b02ab51fad avia_animate_when_visible av-icon-style- avia-icon-pos-center av-no-color avia-icon-animate'><a href='https:\/\/life3g.de\/kontakt\/'   class='av-icon-char' aria-hidden='true' data-av_icon='\ue805' data-av_iconfont='entypo-fontello' ><\/a><\/span><\/div>\n<div  class='flex_column av-1rxbun-0d3f542c7d70818df4b49f8f3c2e96ef av_one_fifth  avia-builder-el-13  el_after_av_one_fifth  el_before_av_one_fifth  flex_column_div av-hide-on-mobile  '     ><style type=\"text\/css\" data-created_by=\"avia_inline_auto\" id=\"style-css-av-1moxfz-76b5c3c70645e37387dd1ceb68a2ef31\">\n.av_font_icon.av-1moxfz-76b5c3c70645e37387dd1ceb68a2ef31 .av-icon-char{\nfont-size:50px;\nline-height:50px;\n}\n<\/style>\n<span  class='av_font_icon av-1moxfz-76b5c3c70645e37387dd1ceb68a2ef31 avia_animate_when_visible av-icon-style- avia-icon-pos-center av-no-color avia-icon-animate'><a href='https:\/\/de.wikipedia.org\/wiki\/LifE-Studie' target=\"_blank\" rel=\"noopener noreferrer\" class='av-icon-char' aria-hidden='true' data-av_icon='\ue925' data-av_iconfont='entypo-fontello'><\/a><\/span><\/div>\n<div  class='flex_column av-ms28f-c053236482a5cb2736a4ae683df67419 av_one_fifth  avia-builder-el-15  el_after_av_one_fifth  el_before_av_one_fifth  flex_column_div av-hide-on-mobile  '     ><style type=\"text\/css\" data-created_by=\"avia_inline_auto\" id=\"style-css-av-fq7cf-3669a5a452ca51d4b79c1dc21b513c66\">\n.av_font_icon.av-fq7cf-3669a5a452ca51d4b79c1dc21b513c66 .av-icon-char{\nfont-size:50px;\nline-height:50px;\n}\n<\/style>\n<span  class='av_font_icon av-fq7cf-3669a5a452ca51d4b79c1dc21b513c66 avia_animate_when_visible av-icon-style- avia-icon-pos-right av-no-color avia-icon-animate'><span class='av-icon-char' aria-hidden='true' data-av_icon='\ue854' data-av_iconfont='entypo-fontello' ><\/span><\/span><\/div>\n<div  class='flex_column av-9x2sn-f77722abfe8a9ffe35bb181417902833 av_one_fifth  avia-builder-el-17  el_after_av_one_fifth  el_before_av_three_fourth  flex_column_div av-hide-on-mobile  '     ><style type=\"text\/css\" data-created_by=\"avia_inline_auto\" id=\"style-css-av-mddhncgw-d60051453730a7bddf11c86dba55bab8\">\n#top .av_textblock_section.av-mddhncgw-d60051453730a7bddf11c86dba55bab8 .avia_textblock{\nfont-size:12px;\ntext-align:right;\n}\n<\/style>\n<section  class='av_textblock_section av-mddhncgw-d60051453730a7bddf11c86dba55bab8 '   itemscope=\"itemscope\" itemtype=\"https:\/\/schema.org\/CreativeWork\" ><div class='avia_textblock'  itemprop=\"text\" ><p><strong>0049 (0)331 977 2525<\/strong><\/p>\n<\/div><\/section><\/div><div  class='flex_column av-13y2ov-d92ee1fbade242b8b15d1d62c08573b0 av_three_fourth  avia-builder-el-19  el_after_av_one_fifth  el_before_av_one_fourth  first flex_column_div  column-top-margin'     ><section  class='av_textblock_section av-zk2f3-fb4ecf7308834d8adf11d51dab0e9525 '   itemscope=\"itemscope\" itemtype=\"https:\/\/schema.org\/CreativeWork\" ><div class='avia_textblock'  itemprop=\"text\" ><h4><strong>Eine kleine Anerkennung<\/strong><\/h4>\n<p>Ihre wertvolle Mitarbeit k\u00f6nnen wir nicht bezahlen. Als kleines Zeichen unserer Wertsch\u00e4tzung m\u00f6chten wir Ihnen aber 15 Euro zukommen lassen. Zudem nehmen Sie an einer Verlosung von 30 x 100 Euro teil, wenn Sie die Onlineumfrage vollst\u00e4ndig ausf\u00fcllen.<\/p>\n<\/div><\/section><\/div><\/p>\n<div  class='flex_column av-zceyf-897205fd3f1e44cd06e2a6f5155236b3 av_one_fourth  avia-builder-el-21  el_after_av_three_fourth  el_before_av_one_full  flex_column_div  column-top-margin'     ><p>\n<style type=\"text\/css\" data-created_by=\"avia_inline_auto\" id=\"style-css-av-mek0yhqc-f9f7def74ea77ba1303b79faed8eb5bd\">\n#top .hr.hr-invisible.av-mek0yhqc-f9f7def74ea77ba1303b79faed8eb5bd{\nheight:25px;\n}\n<\/style>\n<div  class='hr av-mek0yhqc-f9f7def74ea77ba1303b79faed8eb5bd hr-invisible  avia-builder-el-22  el_before_av_image  avia-builder-el-first  av-small-hide av-mini-hide'><span class='hr-inner '><span class=\"hr-inner-style\"><\/span><\/span><\/div><br \/>\n\n<style type=\"text\/css\" data-created_by=\"avia_inline_auto\" id=\"style-css-av-mek0w7hh-9b29229db70d95d6840c6e5a7705d0af\">\n.avia-image-container.av-mek0w7hh-9b29229db70d95d6840c6e5a7705d0af img.avia_image{\nbox-shadow:none;\n}\n.avia-image-container.av-mek0w7hh-9b29229db70d95d6840c6e5a7705d0af .av-image-caption-overlay-center{\ncolor:#ffffff;\n}\n<\/style>\n<div  class='avia-image-container av-mek0w7hh-9b29229db70d95d6840c6e5a7705d0af av-styling- avia-align-center  avia-builder-el-23  el_after_av_hr  avia-builder-el-last '   itemprop=\"image\" itemscope=\"itemscope\" itemtype=\"https:\/\/schema.org\/ImageObject\" ><div class=\"avia-image-container-inner\"><div class=\"avia-image-overlay-wrap\"><img decoding=\"async\" fetchpriority=\"high\" class='wp-image-1442 avia-img-lazy-loading-not-1442 avia_image ' src=\"https:\/\/life3g.de\/wp-content\/uploads\/Geld-300x195.png\" alt='' title='Geld'  height=\"195\" width=\"300\"  itemprop=\"thumbnailUrl\" srcset=\"https:\/\/life3g.de\/wp-content\/uploads\/Geld-300x195.png 300w, https:\/\/life3g.de\/wp-content\/uploads\/Geld-705x459.png 705w, https:\/\/life3g.de\/wp-content\/uploads\/Geld.png 752w\" sizes=\"(max-width: 300px) 100vw, 300px\" \/><\/div><\/div><\/div><\/p><\/div>\n<div  class='flex_column av-ski3b-b33d9ab6c8445d0c89dc601679f3db64 av_one_full  avia-builder-el-24  el_after_av_one_fourth  el_before_av_one_full  first flex_column_div  column-top-margin'     ><p>\n<style type=\"text\/css\" data-created_by=\"avia_inline_auto\" id=\"style-css-av-mek105rp-90305c1f01d3d2532cbb4dfa22661aa4\">\n#top .hr.hr-invisible.av-mek105rp-90305c1f01d3d2532cbb4dfa22661aa4{\nheight:25px;\n}\n<\/style>\n<div  class='hr av-mek105rp-90305c1f01d3d2532cbb4dfa22661aa4 hr-invisible  avia-builder-el-25  el_before_av_textblock  avia-builder-el-first  av-desktop-hide av-medium-hide'><span class='hr-inner '><span class=\"hr-inner-style\"><\/span><\/span><\/div><br \/>\n<section  class='av_textblock_section av-jindr-4c9f98036393e6ff906e31f06bfb75ef '   itemscope=\"itemscope\" itemtype=\"https:\/\/schema.org\/CreativeWork\" ><div class='avia_textblock'  itemprop=\"text\" ><h4><strong>Infos zur Befragung<\/strong><\/h4>\n<ul>\n<li>Die Befragung dauert ca. 20 bis 30 Minuten.<\/li>\n<li>F\u00fcr die Forschung w\u00e4re es wichtig, dass Sie den Fragebogen vollst\u00e4ndig ausf\u00fcllen.<\/li>\n<li>Sie k\u00f6nnen die Bearbeitung unterbrechen und jederzeit an derselben Stelle im Fragebogen weitermachen \u2013 Ihre Antworten werden gespeichert.<\/li>\n<li>F\u00fcr den Einstieg und jeden Wiedereinstieg in die Umfrage ben\u00f6tigen Sie Ihren pers\u00f6nlichen Zugangscode. Bewahren Sie deshalb Ihr Anschreiben mit dem Zugangscode bitte auf.<\/li>\n<\/ul>\n<\/div><\/section><br \/>\n\n<style type=\"text\/css\" data-created_by=\"avia_inline_auto\" id=\"style-css-av-ej9tj-a236e870f916fe5cef5c91dc3226f344\">\n#top .hr.hr-invisible.av-ej9tj-a236e870f916fe5cef5c91dc3226f344{\nheight:30px;\n}\n<\/style>\n<div  class='hr av-ej9tj-a236e870f916fe5cef5c91dc3226f344 hr-invisible  avia-builder-el-27  el_after_av_textblock  el_before_av_textblock '><span class='hr-inner '><span class=\"hr-inner-style\"><\/span><\/span><\/div><br \/>\n<section  class='av_textblock_section av-ahglb-58aec1343d5a16c728f0fb7767151ddb '   itemscope=\"itemscope\" itemtype=\"https:\/\/schema.org\/CreativeWork\" ><div class='avia_textblock'  itemprop=\"text\" ><h4><strong>Streng vertraulich<\/strong><\/h4>\n<p>Wir versichern Ihnen, dass alle Daten streng vertraulich behandelt werden. Die Befragung erfolgt in voller \u00dcbereinstimmung mit der Datenschutzgesetzgebung. Die \u201eInformationen zum Datenschutz\u201c finden Sie auf der Startseite der Onlinebefragung und <a href=\"https:\/\/life3g.de\/datenschutz_befragung\/\">hier<\/a>.<\/p>\n<\/div><\/section><\/p><\/div>\n<div  class='flex_column av-r7m27-76d1d22ceb2ae337d8d6b2cb5db16ecb av_one_full  avia-builder-el-29  el_after_av_one_full  el_before_av_one_third  first flex_column_div  column-top-margin'     ><p>\n<style type=\"text\/css\" data-created_by=\"avia_inline_auto\" id=\"style-css-av-mddipm0t-a7de0bb7afbf11167ca7be602b5f9440\">\n#top .hr.hr-invisible.av-mddipm0t-a7de0bb7afbf11167ca7be602b5f9440{\nheight:1px;\n}\n<\/style>\n<div  class='hr av-mddipm0t-a7de0bb7afbf11167ca7be602b5f9440 hr-invisible  avia-builder-el-30  el_before_av_textblock  avia-builder-el-first '><span class='hr-inner '><span class=\"hr-inner-style\"><\/span><\/span><\/div><br \/>\n\n<style type=\"text\/css\" data-created_by=\"avia_inline_auto\" id=\"style-css-av-mdding70-3f86748c80cb88472066a10c5c7fb1fd\">\n#top .av_textblock_section.av-mdding70-3f86748c80cb88472066a10c5c7fb1fd .avia_textblock{\ntext-align:center;\n}\n<\/style>\n<section  class='av_textblock_section av-mdding70-3f86748c80cb88472066a10c5c7fb1fd '   itemscope=\"itemscope\" itemtype=\"https:\/\/schema.org\/CreativeWork\" ><div class='avia_textblock'  itemprop=\"text\" ><h4><strong>Noch Fragen?<\/strong><\/h4>\n<p>Sie erreichen uns auf allen oben genannten Kan\u00e4len.<\/p>\n<\/div><\/section><\/p><\/div>\n<div  class='flex_column av-nje13-141628ce9cc565c6566885f9942fd46f av_one_third  avia-builder-el-32  el_after_av_one_full  el_before_av_one_third  first flex_column_div  column-top-margin'     ><style type=\"text\/css\" data-created_by=\"avia_inline_auto\" id=\"style-css-av-mddio579-69acc87c9ff75219d6bd04a227851f32\">\n.avia-image-container.av-mddio579-69acc87c9ff75219d6bd04a227851f32 img.avia_image{\nbox-shadow:none;\n}\n.avia-image-container.av-mddio579-69acc87c9ff75219d6bd04a227851f32 .av-image-caption-overlay-center{\ncolor:#ffffff;\n}\n<\/style>\n<div  class='avia-image-container av-mddio579-69acc87c9ff75219d6bd04a227851f32 av-styling- avia-align-center  avia-builder-el-33  avia-builder-el-no-sibling '   itemprop=\"image\" itemscope=\"itemscope\" itemtype=\"https:\/\/schema.org\/ImageObject\" ><div class=\"avia-image-container-inner\"><div class=\"avia-image-overlay-wrap\"><img decoding=\"async\" fetchpriority=\"high\" class='wp-image-1292 avia-img-lazy-loading-not-1292 avia_image ' src=\"https:\/\/life3g.de\/wp-content\/uploads\/Susanne_Gadinger.png\" alt='' title='Susanne_Gadinger'  height=\"172\" width=\"154\"  itemprop=\"thumbnailUrl\"  \/><\/div><\/div><\/div><\/div>\n<div  class='flex_column av-fyfn3-cc5db26e258eaf80273d06bfcf7a177e av_one_third  avia-builder-el-34  el_after_av_one_third  el_before_av_one_third  flex_column_div  column-top-margin'     ><style type=\"text\/css\" data-created_by=\"avia_inline_auto\" id=\"style-css-av-mddioede-36c052bc657e3cf8ea168df86f784ade\">\n.avia-image-container.av-mddioede-36c052bc657e3cf8ea168df86f784ade img.avia_image{\nbox-shadow:none;\n}\n.avia-image-container.av-mddioede-36c052bc657e3cf8ea168df86f784ade .av-image-caption-overlay-center{\ncolor:#ffffff;\n}\n<\/style>\n<div  class='avia-image-container av-mddioede-36c052bc657e3cf8ea168df86f784ade av-styling- avia-align-center  avia-builder-el-35  avia-builder-el-no-sibling '   itemprop=\"image\" itemscope=\"itemscope\" itemtype=\"https:\/\/schema.org\/ImageObject\" ><div class=\"avia-image-container-inner\"><div class=\"avia-image-overlay-wrap\"><img decoding=\"async\" fetchpriority=\"high\" class='wp-image-1290 avia-img-lazy-loading-not-1290 avia_image ' src=\"https:\/\/life3g.de\/wp-content\/uploads\/Jana_Jung.png\" alt='' title='Jana_Jung'  height=\"167\" width=\"148\"  itemprop=\"thumbnailUrl\"  \/><\/div><\/div><\/div><\/div>\n<div  class='flex_column av-714if-ae801b8d7929a927bde21f3b5995e8b0 av_one_third  avia-builder-el-36  el_after_av_one_third  el_before_av_hr  flex_column_div  column-top-margin'     ><style type=\"text\/css\" data-created_by=\"avia_inline_auto\" id=\"style-css-av-mddiojag-f37a58bd9975b34a1d40ab6c87b78abf\">\n.avia-image-container.av-mddiojag-f37a58bd9975b34a1d40ab6c87b78abf img.avia_image{\nbox-shadow:none;\n}\n.avia-image-container.av-mddiojag-f37a58bd9975b34a1d40ab6c87b78abf .av-image-caption-overlay-center{\ncolor:#ffffff;\n}\n<\/style>\n<div  class='avia-image-container av-mddiojag-f37a58bd9975b34a1d40ab6c87b78abf av-styling- avia-align-center  avia-builder-el-37  avia-builder-el-no-sibling '   itemprop=\"image\" itemscope=\"itemscope\" itemtype=\"https:\/\/schema.org\/ImageObject\" ><div class=\"avia-image-container-inner\"><div class=\"avia-image-overlay-wrap\"><img decoding=\"async\" fetchpriority=\"high\" class='wp-image-1291 avia-img-lazy-loading-not-1291 avia_image ' src=\"https:\/\/life3g.de\/wp-content\/uploads\/Lena_Gleirscher.png\" alt='' title='Lena_Gleirscher'  height=\"166\" width=\"148\"  itemprop=\"thumbnailUrl\"  \/><\/div><\/div><\/div><\/div>\n\n<style type=\"text\/css\" data-created_by=\"avia_inline_auto\" id=\"style-css-av-9fnhb-6f2f5f95f3f3022e52ece5f2eae4d2d0\">\n#top .hr.hr-invisible.av-9fnhb-6f2f5f95f3f3022e52ece5f2eae4d2d0{\nheight:25px;\n}\n<\/style>\n<div  class='hr av-9fnhb-6f2f5f95f3f3022e52ece5f2eae4d2d0 hr-invisible  avia-builder-el-38  el_after_av_one_third  el_before_av_hr '><span class='hr-inner '><span class=\"hr-inner-style\"><\/span><\/span><\/div>\n\n<style type=\"text\/css\" data-created_by=\"avia_inline_auto\" id=\"style-css-av-7ricv-034fdc4800ee25d8b0e911cc944e497f\">\n#top .hr.hr-invisible.av-7ricv-034fdc4800ee25d8b0e911cc944e497f{\nheight:30px;\n}\n<\/style>\n<div  class='hr av-7ricv-034fdc4800ee25d8b0e911cc944e497f hr-invisible  avia-builder-el-39  el_after_av_hr  avia-builder-el-last '><span class='hr-inner '><span class=\"hr-inner-style\"><\/span><\/span><\/div>\n","protected":false},"excerpt":{"rendered":"","protected":false},"author":2,"featured_media":0,"parent":0,"menu_order":0,"comment_status":"closed","ping_status":"closed","template":"","meta":{"footnotes":""},"class_list":["post-815","page","type-page","status-publish","hentry"],"_links":{"self":[{"href":"https:\/\/life3g.de\/en\/wp-json\/wp\/v2\/pages\/815","targetHints":{"allow":["GET"]}}],"collection":[{"href":"https:\/\/life3g.de\/en\/wp-json\/wp\/v2\/pages"}],"about":[{"href":"https:\/\/life3g.de\/en\/wp-json\/wp\/v2\/types\/page"}],"author":[{"embeddable":true,"href":"https:\/\/life3g.de\/en\/wp-json\/wp\/v2\/users\/2"}],"replies":[{"embeddable":true,"href":"https:\/\/life3g.de\/en\/wp-json\/wp\/v2\/comments?post=815"}],"version-history":[{"count":66,"href":"https:\/\/life3g.de\/en\/wp-json\/wp\/v2\/pages\/815\/revisions"}],"predecessor-version":[{"id":1555,"href":"https:\/\/life3g.de\/en\/wp-json\/wp\/v2\/pages\/815\/revisions\/1555"}],"wp:attachment":[{"href":"https:\/\/life3g.de\/en\/wp-json\/wp\/v2\/media?parent=815"}],"curies":[{"name":"wp","href":"https:\/\/api.w.org\/{rel}","templated":true}]}}