{"id":925,"date":"2024-11-28T17:00:00","date_gmt":"2024-11-28T16:00:00","guid":{"rendered":"https:\/\/life3g.de\/?page_id=925"},"modified":"2024-12-17T14:41:15","modified_gmt":"2024-12-17T13:41:15","slug":"der-fragebogen-g2","status":"publish","type":"page","link":"https:\/\/life3g.de\/en\/life-generation-2\/der-fragebogen-g2\/","title":{"rendered":"Der Fragebogen"},"content":{"rendered":"\n<style type=\"text\/css\" data-created_by=\"avia_inline_auto\" id=\"style-css-av-umffx-089a084608aacac79e41379f222fa9a0\">\n#top .hr.hr-invisible.av-umffx-089a084608aacac79e41379f222fa9a0{\nheight:30px;\n}\n<\/style>\n<div  class='hr av-umffx-089a084608aacac79e41379f222fa9a0 hr-invisible  avia-builder-el-0  el_before_av_heading  avia-builder-el-first '><span class='hr-inner '><span class=\"hr-inner-style\"><\/span><\/span><\/div>\n\n<style type=\"text\/css\" data-created_by=\"avia_inline_auto\" id=\"style-css-av-m41i37pz-d28daa692aacc73a0fd18e444148e387\">\n#top .av-special-heading.av-m41i37pz-d28daa692aacc73a0fd18e444148e387{\npadding-bottom:10px;\n}\nbody .av-special-heading.av-m41i37pz-d28daa692aacc73a0fd18e444148e387 .av-special-heading-tag .heading-char{\nfont-size:25px;\n}\n.av-special-heading.av-m41i37pz-d28daa692aacc73a0fd18e444148e387 .av-subheading{\nfont-size:15px;\n}\n<\/style>\n<div  class='av-special-heading av-m41i37pz-d28daa692aacc73a0fd18e444148e387 av-special-heading-h3 blockquote modern-quote  avia-builder-el-1  el_after_av_hr  el_before_av_three_fifth '><h3 class='av-special-heading-tag'  itemprop=\"headline\"  >Der Fragebogen<\/h3><div class=\"special-heading-border\"><div class=\"special-heading-inner-border\"><\/div><\/div><\/div>\n<div  class='flex_column av-sskat-98344827798fa7d57129ed92ea5a1731 av_three_fifth  avia-builder-el-2  el_after_av_heading  el_before_av_two_fifth  first flex_column_div  '     ><section  class='av_textblock_section av-jmup9-c46e5c0d78367c9710db313c727dfa0f '   itemscope=\"itemscope\" itemtype=\"https:\/\/schema.org\/CreativeWork\" ><div class='avia_textblock'  itemprop=\"text\" ><p>Entsprechend des Multi-Dom\u00e4nen-Ansatzes sollen in der LifE-Studie Erkenntnisse zu verschiedenen Lebensbereichen gewonnen werden. Dies wird im Fragebogen mit Fragen zu den Bereichen Elternhaus, Partnerschaft und Ehe, Freundschaften, Kinder, Freizeit, Beruf, finanzielle Situation, Ruhestand, Politik sowie Gesundheit und Lebensgef\u00fchl umgesetzt. Von den knapp \u00fcber einhundert Fragen wurden etliche aus den Frageb\u00f6gen 2012 und 2002 \u00fcbernommen, um Antworten zu drei Messzeitpunkten zu erhalten. Neue Fragen wurden zu den Themenbereichen aufgenommen, die im Alter von ca. 57 Jahren, dem sp\u00e4ten Erwachsenenalter, an Bedeutung gewinnen, z.B. die Unterst\u00fctzung der betagten und m\u00f6glicherweise hilfsbed\u00fcrftigen Eltern, die eigene Gesundheit und zunehmende k\u00f6rperliche Beschwerden, der Umgang mit dem Auszug der erwachsenen Kinder und die Auseinandersetzung mit dem bevorstehenden Ruhestand auch in finanzieller Hinsicht.<\/p>\n<p>Die Illustrationen auf der Titel- und R\u00fcckseite des Fragebogens sollen die Vielf\u00e4ltigkeit von Generationenbeziehungen und das Miteinander der drei Generationen \u2013 der LifE-Generation, ihrer Eltern und Kinder \u2013 darstellen.<\/p>\n<\/div><\/section><\/div>\n<div  class='flex_column av-h014d-35dc83215f637e0917e5c80688a95ff0 av_two_fifth  avia-builder-el-4  el_after_av_three_fifth  el_before_av_hr  flex_column_div  '     ><style type=\"text\/css\" data-created_by=\"avia_inline_auto\" id=\"style-css-av-bqysl-91f1e0f60c412ae4fbb3be928be87e94\">\n.avia-image-container.av-bqysl-91f1e0f60c412ae4fbb3be928be87e94 img.avia_image{\nbox-shadow:none;\n}\n.avia-image-container.av-bqysl-91f1e0f60c412ae4fbb3be928be87e94 .av-image-caption-overlay-center{\ncolor:#ffffff;\n}\n<\/style>\n<div  class='avia-image-container av-bqysl-91f1e0f60c412ae4fbb3be928be87e94 av-styling- avia-align-center  avia-builder-el-5  avia-builder-el-no-sibling '   itemprop=\"image\" itemscope=\"itemscope\" itemtype=\"https:\/\/schema.org\/ImageObject\" ><div class=\"avia-image-container-inner\"><div class=\"avia-image-overlay-wrap\"><img decoding=\"async\" fetchpriority=\"high\" class='wp-image-48 avia-img-lazy-loading-not-48 avia_image ' src=\"https:\/\/life3g.de\/wp-content\/uploads\/LifE_Broschuere_Mockup.png\" alt='' title='LifE_Broschuere_Mockup'  height=\"937\" width=\"1024\"  itemprop=\"thumbnailUrl\" srcset=\"https:\/\/life3g.de\/wp-content\/uploads\/LifE_Broschuere_Mockup.png 1024w, https:\/\/life3g.de\/wp-content\/uploads\/LifE_Broschuere_Mockup-300x275.png 300w, https:\/\/life3g.de\/wp-content\/uploads\/LifE_Broschuere_Mockup-768x703.png 768w, https:\/\/life3g.de\/wp-content\/uploads\/LifE_Broschuere_Mockup-705x645.png 705w\" sizes=\"(max-width: 1024px) 100vw, 1024px\" \/><\/div><\/div><\/div><\/div>\n\n<style type=\"text\/css\" data-created_by=\"avia_inline_auto\" id=\"style-css-av-av_hr-af89a52d51412774536fa272e468f7cd\">\n#top .hr.hr-invisible.av-av_hr-af89a52d51412774536fa272e468f7cd{\nheight:30px;\n}\n<\/style>\n<div  class='hr av-av_hr-af89a52d51412774536fa272e468f7cd hr-invisible  avia-builder-el-6  el_after_av_two_fifth  avia-builder-el-last '><span class='hr-inner '><span class=\"hr-inner-style\"><\/span><\/span><\/div>\n","protected":false},"excerpt":{"rendered":"","protected":false},"author":2,"featured_media":0,"parent":794,"menu_order":2,"comment_status":"closed","ping_status":"closed","template":"","meta":{"footnotes":""},"class_list":["post-925","page","type-page","status-publish","hentry"],"_links":{"self":[{"href":"https:\/\/life3g.de\/en\/wp-json\/wp\/v2\/pages\/925","targetHints":{"allow":["GET"]}}],"collection":[{"href":"https:\/\/life3g.de\/en\/wp-json\/wp\/v2\/pages"}],"about":[{"href":"https:\/\/life3g.de\/en\/wp-json\/wp\/v2\/types\/page"}],"author":[{"embeddable":true,"href":"https:\/\/life3g.de\/en\/wp-json\/wp\/v2\/users\/2"}],"replies":[{"embeddable":true,"href":"https:\/\/life3g.de\/en\/wp-json\/wp\/v2\/comments?post=925"}],"version-history":[{"count":3,"href":"https:\/\/life3g.de\/en\/wp-json\/wp\/v2\/pages\/925\/revisions"}],"predecessor-version":[{"id":1128,"href":"https:\/\/life3g.de\/en\/wp-json\/wp\/v2\/pages\/925\/revisions\/1128"}],"up":[{"embeddable":true,"href":"https:\/\/life3g.de\/en\/wp-json\/wp\/v2\/pages\/794"}],"wp:attachment":[{"href":"https:\/\/life3g.de\/en\/wp-json\/wp\/v2\/media?parent=925"}],"curies":[{"name":"wp","href":"https:\/\/api.w.org\/{rel}","templated":true}]}}