{"id":931,"date":"2024-11-28T17:02:23","date_gmt":"2024-11-28T16:02:23","guid":{"rendered":"https:\/\/life3g.de\/?page_id=931"},"modified":"2025-08-27T09:22:44","modified_gmt":"2025-08-27T07:22:44","slug":"die-onlineumfrage","status":"publish","type":"page","link":"https:\/\/life3g.de\/en\/kinder-der-life-generation\/die-onlineumfrage\/","title":{"rendered":"Die Onlineumfrage"},"content":{"rendered":"\n<style type=\"text\/css\" data-created_by=\"avia_inline_auto\" id=\"style-css-av-x1mc3-0c372cb23f9aaf86483a8eecf519f134\">\n#top .hr.hr-invisible.av-x1mc3-0c372cb23f9aaf86483a8eecf519f134{\nheight:60px;\n}\n<\/style>\n<div  class='hr av-x1mc3-0c372cb23f9aaf86483a8eecf519f134 hr-invisible  avia-builder-el-0  el_before_av_one_full  avia-builder-el-first '><span class='hr-inner '><span class=\"hr-inner-style\"><\/span><\/span><\/div>\n<div  class='flex_column av-7r3sb-c9d89a566d76c73fb6bccb35fb86fa5c av_one_full  avia-builder-el-1  el_after_av_hr  el_before_av_hr  first flex_column_div  '     ><section  class='av_textblock_section av-n6xtf-f3def9f96fe3857fff3a81e2dd0158b7 '   itemscope=\"itemscope\" itemtype=\"https:\/\/schema.org\/CreativeWork\" ><div class='avia_textblock'  itemprop=\"text\" ><h2><strong>Die LifE<sup>3G<\/sup>-Onlineumfrage hat begonnen<\/strong><\/h2>\n<\/div><\/section><\/div>\n\n<style type=\"text\/css\" data-created_by=\"avia_inline_auto\" id=\"style-css-av-me76x8sz-a6e034862ca19fb7f6f1975b67cddd1f\">\n#top .hr.hr-invisible.av-me76x8sz-a6e034862ca19fb7f6f1975b67cddd1f{\nheight:30px;\n}\n<\/style>\n<div  class='hr av-me76x8sz-a6e034862ca19fb7f6f1975b67cddd1f hr-invisible  avia-builder-el-3  el_after_av_one_full  el_before_av_one_third '><span class='hr-inner '><span class=\"hr-inner-style\"><\/span><\/span><\/div>\n<div  class='flex_column av-kqgmr-04983b2279defcc7476bffb5e9b74821 av_one_third  avia-builder-el-4  el_after_av_hr  el_before_av_two_third  first flex_column_div  '     ><p>\n<style type=\"text\/css\" data-created_by=\"avia_inline_auto\" id=\"style-css-av-me76uvpg-49892b81a0313218ab34c8f84a5b3f17\">\n#top .hr.hr-invisible.av-me76uvpg-49892b81a0313218ab34c8f84a5b3f17{\nheight:110px;\n}\n<\/style>\n<div  class='hr av-me76uvpg-49892b81a0313218ab34c8f84a5b3f17 hr-invisible  avia-builder-el-5  el_before_av_image  avia-builder-el-first  av-small-hide av-mini-hide'><span class='hr-inner '><span class=\"hr-inner-style\"><\/span><\/span><\/div><br \/>\n\n<style type=\"text\/css\" data-created_by=\"avia_inline_auto\" id=\"style-css-av-me76ueph-e136fcde9fffead8e29a5a9a2830f3b3\">\n.avia-image-container.av-me76ueph-e136fcde9fffead8e29a5a9a2830f3b3 img.avia_image{\nbox-shadow:none;\n}\n.avia-image-container.av-me76ueph-e136fcde9fffead8e29a5a9a2830f3b3 .av-image-caption-overlay-center{\ncolor:#ffffff;\n}\n<\/style>\n<div  class='avia-image-container av-me76ueph-e136fcde9fffead8e29a5a9a2830f3b3 av-styling- avia-align-center  avia-builder-el-6  el_after_av_hr  avia-builder-el-last '   itemprop=\"image\" itemscope=\"itemscope\" itemtype=\"https:\/\/schema.org\/ImageObject\" ><div class=\"avia-image-container-inner\"><div class=\"avia-image-overlay-wrap\"><img decoding=\"async\" fetchpriority=\"high\" class='wp-image-1051 avia-img-lazy-loading-not-1051 avia_image ' src=\"https:\/\/life3g.de\/wp-content\/uploads\/G2-Radeln-300x189.png\" alt='' title='G2 Radeln'  height=\"189\" width=\"300\"  itemprop=\"thumbnailUrl\" srcset=\"https:\/\/life3g.de\/wp-content\/uploads\/G2-Radeln-300x189.png 300w, https:\/\/life3g.de\/wp-content\/uploads\/G2-Radeln.png 488w\" sizes=\"(max-width: 300px) 100vw, 300px\" \/><\/div><\/div><\/div><\/p><\/div>\n<div  class='flex_column av-bqh1v-fc87c2d02f2563215298b93a3688246e av_two_third  avia-builder-el-7  el_after_av_one_third  el_before_av_two_third  flex_column_div  '     ><section  class='av_textblock_section av-mdn2igd9-6fcc5112be070af6da702e9fb01e0947 '   itemscope=\"itemscope\" itemtype=\"https:\/\/schema.org\/CreativeWork\" ><div class='avia_textblock'  itemprop=\"text\" ><p>Wir freuen uns, dass Sie Teil der LifE<sup>3G<\/sup>-Studie sind.<\/p>\n<p>Sie sollten per Post einen pers\u00f6nlichen Zugangscode erhalten haben \u2013 mit diesem Code k\u00f6nnen Sie an der Onlinebefragung teilnehmen.<\/p>\n<p>In der Befragung m\u00f6chten wir mehr \u00fcber Ihren bisherigen Lebensverlauf erfahren: Welche Stationen haben Sie durchlaufen? Welche Entscheidungen haben Ihren Weg gepr\u00e4gt? Und welche Vorstellungen leiten Sie im Alltag? Aufbauend auf diesem Wissen, wollen wir jetzt das Verh\u00e4ltnis von Kindern und Eltern und die Herausforderungen Ihrer Generation genauer untersuchen: Was bleibt von den ersten pr\u00e4genden Erfahrungen in der Familie, wenn wir erwachsen werden? Wie unterscheiden sich die Lebenswege von Geschwistern? Welche neuen M\u00f6glichkeiten er\u00f6ffnen sich und mit welchen H\u00fcrden hat die junge Generation zu k\u00e4mpfen?<\/p>\n<\/div><\/section><\/div><div  class='flex_column av-fget7-8cb3496254a642bbae60551d326bc260 av_two_third  avia-builder-el-9  el_after_av_two_third  el_before_av_one_third  first flex_column_div  column-top-margin'     ><section  class='av_textblock_section av-me76ptdo-1ba0c403dc4b8834a4660e01af6a2037 '   itemscope=\"itemscope\" itemtype=\"https:\/\/schema.org\/CreativeWork\" ><div class='avia_textblock'  itemprop=\"text\" ><p>Ihre Eltern haben bereits viele Jahre lang an der LifE-Studie teilgenommen. Auch Ihre Gro\u00dfeltern waren in den 1980er Jahren Teil der Befragung. Mit Ihrer Teilnahme wird es nun erstmals m\u00f6glich, Entwicklungen und Unterschiede \u00fcber drei Generationen hinweg wissenschaftlich zu untersuchen.<\/p>\n<p>Die Beantwortung der Fragen dauert etwa 20 bis 30 Minuten und ist bequem online m\u00f6glich \u2013 wann und wo es f\u00fcr Sie passt. Ihre Angaben werden selbstverst\u00e4ndlich streng vertraulich behandelt und anonymisiert ausgewertet. Es gibt keine richtigen oder falschen Antworten \u2013 wichtig ist allein Ihre pers\u00f6nliche Geschichte.<\/p>\n<\/div><\/section><\/div><\/p>\n<div  class='flex_column av-rlf2b-301530a1ebdbeaaef8b3be6ee3ba6532 av_one_third  avia-builder-el-11  el_after_av_two_third  el_before_av_one_fifth  flex_column_div  column-top-margin'     ><p>\n<style type=\"text\/css\" data-created_by=\"avia_inline_auto\" id=\"style-css-av-me76s397-2af4cebd24ce984c4c64b5cf23144ed4\">\n#top .hr.hr-invisible.av-me76s397-2af4cebd24ce984c4c64b5cf23144ed4{\nheight:10px;\n}\n<\/style>\n<div  class='hr av-me76s397-2af4cebd24ce984c4c64b5cf23144ed4 hr-invisible  avia-builder-el-12  el_before_av_image  avia-builder-el-first  av-small-hide av-mini-hide'><span class='hr-inner '><span class=\"hr-inner-style\"><\/span><\/span><\/div><br \/>\n\n<style type=\"text\/css\" data-created_by=\"avia_inline_auto\" id=\"style-css-av-me76raau-8dfd9318d9b542d007ddbed08b332eb3\">\n.avia-image-container.av-me76raau-8dfd9318d9b542d007ddbed08b332eb3 img.avia_image{\nbox-shadow:none;\n}\n.avia-image-container.av-me76raau-8dfd9318d9b542d007ddbed08b332eb3 .av-image-caption-overlay-center{\ncolor:#ffffff;\n}\n<\/style>\n<div  class='avia-image-container av-me76raau-8dfd9318d9b542d007ddbed08b332eb3 av-styling- avia-align-center  avia-builder-el-13  el_after_av_hr  avia-builder-el-last '   itemprop=\"image\" itemscope=\"itemscope\" itemtype=\"https:\/\/schema.org\/ImageObject\" ><div class=\"avia-image-container-inner\"><div class=\"avia-image-overlay-wrap\"><img decoding=\"async\" fetchpriority=\"high\" class='wp-image-1415 avia-img-lazy-loading-not-1415 avia_image ' src=\"https:\/\/life3g.de\/wp-content\/uploads\/Opa-liest-Enkelin-vor-272x300.png\" alt='' title='Opa liest Enkelin vor'  height=\"300\" width=\"272\"  itemprop=\"thumbnailUrl\" srcset=\"https:\/\/life3g.de\/wp-content\/uploads\/Opa-liest-Enkelin-vor-272x300.png 272w, https:\/\/life3g.de\/wp-content\/uploads\/Opa-liest-Enkelin-vor-638x705.png 638w, https:\/\/life3g.de\/wp-content\/uploads\/Opa-liest-Enkelin-vor.png 720w\" sizes=\"(max-width: 272px) 100vw, 272px\" \/><\/div><\/div><\/div><\/p><\/div>\n<div  class='flex_column av-l6jc3-5a5c8e0988a3f5732b9d0543cfb32f3c av_one_fifth  avia-builder-el-14  el_after_av_one_third  el_before_av_three_fifth  first flex_column_div  column-top-margin'     ><\/div>\n<div  class='flex_column av-fsv43-af038d3c0a97b790f8d291db1ce13188 av_three_fifth  avia-builder-el-15  el_after_av_one_fifth  el_before_av_one_fifth  flex_column_div  column-top-margin'     ><p>\n<style type=\"text\/css\" data-created_by=\"avia_inline_auto\" id=\"style-css-av-mek0o3vr-67fda205bd51959719ff5daa967c85b7\">\n#top .hr.hr-invisible.av-mek0o3vr-67fda205bd51959719ff5daa967c85b7{\nheight:25px;\n}\n<\/style>\n<div  class='hr av-mek0o3vr-67fda205bd51959719ff5daa967c85b7 hr-invisible  avia-builder-el-16  el_before_av_image  avia-builder-el-first  av-small-hide av-mini-hide'><span class='hr-inner '><span class=\"hr-inner-style\"><\/span><\/span><\/div><br \/>\n\n<style type=\"text\/css\" data-created_by=\"avia_inline_auto\" id=\"style-css-av-mek0jx98-359c63492ac005a896dccfcbb39b9232\">\n.avia-image-container.av-mek0jx98-359c63492ac005a896dccfcbb39b9232 img.avia_image{\nbox-shadow:none;\n}\n.avia-image-container.av-mek0jx98-359c63492ac005a896dccfcbb39b9232 .av-image-caption-overlay-center{\ncolor:#ffffff;\n}\n<\/style>\n<div  class='avia-image-container av-mek0jx98-359c63492ac005a896dccfcbb39b9232 av-styling- avia-align-center  avia-builder-el-17  el_after_av_hr  avia-builder-el-last '   itemprop=\"image\" itemscope=\"itemscope\" itemtype=\"https:\/\/schema.org\/ImageObject\" ><div class=\"avia-image-container-inner\"><div class=\"avia-image-overlay-wrap\"><a href=\"http:\/\/www.life3g.de\/befragung\" class='avia_image' target=\"_blank\" rel=\"noopener noreferrer\" aria-label='Onlinebefragung'><img decoding=\"async\" fetchpriority=\"high\" class='wp-image-1239 avia-img-lazy-loading-not-1239 avia_image ' src=\"https:\/\/life3g.de\/wp-content\/uploads\/Onlinebefragung.png\" alt='' title='Onlinebefragung'  height=\"268\" width=\"891\"  itemprop=\"thumbnailUrl\" srcset=\"https:\/\/life3g.de\/wp-content\/uploads\/Onlinebefragung.png 891w, https:\/\/life3g.de\/wp-content\/uploads\/Onlinebefragung-300x90.png 300w, https:\/\/life3g.de\/wp-content\/uploads\/Onlinebefragung-768x231.png 768w, https:\/\/life3g.de\/wp-content\/uploads\/Onlinebefragung-705x212.png 705w\" sizes=\"(max-width: 891px) 100vw, 891px\" \/><\/a><\/div><\/div><\/div><\/p><\/div>\n<div  class='flex_column av-avjmj-9326ad7e62c8a57ca7bdb6e7942477c8 av_one_fifth  avia-builder-el-18  el_after_av_three_fifth  el_before_av_one_full  flex_column_div  column-top-margin'     ><\/div>\n<div  class='flex_column av-7se2z-9af626634a605413ee05269a66014521 av_one_full  avia-builder-el-19  el_after_av_one_fifth  el_before_av_hr  first flex_column_div  column-top-margin'     ><section  class='av_textblock_section av-me76tnk2-bd8a9343114e77d09dcfd7d42b947199 '   itemscope=\"itemscope\" itemtype=\"https:\/\/schema.org\/CreativeWork\" ><div class='avia_textblock'  itemprop=\"text\" ><p>Sollten Sie ihren Zugangscode nicht mehr finden oder Fragen zur Onlineumfrage haben, k\u00f6nnen Sie sich gerne bei uns melden. Sie k\u00f6nnen uns eine E-Mail an info@life3g.de schreiben, das <a href=\"https:\/\/life3g.de\/kontakt\/\">Kontaktformular<\/a> auf der Website verwenden oder uns unter 0049 (0)331 \u2013 977 2525 anrufen. Wir helfen Ihnen gerne weiter!<\/p>\n<p>Vielen Dank, dass Sie sich Zeit nehmen und Ihre Erfahrungen mit uns teilen. Ihre Teilnahme ist ein wichtiger Beitrag f\u00fcr die Forschung \u00fcber Familie, Gesellschaft und Wandel.<\/p>\n<\/div><\/section><\/div>\n\n<style type=\"text\/css\" data-created_by=\"avia_inline_auto\" id=\"style-css-av-93ezf-106a36580b626321fbdd3ab1aa241c39\">\n#top .hr.hr-invisible.av-93ezf-106a36580b626321fbdd3ab1aa241c39{\nheight:30px;\n}\n<\/style>\n<div  class='hr av-93ezf-106a36580b626321fbdd3ab1aa241c39 hr-invisible  avia-builder-el-21  el_after_av_one_full  avia-builder-el-last '><span class='hr-inner '><span class=\"hr-inner-style\"><\/span><\/span><\/div>\n","protected":false},"excerpt":{"rendered":"","protected":false},"author":2,"featured_media":0,"parent":815,"menu_order":1,"comment_status":"closed","ping_status":"closed","template":"","meta":{"footnotes":""},"class_list":["post-931","page","type-page","status-publish","hentry"],"_links":{"self":[{"href":"https:\/\/life3g.de\/en\/wp-json\/wp\/v2\/pages\/931","targetHints":{"allow":["GET"]}}],"collection":[{"href":"https:\/\/life3g.de\/en\/wp-json\/wp\/v2\/pages"}],"about":[{"href":"https:\/\/life3g.de\/en\/wp-json\/wp\/v2\/types\/page"}],"author":[{"embeddable":true,"href":"https:\/\/life3g.de\/en\/wp-json\/wp\/v2\/users\/2"}],"replies":[{"embeddable":true,"href":"https:\/\/life3g.de\/en\/wp-json\/wp\/v2\/comments?post=931"}],"version-history":[{"count":30,"href":"https:\/\/life3g.de\/en\/wp-json\/wp\/v2\/pages\/931\/revisions"}],"predecessor-version":[{"id":1498,"href":"https:\/\/life3g.de\/en\/wp-json\/wp\/v2\/pages\/931\/revisions\/1498"}],"up":[{"embeddable":true,"href":"https:\/\/life3g.de\/en\/wp-json\/wp\/v2\/pages\/815"}],"wp:attachment":[{"href":"https:\/\/life3g.de\/en\/wp-json\/wp\/v2\/media?parent=931"}],"curies":[{"name":"wp","href":"https:\/\/api.w.org\/{rel}","templated":true}]}}